{"id":2,"date":"2024-04-09T09:16:25","date_gmt":"2024-04-09T12:16:25","guid":{"rendered":"https:\/\/barilocheexperience.com.ar\/?page_id=2"},"modified":"2024-04-09T09:16:25","modified_gmt":"2024-04-09T12:16:25","slug":"pagina-ejemplo","status":"publish","type":"page","link":"https:\/\/barilocheexperience.com.ar\/en\/pagina-ejemplo\/","title":{"rendered":"Example page"},"content":{"rendered":"<p>This is an example page. It is different from a blog post because it will stay in one place and will appear in your site navigation (in most themes). Most people start with an \"About\" page that introduces them to potential site visitors. You could say something like this:<\/p>\n\n\n\n<blockquote class=\"wp-block-quote is-layout-flow wp-block-quote-is-layout-flow\"><p>Hi! I'm a bike messenger by day, an aspiring actor by night, and this is my website. I live in Los Angeles, I have a big dog named Jack, and I like pi\u00f1a coladas. (And getting caught in the rain.)<\/p><\/blockquote>\n\n\n\n<p>...or something like this:<\/p>\n\n\n\n<blockquote class=\"wp-block-quote is-layout-flow wp-block-quote-is-layout-flow\"><p>XYZ Trasto was founded in 1971, and has been providing quality junk to the public ever since. Located in Gotham City, XYZ employs over 2000 people and does all kinds of amazing things for the Gotham community.<\/p><\/blockquote>\n\n\n\n<p>As a new WordPress user, you should go to <a href=\"https:\/\/barilocheexperience.com.ar\/wp-admin\/\">your desktop<\/a> to delete this page and create new pages for your content. Have fun!<\/p>","protected":false},"excerpt":{"rendered":"Esta es una p\u00e1gina de ejemplo. Es diferente a una entrada del blog porque permanecer\u00e1 en un solo lugar y aparecer\u00e1 en la navegaci\u00f3n de tu sitio (en la mayor\u00eda de los temas). La mayor\u00eda de las personas comienzan con una p\u00e1gina &#8220;Acerca de&#8221; que los presenta a los visitantes potenciales del sitio. Podr\u00edas decir&#8230;","protected":false},"author":1,"featured_media":0,"parent":0,"menu_order":0,"comment_status":"closed","ping_status":"open","template":"","meta":{"_acf_changed":false,"footnotes":""},"class_list":["post-2","page","type-page","status-publish","hentry"],"acf":[],"_links":{"self":[{"href":"https:\/\/barilocheexperience.com.ar\/en\/wp-json\/wp\/v2\/pages\/2","targetHints":{"allow":["GET"]}}],"collection":[{"href":"https:\/\/barilocheexperience.com.ar\/en\/wp-json\/wp\/v2\/pages"}],"about":[{"href":"https:\/\/barilocheexperience.com.ar\/en\/wp-json\/wp\/v2\/types\/page"}],"author":[{"embeddable":true,"href":"https:\/\/barilocheexperience.com.ar\/en\/wp-json\/wp\/v2\/users\/1"}],"replies":[{"embeddable":true,"href":"https:\/\/barilocheexperience.com.ar\/en\/wp-json\/wp\/v2\/comments?post=2"}],"version-history":[{"count":0,"href":"https:\/\/barilocheexperience.com.ar\/en\/wp-json\/wp\/v2\/pages\/2\/revisions"}],"wp:attachment":[{"href":"https:\/\/barilocheexperience.com.ar\/en\/wp-json\/wp\/v2\/media?parent=2"}],"curies":[{"name":"wp","href":"https:\/\/api.w.org\/{rel}","templated":true}]}}