{"id":15152,"date":"2024-08-12T12:21:01","date_gmt":"2024-08-12T15:21:01","guid":{"rendered":"https:\/\/barilocheexperience.com.ar\/product\/el-bolson-y-lago-puelo\/"},"modified":"2026-04-08T16:12:26","modified_gmt":"2026-04-08T19:12:26","slug":"el-bolson-y-lago-puelo","status":"publish","type":"product","link":"https:\/\/barilocheexperience.com.ar\/en\/experiencia\/el-bolson-y-lago-puelo\/","title":{"rendered":"El Bols\u00f3n and Lago Puelo"},"content":{"rendered":"<p>\u23f0 Hours: 08:30 to 18:30<br \/>\n\ud83d\uddd3\ufe0f Departures: Thursdays and Saturdays<br \/>\nDuration: Full day<\/p>\n<p>Discover the magic of Patagonia on this excursion that will take you from Bariloche to the charming town of El Bols\u00f3n and the crystalline Lago Puelo.<br \/>\nYou will travel through lakes such as Guti\u00e9rrez, Mascardi and Guillelmo, crossing dream landscapes such as Pampa del Toro and Ca\u00f1ad\u00f3n de la Mosca. You will reach El Bols\u00f3n, a valley surrounded by mountains, known for its ideal climate, its production of fine fruits and hops, and its rich local craftsmanship. \ud83c\udf7a\ud83c\udf53<\/p>\n<p>Then, you will cross into the province of Chubut to marvel at the emerald waters of Lago Puelo.<\/p>\n<p>\u2705 Includes:<br \/>\n\u2714\ufe0f Round trip transfer<br \/>\n\u2714\ufe0f Professional guide in Spanish throughout the tour.<br \/>\n-Stops at local producers: regional confectionery processing plant, trout hatchery \ud83d\udc1f and fine fruit plantations.<br \/>\n-Visit to the fair in the central square of El Bols\u00f3n.<\/p>\n<p>\u274c Does not include:<br \/>\n\ud83c\udf7d\ufe0f Lunch<br \/>\n\ud83c\udf3f Entrance to the National Park<\/p>","protected":false},"excerpt":{"rendered":"We go along lakes and across places through the Ca\u00f1ad\u00f3n de la Mosca. El Bols\u00f3n is a small town located at the base of Cerro Piltriquitron.","protected":false},"featured_media":14949,"template":"","meta":{"_acf_changed":false},"product_brand":[],"product_cat":[226],"product_tag":[],"class_list":{"0":"post-15152","1":"product","2":"type-product","3":"status-publish","4":"has-post-thumbnail","6":"product_format-product-format-tour","7":"product_cat-excursiones-terrestres","9":"first","10":"instock","11":"shipping-taxable","12":"product-type-external"},"acf":[],"_links":{"self":[{"href":"https:\/\/barilocheexperience.com.ar\/en\/wp-json\/wp\/v2\/product\/15152","targetHints":{"allow":["GET"]}}],"collection":[{"href":"https:\/\/barilocheexperience.com.ar\/en\/wp-json\/wp\/v2\/product"}],"about":[{"href":"https:\/\/barilocheexperience.com.ar\/en\/wp-json\/wp\/v2\/types\/product"}],"version-history":[{"count":6,"href":"https:\/\/barilocheexperience.com.ar\/en\/wp-json\/wp\/v2\/product\/15152\/revisions"}],"predecessor-version":[{"id":16402,"href":"https:\/\/barilocheexperience.com.ar\/en\/wp-json\/wp\/v2\/product\/15152\/revisions\/16402"}],"wp:featuredmedia":[{"embeddable":true,"href":"https:\/\/barilocheexperience.com.ar\/en\/wp-json\/wp\/v2\/media\/14949"}],"wp:attachment":[{"href":"https:\/\/barilocheexperience.com.ar\/en\/wp-json\/wp\/v2\/media?parent=15152"}],"wp:term":[{"taxonomy":"product_brand","embeddable":true,"href":"https:\/\/barilocheexperience.com.ar\/en\/wp-json\/wp\/v2\/product_brand?post=15152"},{"taxonomy":"product_cat","embeddable":true,"href":"https:\/\/barilocheexperience.com.ar\/en\/wp-json\/wp\/v2\/product_cat?post=15152"},{"taxonomy":"product_tag","embeddable":true,"href":"https:\/\/barilocheexperience.com.ar\/en\/wp-json\/wp\/v2\/product_tag?post=15152"}],"curies":[{"name":"wp","href":"https:\/\/api.w.org\/{rel}","templated":true}]}}