{"id":15982,"date":"2025-08-25T06:11:46","date_gmt":"2025-08-25T09:11:46","guid":{"rendered":"https:\/\/barilocheexperience.com.ar\/?post_type=product&#038;p=15982"},"modified":"2026-04-08T13:01:34","modified_gmt":"2026-04-08T16:01:34","slug":"canopy","status":"publish","type":"product","link":"https:\/\/barilocheexperience.com.ar\/en\/experiencia\/canopy\/","title":{"rendered":"Canopy"},"content":{"rendered":"<p>Canopy<br \/>\n$\u00a085.000,00<br \/>\n\u23f0 Horarios de Excursi\u00f3n:<\/p>\n<p>\ud83d\udd59 Turnos disponibles: 10:00 hs | 12:00 hs | 14:00 hs<\/p>\n<p>\ud83d\udcc5 Departures every day<br \/>\n\ud83c\udf27\ufe0f El tour no se suspende por lluvia<br \/>\n\u231b Duraci\u00f3n estimada: 2 horas (aprox.)<\/p>\n<p>\ud83c\udf32 Canopy \u2013 Vol\u00e1 entre los \u00e1rboles de la Patagonia<br \/>\nI experienced the incredible sensation of flying over the forest, contemplating unique landscapes from above that would be impossible to see from the ground.<\/p>\n<p>La aventura comienza con la colocaci\u00f3n del equipo de seguridad, seguido de un ascenso en veh\u00edculo 4&#215;4 por la monta\u00f1a hasta llegar a un bosque de coihues de m\u00e1s de 250 a\u00f1os. Desde all\u00ed, una breve caminata te lleva a la primera plataforma de despegue.<\/p>\n<p>El recorrido total es de 1500 metros de cable a\u00e9reo, distribuidos en distintas plataformas, lo que lo convierte en uno de los circuitos de canopy m\u00e1s largos de Sudam\u00e9rica.<\/p>\n<p>No se necesita fuerza ni conocimientos previos, por lo que es una experiencia segura y apta para toda la familia.<\/p>\n<p>\u2705 Includes:<br \/>\n\u2714\ufe0f Casco, arn\u00e9s profesional, poleas, guantes y equipo certificado (PETZL)<br \/>\n\u2714\ufe0f Gu\u00eda profesional<br \/>\n\u2714\ufe0f Seguro durante la actividad<\/p>\n<p>\u274c Does not include:<br \/>\n\u2716\ufe0f Traslado al lugar (opcional)<\/p>\n<p>\ud83d\udcb8 Tarifas:<br \/>\n\ud83d\udc68\ud83c\udffd\u200d\ud83e\uddb1Mayores 10 a\u00f1os: ARS $85.000<br \/>\n\ud83d\udc66 Menores de 5 a 10 a\u00f1os: ARS $75.000<br \/>\n\ud83d\ude90 Traslado opcional: ARS $35.000<\/p>\n<p>\ud83d\udccd Punto de encuentro: A confirmar al momento de la reserva<\/p>","protected":false},"excerpt":{"rendered":"\u00dabicaci\u00f3n:\u00a0Cerro Lopez\nIncluye:\n-Traslado de ida y vuelta a la ciudad\n-4&#215;4 hasta el circuito\n-Canopy completo de 12 plataformas sumando m\u00e1s de 1600mts de vuelo","protected":false},"featured_media":15986,"template":"","meta":{"_acf_changed":false},"product_brand":[],"product_cat":[227],"product_tag":[],"class_list":{"0":"post-15982","1":"product","2":"type-product","3":"status-publish","4":"has-post-thumbnail","6":"product_format-product-format-tour","7":"product_cat-excursiones-aventura","9":"first","10":"instock","11":"shipping-taxable","12":"product-type-external"},"acf":[],"_links":{"self":[{"href":"https:\/\/barilocheexperience.com.ar\/en\/wp-json\/wp\/v2\/product\/15982","targetHints":{"allow":["GET"]}}],"collection":[{"href":"https:\/\/barilocheexperience.com.ar\/en\/wp-json\/wp\/v2\/product"}],"about":[{"href":"https:\/\/barilocheexperience.com.ar\/en\/wp-json\/wp\/v2\/types\/product"}],"version-history":[{"count":6,"href":"https:\/\/barilocheexperience.com.ar\/en\/wp-json\/wp\/v2\/product\/15982\/revisions"}],"predecessor-version":[{"id":16504,"href":"https:\/\/barilocheexperience.com.ar\/en\/wp-json\/wp\/v2\/product\/15982\/revisions\/16504"}],"wp:featuredmedia":[{"embeddable":true,"href":"https:\/\/barilocheexperience.com.ar\/en\/wp-json\/wp\/v2\/media\/15986"}],"wp:attachment":[{"href":"https:\/\/barilocheexperience.com.ar\/en\/wp-json\/wp\/v2\/media?parent=15982"}],"wp:term":[{"taxonomy":"product_brand","embeddable":true,"href":"https:\/\/barilocheexperience.com.ar\/en\/wp-json\/wp\/v2\/product_brand?post=15982"},{"taxonomy":"product_cat","embeddable":true,"href":"https:\/\/barilocheexperience.com.ar\/en\/wp-json\/wp\/v2\/product_cat?post=15982"},{"taxonomy":"product_tag","embeddable":true,"href":"https:\/\/barilocheexperience.com.ar\/en\/wp-json\/wp\/v2\/product_tag?post=15982"}],"curies":[{"name":"wp","href":"https:\/\/api.w.org\/{rel}","templated":true}]}}