{"id":16062,"date":"2025-08-25T09:32:02","date_gmt":"2025-08-25T12:32:02","guid":{"rendered":"https:\/\/barilocheexperience.com.ar\/?post_type=product&#038;p=16062"},"modified":"2026-04-21T09:51:57","modified_gmt":"2026-04-21T12:51:57","slug":"caminata-a-laguna-congelada","status":"publish","type":"product","link":"https:\/\/barilocheexperience.com.ar\/en\/experiencia\/caminata-a-laguna-congelada\/","title":{"rendered":"Hike to Laguna Congelada"},"content":{"rendered":"<p class=\"_28USrA GEC0sA XN6uKA\"><span class=\"a_GcMg\">Exclusive access by 4\u00d74<\/span><\/p>\n<p class=\"_28USrA GEC0sA XN6uKA\"><span class=\"a_GcMg\">We ascend through an exclusive route to the Neumeyer Refuge, located in the middle of the mountain inside the Nahuel Huapi National Park.<\/span><\/p>\n<p class=\"_28USrA GEC0sA XN6uKA\"><span class=\"a_GcMg\">Hike to the Frozen Lagoon<\/span><\/p>\n<p class=\"_28USrA GEC0sA XN6uKA\"><span class=\"a_GcMg\">A guided tour through the Andean-Patagonian forest until you reach a completely frozen lagoon, a unique natural spectacle !<\/span><\/p>\n<p class=\"_28USrA GEC0sA XN6uKA\"><span class=\"a_GcMg\">After the hike, I continued to enjoy an afternoon of playing in the snow.<\/span><\/p>\n<p class=\"_28USrA GEC0sA XN6uKA\"><span class=\"a_GcMg\">Lunch at the refuge<\/span><\/p>\n<p class=\"_28USrA GEC0sA XN6uKA\"><span class=\"a_GcMg\">Lunch is served in the cozy lodge with excellent service.<\/span><\/p>\n<p class=\"_28USrA GEC0sA XN6uKA\"><span class=\"a_GcMg\">Includes:<\/span><\/p>\n<ul class=\"JS2Zuw\">\n<li class=\"XN6uKA hhtymQ _28USrA GEC0sA OMps6g\">\n<p class=\"J4GZTQ\"><span class=\"a_GcMg\">Transfer to and from the refuge<\/span><\/p>\n<\/li>\n<li class=\"XN6uKA hhtymQ _28USrA GEC0sA OMps6g\">\n<p class=\"J4GZTQ\"><span class=\"a_GcMg\">Guided hike to the Frozen Lagoon<\/span><\/p>\n<\/li>\n<li class=\"XN6uKA hhtymQ _28USrA GEC0sA OMps6g\">\n<p class=\"J4GZTQ\"><span class=\"a_GcMg\">Games with sleds (culipat\u00edn)<\/span><\/p>\n<\/li>\n<li class=\"XN6uKA hhtymQ _28USrA GEC0sA OMps6g\">\n<p class=\"J4GZTQ\"><span class=\"a_GcMg\">Complete lunch<\/span><\/p>\n<\/li>\n<li class=\"XN6uKA hhtymQ _28USrA GEC0sA OMps6g\">\n<p class=\"J4GZTQ\"><span class=\"a_GcMg\">Hot drink + fried cakes on arrival<\/span><\/p>\n<\/li>\n<\/ul>","protected":false},"excerpt":{"rendered":"Acceso exclusivo en 4&#215;4 Ascendemos por una ruta exclusiva hasta el Refugio Neumeyer, ubicado en plena monta\u00f1a dentro del Parque Nacional Nahuel Huapi. Caminata a la Laguna Congelada Un recorrido guiado por el bosque andino-patag\u00f3nico hasta llegar a una laguna completamente congelada, un espect\u00e1culo natural \u00fanico ! Despu\u00e9s de la caminata, segu\u00ed disfrutando una tarde&#8230;","protected":false},"featured_media":16063,"template":"","meta":{"_acf_changed":false},"product_brand":[],"product_cat":[227],"product_tag":[],"class_list":{"0":"post-16062","1":"product","2":"type-product","3":"status-publish","4":"has-post-thumbnail","6":"product_format-product-format-tour","7":"product_cat-excursiones-aventura","9":"first","10":"instock","11":"shipping-taxable","12":"product-type-external"},"acf":[],"_links":{"self":[{"href":"https:\/\/barilocheexperience.com.ar\/en\/wp-json\/wp\/v2\/product\/16062","targetHints":{"allow":["GET"]}}],"collection":[{"href":"https:\/\/barilocheexperience.com.ar\/en\/wp-json\/wp\/v2\/product"}],"about":[{"href":"https:\/\/barilocheexperience.com.ar\/en\/wp-json\/wp\/v2\/types\/product"}],"version-history":[{"count":3,"href":"https:\/\/barilocheexperience.com.ar\/en\/wp-json\/wp\/v2\/product\/16062\/revisions"}],"predecessor-version":[{"id":16089,"href":"https:\/\/barilocheexperience.com.ar\/en\/wp-json\/wp\/v2\/product\/16062\/revisions\/16089"}],"wp:featuredmedia":[{"embeddable":true,"href":"https:\/\/barilocheexperience.com.ar\/en\/wp-json\/wp\/v2\/media\/16063"}],"wp:attachment":[{"href":"https:\/\/barilocheexperience.com.ar\/en\/wp-json\/wp\/v2\/media?parent=16062"}],"wp:term":[{"taxonomy":"product_brand","embeddable":true,"href":"https:\/\/barilocheexperience.com.ar\/en\/wp-json\/wp\/v2\/product_brand?post=16062"},{"taxonomy":"product_cat","embeddable":true,"href":"https:\/\/barilocheexperience.com.ar\/en\/wp-json\/wp\/v2\/product_cat?post=16062"},{"taxonomy":"product_tag","embeddable":true,"href":"https:\/\/barilocheexperience.com.ar\/en\/wp-json\/wp\/v2\/product_tag?post=16062"}],"curies":[{"name":"wp","href":"https:\/\/api.w.org\/{rel}","templated":true}]}}