{"id":16080,"date":"2025-08-25T11:17:47","date_gmt":"2025-08-25T14:17:47","guid":{"rendered":"https:\/\/barilocheexperience.com.ar\/?post_type=product&#038;p=16080"},"modified":"2025-08-25T12:03:14","modified_gmt":"2025-08-25T15:03:14","slug":"kayak-lago-gutierrez","status":"publish","type":"product","link":"https:\/\/barilocheexperience.com.ar\/en\/experiencia\/kayak-lago-gutierrez\/","title":{"rendered":"Kayaking Gutierrez Lake"},"content":{"rendered":"<p class=\"_28USrA GEC0sA XN6uKA\"><span class=\"a_GcMg\">Live an unforgettable experience exploring the calm waters of Lake Gutierrez, surrounded by mountains, nature and the unique peace of Patagonia. Ideal for those seeking adventure in contact with nature.<\/span><\/p>\n<p class=\"_28USrA GEC0sA XN6uKA\"><span class=\"a_GcMg\">Experience:<\/span><\/p>\n<p class=\"_28USrA GEC0sA XN6uKA\"><span class=\"a_GcMg\">Before starting the trip, the guide will give a technical and safety briefing to ensure a safe and pleasant experience.<br \/>\nThen, we will start kayaking, touring the hidden bays of the lake, while discovering the characteristic flora and fauna of the region.<\/span><\/p>\n<p class=\"_28USrA GEC0sA XN6uKA\"><span class=\"a_GcMg\">Halfway through the tour, we will stop at a beach to enjoy a refreshment.<\/span><span class=\"a_GcMg\">\u2615\ud83c\udf6a<\/span><span class=\"a_GcMg\">rest and then continue<\/span><span class=\"a_GcMg\">ar <\/span><span class=\"a_GcMg\">rowing back.<\/span><\/p>\n<div class=\"_28USrA GEC0sA XN6uKA\"><\/div>\n<p class=\"_28USrA GEC0sA XN6uKA\"><span class=\"a_GcMg\">Includes:<\/span><\/p>\n<ul class=\"JS2Zuw\">\n<li class=\"XN6uKA hhtymQ _28USrA GEC0sA OMps6g\">\n<p class=\"J4GZTQ\"><span class=\"a_GcMg\">Roundtrip transfers<\/span><\/p>\n<\/li>\n<li class=\"XN6uKA hhtymQ _28USrA GEC0sA OMps6g\">\n<p class=\"J4GZTQ\"><span class=\"a_GcMg\">Specialized guide<\/span><\/p>\n<\/li>\n<li class=\"XN6uKA hhtymQ _28USrA GEC0sA OMps6g\">\n<p class=\"J4GZTQ\"><span class=\"a_GcMg\">Complete kayak equipment<\/span><\/p>\n<\/li>\n<li class=\"XN6uKA hhtymQ _28USrA GEC0sA OMps6g\">\n<p class=\"J4GZTQ\"><span class=\"a_GcMg\">Safe Refreshment<\/span><\/p>\n<\/li>\n<\/ul>","protected":false},"excerpt":{"rendered":"Viv\u00ed una experiencia inolvidable explorando las tranquilas aguas del Lago Guti\u00e9rrez, rodeado de monta\u00f1as, naturaleza y la paz \u00fanica de la Patagonia. Ideal para quienes buscan aventura en contacto con la naturaleza. La experiencia: Antes de comenzar la traves\u00eda, el gu\u00eda brindar\u00e1 una charla t\u00e9cnica y de seguridad para asegurar una experiencia segura y agradable&#8230;.","protected":false},"featured_media":16083,"template":"","meta":{"_acf_changed":false},"product_brand":[],"product_cat":[227],"product_tag":[],"class_list":{"0":"post-16080","1":"product","2":"type-product","3":"status-publish","4":"has-post-thumbnail","6":"product_format-product-format-tour","7":"product_cat-excursiones-aventura","9":"first","10":"instock","11":"shipping-taxable","12":"product-type-external"},"acf":[],"_links":{"self":[{"href":"https:\/\/barilocheexperience.com.ar\/en\/wp-json\/wp\/v2\/product\/16080","targetHints":{"allow":["GET"]}}],"collection":[{"href":"https:\/\/barilocheexperience.com.ar\/en\/wp-json\/wp\/v2\/product"}],"about":[{"href":"https:\/\/barilocheexperience.com.ar\/en\/wp-json\/wp\/v2\/types\/product"}],"version-history":[{"count":3,"href":"https:\/\/barilocheexperience.com.ar\/en\/wp-json\/wp\/v2\/product\/16080\/revisions"}],"predecessor-version":[{"id":16091,"href":"https:\/\/barilocheexperience.com.ar\/en\/wp-json\/wp\/v2\/product\/16080\/revisions\/16091"}],"wp:featuredmedia":[{"embeddable":true,"href":"https:\/\/barilocheexperience.com.ar\/en\/wp-json\/wp\/v2\/media\/16083"}],"wp:attachment":[{"href":"https:\/\/barilocheexperience.com.ar\/en\/wp-json\/wp\/v2\/media?parent=16080"}],"wp:term":[{"taxonomy":"product_brand","embeddable":true,"href":"https:\/\/barilocheexperience.com.ar\/en\/wp-json\/wp\/v2\/product_brand?post=16080"},{"taxonomy":"product_cat","embeddable":true,"href":"https:\/\/barilocheexperience.com.ar\/en\/wp-json\/wp\/v2\/product_cat?post=16080"},{"taxonomy":"product_tag","embeddable":true,"href":"https:\/\/barilocheexperience.com.ar\/en\/wp-json\/wp\/v2\/product_tag?post=16080"}],"curies":[{"name":"wp","href":"https:\/\/api.w.org\/{rel}","templated":true}]}}