{"id":16092,"date":"2025-08-26T15:43:52","date_gmt":"2025-08-26T18:43:52","guid":{"rendered":"https:\/\/barilocheexperience.com.ar\/?post_type=product&#038;p=16092"},"modified":"2026-04-08T16:02:45","modified_gmt":"2026-04-08T19:02:45","slug":"extremo-encantado","status":"publish","type":"product","link":"https:\/\/barilocheexperience.com.ar\/en\/experiencia\/extremo-encantado\/","title":{"rendered":"Extremo Encantado - Dinner Show"},"content":{"rendered":"<p class=\"_28USrA GEC0sA XN6uKA\"><span class=\"a_GcMg\">We left from the center to the base of Cerro Lopez and from there we got on 4\u00d74 trucks in search of a breathtaking<\/span><span class=\"a_GcMg\"><br \/>\n<\/span><span class=\"a_GcMg\">adventure traveling through a mountain road that is approximately 4km long and from where you can appreciate the inside of the mountain.<\/span><span class=\"a_GcMg\"><br \/>\n<\/span><span class=\"a_GcMg\">We will enjoy an incredible sunset over the entire Nahuel Huapi Lake. At the end of the tour a warm refuge awaits you.<\/span><span class=\"a_GcMg\"><br \/>\n<\/span><span class=\"a_GcMg\">so that the whole family can enjoy a delicious cheese fondeau.<\/span><\/p>\n<p class=\"_28USrA GEC0sA XN6uKA\"><span class=\"a_GcMg\">WHAT IS INCLUDED<\/span><\/p>\n<p class=\"_28USrA GEC0sA XN6uKA\"><span class=\"a_GcMg\">- Transfer by van from downtown to the base of Cerro Lopez and back.<\/span><\/p>\n<p class=\"_28USrA GEC0sA XN6uKA\"><span class=\"a_GcMg\">- Climbing in 4\u00d74 trucks<\/span><\/p>\n<p class=\"_28USrA GEC0sA XN6uKA\"><span class=\"a_GcMg\">- Led torch walk<\/span><\/p>\n<p class=\"_28USrA GEC0sA XN6uKA\"><span class=\"a_GcMg\">- Complete dinner<\/span><\/p>\n<p class=\"_28USrA GEC0sA XN6uKA\"><span class=\"a_GcMg\">- Live music show<\/span><\/p>\n<p class=\"_28USrA GEC0sA XN6uKA\"><span class=\"a_GcMg\">- Descent by 4\u00d74 and return<\/span><\/p>\n<p class=\"_28USrA GEC0sA XN6uKA\"><span class=\"a_GcMg\">DINNER<\/span><\/p>\n<p class=\"_28USrA GEC0sA XN6uKA\"><span class=\"a_GcMg\">- Appetizer: meat empanada<\/span><\/p>\n<p class=\"_28USrA GEC0sA XN6uKA\"><span class=\"a_GcMg\">- Main: Cheese fondueau with about 10 different dips\/accompaniments: carrot, potato, croutons, ravioli,<\/span><span class=\"a_GcMg\"><br \/>\n<\/span><span class=\"a_GcMg\">ham, etc)<\/span><\/p>\n<p class=\"_28USrA GEC0sA XN6uKA\"><span class=\"a_GcMg\">- Dessert: strudel with cream<\/span><\/p>\n<p class=\"_28USrA GEC0sA XN6uKA\"><span class=\"a_GcMg\">Drinks NOT INCLUDED<\/span><\/p>\n<div class=\"_28USrA GEC0sA XN6uKA\"><\/div>\n<p class=\"_28USrA GEC0sA XN6uKA\"><span class=\"a_GcMg\">RATE: $200.000 adults \/ $150.000 children from 4 to 12 years of age<\/span><\/p>","protected":false},"excerpt":{"rendered":"Partimos desde el centro hacia la base del Cerro L\u00f3pez y desde ah\u00ed nos subimos a camionetas 4&#215;4 en busca de una alucinante aventura transitando por un camino de monta\u00f1a que tiene aproximadamente 4km y desde donde se puede apreciar dentro de las 4&#215;4 un increible atardecer sobre la totalidad del Lago Nahuel Huapi. Al&#8230;","protected":false},"featured_media":16506,"template":"","meta":{"_acf_changed":false},"product_brand":[],"product_cat":[231],"product_tag":[],"class_list":{"0":"post-16092","1":"product","2":"type-product","3":"status-publish","4":"has-post-thumbnail","6":"product_format-product-format-tour","7":"product_cat-excursiones-gastronomicas","9":"first","10":"instock","11":"shipping-taxable","12":"product-type-external"},"acf":[],"_links":{"self":[{"href":"https:\/\/barilocheexperience.com.ar\/en\/wp-json\/wp\/v2\/product\/16092","targetHints":{"allow":["GET"]}}],"collection":[{"href":"https:\/\/barilocheexperience.com.ar\/en\/wp-json\/wp\/v2\/product"}],"about":[{"href":"https:\/\/barilocheexperience.com.ar\/en\/wp-json\/wp\/v2\/types\/product"}],"version-history":[{"count":3,"href":"https:\/\/barilocheexperience.com.ar\/en\/wp-json\/wp\/v2\/product\/16092\/revisions"}],"predecessor-version":[{"id":16164,"href":"https:\/\/barilocheexperience.com.ar\/en\/wp-json\/wp\/v2\/product\/16092\/revisions\/16164"}],"wp:featuredmedia":[{"embeddable":true,"href":"https:\/\/barilocheexperience.com.ar\/en\/wp-json\/wp\/v2\/media\/16506"}],"wp:attachment":[{"href":"https:\/\/barilocheexperience.com.ar\/en\/wp-json\/wp\/v2\/media?parent=16092"}],"wp:term":[{"taxonomy":"product_brand","embeddable":true,"href":"https:\/\/barilocheexperience.com.ar\/en\/wp-json\/wp\/v2\/product_brand?post=16092"},{"taxonomy":"product_cat","embeddable":true,"href":"https:\/\/barilocheexperience.com.ar\/en\/wp-json\/wp\/v2\/product_cat?post=16092"},{"taxonomy":"product_tag","embeddable":true,"href":"https:\/\/barilocheexperience.com.ar\/en\/wp-json\/wp\/v2\/product_tag?post=16092"}],"curies":[{"name":"wp","href":"https:\/\/api.w.org\/{rel}","templated":true}]}}