{"id":16429,"date":"2026-04-07T17:17:46","date_gmt":"2026-04-07T20:17:46","guid":{"rendered":"https:\/\/barilocheexperience.com.ar\/?post_type=product&#038;p=16429"},"modified":"2026-04-10T12:50:00","modified_gmt":"2026-04-10T15:50:00","slug":"huella-del-tiempo","status":"publish","type":"product","link":"https:\/\/barilocheexperience.com.ar\/en\/experiencia\/huella-del-tiempo\/","title":{"rendered":"Quad Biking Experience in the Steppe \u2013 Footprint of Time"},"content":{"rendered":"<p>Quad Biking Experience in the Steppe \u2013 Footprint of Time<br \/>\nFootprint of Time<br \/>\nARS 250,000.00<br \/>\nDepartures: Daily<br \/>\n\u23f0 Hours: 9:00 AM to 1:00 PM \/ 2:00 PM to 6:00 PM<br \/>\n\u231b Duration: Half day in the morning\/afternoon<\/p>\n<p>\ud83d\ude90 Itinerary and experience:<\/p>\n<p>Nueva actividad de aventura de baja dificultad. La excursi\u00f3n empieza con la b\u00fasqueda por los hoteles para luego dirigirnos hacia Dina Huapi para tomar la ruta 23 hasta Pichi Leufu (1 hora desde Bariloche). El viaje se realiza acompa\u00f1ado por un gu\u00eda y coordinador que los introducir\u00e1 en la historia y geograf\u00eda de la zona.<\/p>\n<p>\ud83c\udfcd\ufe0f Arribamos al campo en el medio de la estepa donde nos est\u00e1ran esperando con los cuatriciclos.<br \/>\nTendremos de una charla instructiva y de seguridad. Nos pondremos los cascos y guantes y emprenderemos nuestra aventura. Vamos a seguir a nuestro gu\u00eda por 1:30 hrs, por un circuito donde vadearemos el rio Pichi Leufu haciendo diferentes paradas para sacar fotograf\u00edas. \ud83e\udd50Llegaremos a una caba\u00f1a donde disfrutaremos un desayuno\/merienda completo a la orilla del r\u00edo.\ud83e\uded6<br \/>\nEstaremos aproximadamente 1 hora , para volver a tomar los cuatriciclos y conducirlos por unos 15 minutos para regresar al punto de partida donde nos espera el transfer para regresar a Bariloche .<\/p>\n<p>\u2705 Includes:<br \/>\nRound trip transfer to the countryside<br \/>\n\u2714\ufe0f Spanish guide throughout the tour<br \/>\nToolbox talk safety + helmet<br \/>\n\u2714\ufe0f Seguro de responsabilidad civil y accidentes personales<br \/>\n\u2714\ufe0f 1.30 hs de recorrido en cuatriciclos dobles los cuales pueden turnarse para conducir<br \/>\n\u2714\ufe0f Paradas en el recorrido para sacar fotos<br \/>\nBreakfast or snack according to chosen schedule<\/p>\n<p>\u274c Does not include:<br \/>\n\ud83c\udf77\ud83c\udf7a Bebidas fr\u00edas\/con alcohol<\/p>\n<p>\u25aa\ufe0f General Rates<br \/>\nAdults and minors 6 years and older: $250,000 per person<\/p>","protected":false},"excerpt":{"rendered":"HUELLA DEL TIEMPO","protected":false},"featured_media":16436,"template":"","meta":{"_acf_changed":false},"product_brand":[],"product_cat":[227],"product_tag":[],"class_list":{"0":"post-16429","1":"product","2":"type-product","3":"status-publish","4":"has-post-thumbnail","6":"product_format-product-format-tour","7":"product_cat-excursiones-aventura","9":"first","10":"instock","11":"shipping-taxable","12":"product-type-external"},"acf":[],"_links":{"self":[{"href":"https:\/\/barilocheexperience.com.ar\/en\/wp-json\/wp\/v2\/product\/16429","targetHints":{"allow":["GET"]}}],"collection":[{"href":"https:\/\/barilocheexperience.com.ar\/en\/wp-json\/wp\/v2\/product"}],"about":[{"href":"https:\/\/barilocheexperience.com.ar\/en\/wp-json\/wp\/v2\/types\/product"}],"version-history":[{"count":3,"href":"https:\/\/barilocheexperience.com.ar\/en\/wp-json\/wp\/v2\/product\/16429\/revisions"}],"predecessor-version":[{"id":16450,"href":"https:\/\/barilocheexperience.com.ar\/en\/wp-json\/wp\/v2\/product\/16429\/revisions\/16450"}],"wp:featuredmedia":[{"embeddable":true,"href":"https:\/\/barilocheexperience.com.ar\/en\/wp-json\/wp\/v2\/media\/16436"}],"wp:attachment":[{"href":"https:\/\/barilocheexperience.com.ar\/en\/wp-json\/wp\/v2\/media?parent=16429"}],"wp:term":[{"taxonomy":"product_brand","embeddable":true,"href":"https:\/\/barilocheexperience.com.ar\/en\/wp-json\/wp\/v2\/product_brand?post=16429"},{"taxonomy":"product_cat","embeddable":true,"href":"https:\/\/barilocheexperience.com.ar\/en\/wp-json\/wp\/v2\/product_cat?post=16429"},{"taxonomy":"product_tag","embeddable":true,"href":"https:\/\/barilocheexperience.com.ar\/en\/wp-json\/wp\/v2\/product_tag?post=16429"}],"curies":[{"name":"wp","href":"https:\/\/api.w.org\/{rel}","templated":true}]}}