{"id":16546,"date":"2026-04-22T18:49:55","date_gmt":"2026-04-22T21:49:55","guid":{"rendered":"https:\/\/barilocheexperience.com.ar\/?post_type=product&#038;p=16546"},"modified":"2026-04-22T19:03:00","modified_gmt":"2026-04-22T22:03:00","slug":"el-mallin-noches-de-tango-invierno-2026","status":"publish","type":"product","link":"https:\/\/barilocheexperience.com.ar\/en\/experiencia\/el-mallin-noches-de-tango-invierno-2026\/","title":{"rendered":"El Mallin: Tango Nights \u2013 Winter 2026"},"content":{"rendered":"<p>A partir del 12 de junio, una experiencia \u00fanica que combina gastronom\u00eda patag\u00f3nica y un show de tango en vivo en un ambiente \u00edntimo.<\/p>\n<p>\ud83d\udcc5 D\u00edas: martes y jueves<br \/>\n\ud83d\udd70\ufe0f Horario: 20:30 hs<br \/>\n\ud83d\udcb2 Precio: $150.000 por persona<br \/>\n\ud83d\udccd Restaurante El Mallin \u2013 Km 11.600 Av. Bustillo<br \/>\n\ud83c\udf7d\ufe0fCena de 4 pasos<br \/>\n\ud83e\udd42Todas las bebidas incluidas (con y sin alcohol)<\/p>\n<p>MEN\u00da<\/p>\n<p>Entrada: Sopa de estaci\u00f3n y empanada de carne o vegetariana<\/p>\n<p>Opciones de plato principal:<br \/>\n\u2022\u2060 \u2060Roast Beef (Cremoso de papas, teriyaki de sauco, emulsi\u00f3n de ajo y salsa verde)<br \/>\n\u2022\u2060 \u2060Trucha a la plancha (pur\u00e9 de papas, salteado de espinaca y cebolla, salsa criolla y aceto)<br \/>\n\u2022\u2060 \u2060Risotto de hongos<\/p>\n<p>Postre: Cremoso de lim\u00f3n (crocante de pistacho y merengue flambeado)<\/p>\n<p>MEN\u00da INFANTIL<br \/>\n\ud83d\udcb2 $80.000 (hasta 12 a\u00f1os)<br \/>\nMilanesa con pur\u00e9 de papas o papas fritas<br \/>\nPostre: Marquise de chocolate, frambuesa y almendras o helado<br \/>\n\u2e3b<\/p>\n<p>Un incre\u00edble show de tango en vivo, disfrutando de la mejor comida patag\u00f3nica \u2728<\/p>","protected":false},"excerpt":{"rendered":"Tango en Bariloche","protected":false},"featured_media":16547,"template":"","meta":{"_acf_changed":false},"product_brand":[],"product_cat":[231],"product_tag":[],"class_list":{"0":"post-16546","1":"product","2":"type-product","3":"status-publish","4":"has-post-thumbnail","6":"product_format-product-format-tour","7":"product_cat-excursiones-gastronomicas","9":"first","10":"instock","11":"shipping-taxable","12":"product-type-external"},"acf":[],"_links":{"self":[{"href":"https:\/\/barilocheexperience.com.ar\/en\/wp-json\/wp\/v2\/product\/16546","targetHints":{"allow":["GET"]}}],"collection":[{"href":"https:\/\/barilocheexperience.com.ar\/en\/wp-json\/wp\/v2\/product"}],"about":[{"href":"https:\/\/barilocheexperience.com.ar\/en\/wp-json\/wp\/v2\/types\/product"}],"version-history":[{"count":2,"href":"https:\/\/barilocheexperience.com.ar\/en\/wp-json\/wp\/v2\/product\/16546\/revisions"}],"predecessor-version":[{"id":16551,"href":"https:\/\/barilocheexperience.com.ar\/en\/wp-json\/wp\/v2\/product\/16546\/revisions\/16551"}],"wp:featuredmedia":[{"embeddable":true,"href":"https:\/\/barilocheexperience.com.ar\/en\/wp-json\/wp\/v2\/media\/16547"}],"wp:attachment":[{"href":"https:\/\/barilocheexperience.com.ar\/en\/wp-json\/wp\/v2\/media?parent=16546"}],"wp:term":[{"taxonomy":"product_brand","embeddable":true,"href":"https:\/\/barilocheexperience.com.ar\/en\/wp-json\/wp\/v2\/product_brand?post=16546"},{"taxonomy":"product_cat","embeddable":true,"href":"https:\/\/barilocheexperience.com.ar\/en\/wp-json\/wp\/v2\/product_cat?post=16546"},{"taxonomy":"product_tag","embeddable":true,"href":"https:\/\/barilocheexperience.com.ar\/en\/wp-json\/wp\/v2\/product_tag?post=16546"}],"curies":[{"name":"wp","href":"https:\/\/api.w.org\/{rel}","templated":true}]}}