{"id":16557,"date":"2026-05-12T09:14:03","date_gmt":"2026-05-12T12:14:03","guid":{"rendered":"https:\/\/barilocheexperience.com.ar\/?post_type=product&#038;p=16557"},"modified":"2026-05-12T09:19:55","modified_gmt":"2026-05-12T12:19:55","slug":"bariloche-sale-transfer-beneficio-promo","status":"publish","type":"product","link":"https:\/\/barilocheexperience.com.ar\/en\/experiencia\/bariloche-sale-transfer-beneficio-promo\/","title":{"rendered":"BARILOCHE SALE  Transfer beneficio promo"},"content":{"rendered":"<p>\ud83d\udd25\u2728 \u00a1BARILOCHE SALE en Transfers!! \u2728\ud83d\udd25<\/p>\n<p>\ud83c\udfd4\ufe0f\u2744\ufe0f Viv\u00ed una escapada inolvidable en la Patagonia con beneficios imperdibles para toda la familia, parejas o amigos.<\/p>\n<p>\ud83d\udcbc PAQUETE BARILOCHE SALE<br \/>\nReservando con nosotros y aloj\u00e1ndote en los hoteles de GRUPO TIERRA GAUCHA \ud83c\udfe8<\/p>\n<p>\ud83d\ude90 Contratando tu TRANSFER IN &amp; OUT<br \/>\n(traslados ida y vuelta desde el aeropuerto hasta tu hotel)<\/p>\n<p>\ud83c\udf81 \u00a1TE REGALAMOS la excursi\u00f3n a Circuito Chico!<\/p>\n<p>\ud83d\udccd Uno de los paseos m\u00e1s lindos de Bariloche, con paisajes incre\u00edbles, lagos y monta\u00f1as so\u00f1adas \ud83c\udf04<\/p>\n<p>\ud83d\udcb0 Todo por solo $50.000 por persona<br \/>\n\ud83d\udc65 V\u00e1lido para m\u00ednimo 2 personas<\/p>\n<p>\ud83d\udc99 Aprovech\u00e1 esta oportunidad \u00fanica para conocer Bariloche al mejor precio<br \/>\n\ud83d\udcc6 Cupos limitados \u2013 \u00a1reserv\u00e1 ahora y viaj\u00e1 durante TODO EL INVIERNO!<\/p>\n<p>\ud83d\udcf2 Consultanos y armamos tu viaje a medida<\/p>","protected":false},"excerpt":{"rendered":"\ud83d\udd25\u2728 \u00a1LLEG\u00d3 EL BARILOCHE SALE en Transfer!! \u2728\ud83d\udd25","protected":false},"featured_media":16556,"template":"","meta":{"_acf_changed":false},"product_brand":[],"product_cat":[228],"product_tag":[],"class_list":{"0":"post-16557","1":"product","2":"type-product","3":"status-publish","4":"has-post-thumbnail","6":"product_format-product-format-tour","7":"product_cat-paquetes","9":"first","10":"instock","11":"shipping-taxable","12":"product-type-external"},"acf":[],"_links":{"self":[{"href":"https:\/\/barilocheexperience.com.ar\/en\/wp-json\/wp\/v2\/product\/16557","targetHints":{"allow":["GET"]}}],"collection":[{"href":"https:\/\/barilocheexperience.com.ar\/en\/wp-json\/wp\/v2\/product"}],"about":[{"href":"https:\/\/barilocheexperience.com.ar\/en\/wp-json\/wp\/v2\/types\/product"}],"version-history":[{"count":2,"href":"https:\/\/barilocheexperience.com.ar\/en\/wp-json\/wp\/v2\/product\/16557\/revisions"}],"predecessor-version":[{"id":16560,"href":"https:\/\/barilocheexperience.com.ar\/en\/wp-json\/wp\/v2\/product\/16557\/revisions\/16560"}],"wp:featuredmedia":[{"embeddable":true,"href":"https:\/\/barilocheexperience.com.ar\/en\/wp-json\/wp\/v2\/media\/16556"}],"wp:attachment":[{"href":"https:\/\/barilocheexperience.com.ar\/en\/wp-json\/wp\/v2\/media?parent=16557"}],"wp:term":[{"taxonomy":"product_brand","embeddable":true,"href":"https:\/\/barilocheexperience.com.ar\/en\/wp-json\/wp\/v2\/product_brand?post=16557"},{"taxonomy":"product_cat","embeddable":true,"href":"https:\/\/barilocheexperience.com.ar\/en\/wp-json\/wp\/v2\/product_cat?post=16557"},{"taxonomy":"product_tag","embeddable":true,"href":"https:\/\/barilocheexperience.com.ar\/en\/wp-json\/wp\/v2\/product_tag?post=16557"}],"curies":[{"name":"wp","href":"https:\/\/api.w.org\/{rel}","templated":true}]}}