{"id":14365,"date":"2024-06-17T19:31:25","date_gmt":"2024-06-17T22:31:25","guid":{"rendered":"https:\/\/barilocheexperience.com.ar\/?page_id=14365"},"modified":"2024-07-02T16:56:29","modified_gmt":"2024-07-02T19:56:29","slug":"nosotros","status":"publish","type":"page","link":"https:\/\/barilocheexperience.com.ar\/pt\/nosotros\/","title":{"rendered":"N\u00f3s"},"content":{"rendered":"<div data-elementor-type=\"wp-page\" data-elementor-id=\"14365\" class=\"elementor elementor-14365\">\n\t\t\t\t\t\t\t<div class=\"dzsparallaxer auto-init height-is-based-on-content use-loading mode-scroll\" data-options='{direction: \"normal\"}'>\n\t\t\t\t\t\t\t\t\t<div class=\"divimage dzsparallaxer--target\" style=\"height:130%; background-image: url(https:\/\/barilocheexperience.com.ar\/wp-content\/uploads\/2024\/07\/nosotros-hero.webp);\"><\/div>\n\t\t\t\t\t\t\t<div class=\"elementor-section elementor-top-section elementor-element elementor-element-a4a1639 elementor-section-full_width hero-block hero-v1 bg-img-hero-bottom gradient-overlay-half-black-gradient text-center z-index-2 elementor-reverse-tablet elementor-reverse-mobile elementor-section-height-default elementor-section-height-default\" data-id=\"a4a1639\" data-element_type=\"section\" data-settings=\"{&quot;background_background&quot;:&quot;classic&quot;}\">\n\t\t\t\t\t\t\t<div class=\"elementor-background-overlay\"><\/div>\n\t\t\t\t\t\t\t<div class=\"elementor-container elementor-column-gap-default container space-2 space-top-xl-4 flex-wrap\">\n\t\t\t\t\t<div class=\"elementor-column elementor-col-100 elementor-top-column elementor-element elementor-element-48c88a1 col\" data-id=\"48c88a1\" data-element_type=\"column\">\n\t\t\t<div class=\"p-0 elementor-widget-wrap elementor-element-populated\">\n\t\t\t\t\t\t<div class=\"elementor-section elementor-inner-section elementor-element elementor-element-7af38c9 elementor-section-full_width elementor-section-height-default elementor-section-height-default\" data-id=\"7af38c9\" data-element_type=\"section\">\n\t\t\t\t\t\t<div class=\"elementor-container elementor-column-gap-default row justify-content-md-center pb-xl-8 row-margin\">\n\t\t\t\t\t<div class=\"elementor-column elementor-col-100 elementor-inner-column elementor-element elementor-element-1b78020\" data-id=\"1b78020\" data-element_type=\"column\">\n\t\t\t<div class=\"py-8 py-xl-10 pb-5 p-0 elementor-widget-wrap elementor-element-populated\">\n\t\t\t\t\t\t<div class=\"elementor-element elementor-element-ef71e7c mb-0 elementor-widget elementor-widget-highlighted-heading\" data-id=\"ef71e7c\" data-element_type=\"widget\" data-widget_type=\"highlighted-heading.default\">\n\t\t\t\t<div class=\"elementor-widget-container\">\n\t\t\t\t\t<h1 class=\"mytravel-elementor-highlighted-heading__title font-size-60 font-size-xs-30 text-white font-weight-bold\">Somos a Experi\u00eancia Bariloche<\/h1>\t\t\t\t<\/div>\n\t\t\t\t<\/div>\n\t\t\t\t<div class=\"elementor-element elementor-element-aecc173 mb-0 elementor-widget elementor-widget-highlighted-heading\" data-id=\"aecc173\" data-element_type=\"widget\" data-widget_type=\"highlighted-heading.default\">\n\t\t\t\t<div class=\"elementor-widget-container\">\n\t\t\t\t\t<p class=\"mytravel-elementor-highlighted-heading__title font-size-20 font-weight-normal text-white\">Uma ag\u00eancia de viagens jovem, especialista em turismo.<\/p>\t\t\t\t<\/div>\n\t\t\t\t<\/div>\n\t\t\t\t\t<\/div>\n\t\t<\/div>\n\t\t\t\t\t<\/div>\n\t\t<\/div>\n\t\t\t\t\t<\/div>\n\t\t<\/div>\n\t\t\t\t\t<\/div>\n\t\t<\/div>\n\t\t\t\t\t<\/div><!-- \/.custom-wrap -->\n\t\t\t\t\t<div class=\"elementor-section elementor-top-section elementor-element elementor-element-cd0564f slider border-bottom border-color-3 elementor-section-full_width elementor-section-height-default elementor-section-height-default\" data-id=\"cd0564f\" data-element_type=\"section\">\n\t\t\t\t\t\t<div class=\"elementor-container elementor-column-gap-default container space-1\">\n\t\t\t\t\t<div class=\"elementor-column elementor-col-100 elementor-top-column elementor-element elementor-element-46a4226\" data-id=\"46a4226\" data-element_type=\"column\">\n\t\t\t<div class=\"p-0 elementor-widget-wrap elementor-element-populated\">\n\t\t\t\t\t\t<div class=\"elementor-element elementor-element-2e9651a w-md-80 w-lg-70 text-center mx-md-auto mb-5 mt-3 elementor-widget elementor-widget-highlighted-heading\" data-id=\"2e9651a\" data-element_type=\"widget\" data-widget_type=\"highlighted-heading.default\">\n\t\t\t\t<div class=\"elementor-widget-container\">\n\t\t\t\t\t<h2 class=\"mytravel-elementor-highlighted-heading__title section-title text-black font-size-xs-28 font-weight-bold mb-0\"><span class=\"mytravel-elementor-highlighted-heading__highlighted-text mb-0\">Nossas empresas e parceiros est\u00e3o focados em proporcionar a voc\u00ea uma viagem memor\u00e1vel.<\/span><\/h2>\t\t\t\t<\/div>\n\t\t\t\t<\/div>\n\t\t\t\t<div class=\"elementor-section elementor-inner-section elementor-element elementor-element-92193a8 elementor-section-full_width w-lg-80 mx-auto mb-4 elementor-section-height-default elementor-section-height-default\" data-id=\"92193a8\" data-element_type=\"section\">\n\t\t\t\t\t\t<div class=\"elementor-container elementor-column-gap-default row row-margin\">\n\t\t\t\t\t<div class=\"elementor-column elementor-col-50 elementor-inner-column elementor-element elementor-element-a7d6a7a col-md-6\" data-id=\"a7d6a7a\" data-element_type=\"column\">\n\t\t\t<div class=\"p-0 elementor-widget-wrap elementor-element-populated\">\n\t\t\t\t\t\t<div class=\"elementor-element elementor-element-526a619 mb-0 elementor-widget elementor-widget-highlighted-heading\" data-id=\"526a619\" data-element_type=\"widget\" data-widget_type=\"highlighted-heading.default\">\n\t\t\t\t<div class=\"elementor-widget-container\">\n\t\t\t\t\t<h2 class=\"mytravel-elementor-highlighted-heading__title font-size-21 font-weight-bold text-center text-md-left\"><span class=\"mytravel-elementor-highlighted-heading__highlighted-text mb-0\">A jornada de seus sonhos<\/span><\/h2>\t\t\t\t<\/div>\n\t\t\t\t<\/div>\n\t\t\t\t<div class=\"elementor-element elementor-element-9c6dd35 elementor-widget elementor-widget-highlighted-heading\" data-id=\"9c6dd35\" data-element_type=\"widget\" data-widget_type=\"highlighted-heading.default\">\n\t\t\t\t<div class=\"elementor-widget-container\">\n\t\t\t\t\t<p class=\"mytravel-elementor-highlighted-heading__title\"><span class=\"mytravel-elementor-highlighted-heading__highlighted-text text-gray-1\">Deixe-nos ajud\u00e1-lo a planejar sua pr\u00f3xima aventura em Bariloche. Para lhe proporcionar a melhor experi\u00eancia de viagem, estamos aqui para tornar seus sonhos de viagem realidade!<\/span><\/p>\t\t\t\t<\/div>\n\t\t\t\t<\/div>\n\t\t\t\t\t<\/div>\n\t\t<\/div>\n\t\t\t\t<div class=\"elementor-column elementor-col-50 elementor-inner-column elementor-element elementor-element-02cd50b col-md-6\" data-id=\"02cd50b\" data-element_type=\"column\">\n\t\t\t<div class=\"p-0 elementor-widget-wrap elementor-element-populated\">\n\t\t\t\t\t\t<div class=\"elementor-element elementor-element-b063a55 mb-0 elementor-widget elementor-widget-highlighted-heading\" data-id=\"b063a55\" data-element_type=\"widget\" data-widget_type=\"highlighted-heading.default\">\n\t\t\t\t<div class=\"elementor-widget-container\">\n\t\t\t\t\t<h2 class=\"mytravel-elementor-highlighted-heading__title font-size-21 font-weight-bold text-center text-md-left\"><span class=\"mytravel-elementor-highlighted-heading__highlighted-text\">Aconselhamento<\/span><\/h2>\t\t\t\t<\/div>\n\t\t\t\t<\/div>\n\t\t\t\t<div class=\"elementor-element elementor-element-c9dda4c elementor-widget elementor-widget-highlighted-heading\" data-id=\"c9dda4c\" data-element_type=\"widget\" data-widget_type=\"highlighted-heading.default\">\n\t\t\t\t<div class=\"elementor-widget-container\">\n\t\t\t\t\t<p class=\"mytravel-elementor-highlighted-heading__title mb-0\"><span class=\"mytravel-elementor-highlighted-heading__highlighted-text text-gray-1\">Podemos orient\u00e1-lo pelo WhatsApp ou, se voc\u00ea j\u00e1 estiver na cidade de Bariloche, pode vir aos nossos escrit\u00f3rios, localizados no centro da cidade, perto de Mitre e do Lago Nahuel Huapi.<\/span><\/p>\t\t\t\t<\/div>\n\t\t\t\t<\/div>\n\t\t\t\t\t<\/div>\n\t\t<\/div>\n\t\t\t\t\t<\/div>\n\t\t<\/div>\n\t\t\t\t<div class=\"elementor-section elementor-inner-section elementor-element elementor-element-4c21865 elementor-section-full_width elementor-section-height-default elementor-section-height-default\" data-id=\"4c21865\" data-element_type=\"section\">\n\t\t\t\t\t\t<div class=\"elementor-container elementor-column-gap-default row-margin\">\n\t\t\t\t\t<div class=\"elementor-column elementor-col-100 elementor-inner-column elementor-element elementor-element-f470399 col-12\" data-id=\"f470399\" data-element_type=\"column\">\n\t\t\t<div class=\"p-0 elementor-widget-wrap elementor-element-populated\">\n\t\t\t\t\t\t<div class=\"elementor-element elementor-element-5292e37 nosotros-slider e-transform elementor-widget elementor-widget-myt-hero-carousel\" data-id=\"5292e37\" data-element_type=\"widget\" data-settings=\"{&quot;center_slides&quot;:&quot;yes&quot;,&quot;infinite&quot;:&quot;yes&quot;,&quot;autoplay&quot;:&quot;no&quot;,&quot;fade&quot;:&quot;no&quot;,&quot;_transform_scale_effect&quot;:{&quot;unit&quot;:&quot;px&quot;,&quot;size&quot;:&quot;&quot;,&quot;sizes&quot;:[]},&quot;_transform_scale_effect_tablet&quot;:{&quot;unit&quot;:&quot;px&quot;,&quot;size&quot;:&quot;&quot;,&quot;sizes&quot;:[]},&quot;_transform_scale_effect_mobile&quot;:{&quot;unit&quot;:&quot;px&quot;,&quot;size&quot;:&quot;&quot;,&quot;sizes&quot;:[]}}\" data-widget_type=\"myt-hero-carousel.default\">\n\t\t\t\t<div class=\"elementor-widget-container\">\n\t\t\t\t\t\t\t<div class=\"js-slick-carousel u-slick pb-2  mytravel-69d980bf63cfa\" data-slides-show=\"1\" data-ride=\"slick\" data-responsive=\"[{&quot;breakpoint&quot;:1025,&quot;settings&quot;:{&quot;slidesToShow&quot;:1}},{&quot;breakpoint&quot;:992,&quot;settings&quot;:{&quot;slidesToShow&quot;:1}},{&quot;breakpoint&quot;:768,&quot;settings&quot;:{&quot;slidesToShow&quot;:1}},{&quot;breakpoint&quot;:554,&quot;settings&quot;:{&quot;slidesToShow&quot;:1}}]\" data-center-mode=\"1\" data-autoplay=\"\" data-autoplay-speed=\"3000\" data-pagi-classes=\"text-center u-slick__pagination mt-5 \" data-infinite=\"1\" data-fade=\"\" data-rows=\"1\" data-arrows-classes=\"elementor-slick-arrow d-none d-lg-inline-block u-slick__arrow-classic u-slick__arrow-classic--v1 u-slick__arrow-centered--y rounded-circle \" data-arrow-left-classes=\"flaticon-back u-slick__arrow-classic-inner u-slick__arrow-classic-inner--left ml-lg-2 ml-xl-9\" data-arrow-right-classes=\"flaticon-next u-slick__arrow-classic-inner u-slick__arrow-classic-inner--right mr-lg-2 mr-xl-9\">\n\t\t\t \n\t\t\t\t\t\t<div class=\"js-slide bg-img-hero-center rounded-xs\" style=\"background-image: url(https:\/\/barilocheexperience.com.ar\/wp-content\/uploads\/2024\/06\/nosotros-galeria-01.webp );\">\n\t\t\t<div class=\"space-5\"><\/div>\n\t\t<\/div>\n\t\t\t\n\t\t\t \n\t\t\t\t\t\t<div class=\"js-slide bg-img-hero-center rounded-xs\" style=\"background-image: url(https:\/\/barilocheexperience.com.ar\/wp-content\/uploads\/2024\/06\/nosotros-galeria-03.webp );\">\n\t\t\t<div class=\"space-5\"><\/div>\n\t\t<\/div>\n\t\t\t\n\t\t\t \n\t\t\t\t\t\t<div class=\"js-slide bg-img-hero-center rounded-xs\" style=\"background-image: url(https:\/\/barilocheexperience.com.ar\/wp-content\/uploads\/2024\/06\/nosotros-galeria-04.webp );\">\n\t\t\t<div class=\"space-5\"><\/div>\n\t\t<\/div>\n\t\t\t\n\t\t\t \n\t\t\t\t\t\t<div class=\"js-slide bg-img-hero-center rounded-xs\" style=\"background-image: url(https:\/\/barilocheexperience.com.ar\/wp-content\/uploads\/2024\/06\/nosotros-galeria-02.webp );\">\n\t\t\t<div class=\"space-5\"><\/div>\n\t\t<\/div>\n\t\t\t\n\t\t\t\t\t<\/div>\n\t\t\t\t\t\t<\/div>\n\t\t\t\t<\/div>\n\t\t\t\t\t<\/div>\n\t\t<\/div>\n\t\t\t\t\t<\/div>\n\t\t<\/div>\n\t\t\t\t\t<\/div>\n\t\t<\/div>\n\t\t\t\t\t<\/div>\n\t\t<\/div>\n\t\t<div class=\"elementor-element elementor-element-67dc806d e-grid e-con-full e-con e-parent\" data-id=\"67dc806d\" data-element_type=\"container\">\n\t\t\t\t<div class=\"elementor-element elementor-element-1735fa0 elementor-widget elementor-widget-google_maps\" data-id=\"1735fa0\" data-element_type=\"widget\" data-widget_type=\"google_maps.map-mytravel\">\n\t\t\t\t<div class=\"elementor-widget-container\">\n\t\t\t\t\t\t\t<div class=\"elementor-custom-embed\">\n\t\t\t<iframe \n\t\t\t\t\tsrc=\"https:\/\/maps.google.com\/maps?q=Bariloche%20Experience%20Turismo%2C%20Palacios%20183%2C%20R8400%20San%20Carlos%20de%20Bariloche%2C%20R%C3%ADo%20Negro&#038;t=m&#038;z=15&#038;output=embed&#038;iwloc=near\"\n\t\t\t\t\ttitle=\"Bariloche Experience Turismo, Palacios 183, R8400 San Carlos de Bariloche, R\u00edo Negro\"\n\t\t\t\t\taria-label=\"Bariloche Experience Turismo, Palacios 183, R8400 San Carlos de Bariloche, R\u00edo Negro\"\n\t\t\t><\/iframe>\n\t\t<\/div>\n\t\t\t\t\t\t<\/div>\n\t\t\t\t<\/div>\n\t\t\t\t<\/div>\n\t\t\t\t<\/div>","protected":false},"excerpt":{"rendered":"Somos a Bariloche Experience, uma ag\u00eancia de viagens jovem, especialista em turismo. Nossas empresas e colaboradores est\u00e3o focados em lhe oferecer uma viagem memor\u00e1vel. Sua viagem dos sonhos Deixe-nos ajud\u00e1-lo a planejar sua pr\u00f3xima aventura em Bariloche. Estamos aqui para realizar seus sonhos de viagem, para lhe proporcionar a melhor experi\u00eancia de viagem! Assessoria Podemos assessor\u00e1-lo para...","protected":false},"author":1,"featured_media":0,"parent":0,"menu_order":0,"comment_status":"closed","ping_status":"closed","template":"elementor_header_footer","meta":{"_acf_changed":false,"footnotes":""},"class_list":["post-14365","page","type-page","status-publish","hentry"],"acf":[],"_links":{"self":[{"href":"https:\/\/barilocheexperience.com.ar\/pt\/wp-json\/wp\/v2\/pages\/14365","targetHints":{"allow":["GET"]}}],"collection":[{"href":"https:\/\/barilocheexperience.com.ar\/pt\/wp-json\/wp\/v2\/pages"}],"about":[{"href":"https:\/\/barilocheexperience.com.ar\/pt\/wp-json\/wp\/v2\/types\/page"}],"author":[{"embeddable":true,"href":"https:\/\/barilocheexperience.com.ar\/pt\/wp-json\/wp\/v2\/users\/1"}],"replies":[{"embeddable":true,"href":"https:\/\/barilocheexperience.com.ar\/pt\/wp-json\/wp\/v2\/comments?post=14365"}],"version-history":[{"count":25,"href":"https:\/\/barilocheexperience.com.ar\/pt\/wp-json\/wp\/v2\/pages\/14365\/revisions"}],"predecessor-version":[{"id":14742,"href":"https:\/\/barilocheexperience.com.ar\/pt\/wp-json\/wp\/v2\/pages\/14365\/revisions\/14742"}],"wp:attachment":[{"href":"https:\/\/barilocheexperience.com.ar\/pt\/wp-json\/wp\/v2\/media?parent=14365"}],"curies":[{"name":"wp","href":"https:\/\/api.w.org\/{rel}","templated":true}]}}