{"id":14402,"date":"2024-06-17T20:52:42","date_gmt":"2024-06-17T23:52:42","guid":{"rendered":"https:\/\/barilocheexperience.com.ar\/?page_id=14402"},"modified":"2026-02-24T07:49:26","modified_gmt":"2026-02-24T10:49:26","slug":"paquetes-turisticos","status":"publish","type":"page","link":"https:\/\/barilocheexperience.com.ar\/pt\/paquetes-turisticos\/","title":{"rendered":"Pacotes tur\u00edsticos"},"content":{"rendered":"<div data-elementor-type=\"wp-page\" data-elementor-id=\"14402\" class=\"elementor elementor-14402\">\n\t\t\t\t\t\t\t<div class=\"dzsparallaxer auto-init height-is-based-on-content use-loading mode-scroll\" data-options='{direction: \"normal\"}'>\n\t\t\t\t\t\t\t\t\t<div class=\"divimage dzsparallaxer--target\" style=\"height:130%; background-image: url(https:\/\/barilocheexperience.com.ar\/wp-content\/uploads\/2024\/06\/paquetes-hero-2.webp);\"><\/div>\n\t\t\t\t\t\t\t<div class=\"elementor-section elementor-top-section elementor-element elementor-element-a4a1639 elementor-section-full_width hero-block hero-v1 bg-img-hero-bottom gradient-overlay-half-black-gradient text-center z-index-2 elementor-reverse-tablet elementor-reverse-mobile elementor-section-height-default elementor-section-height-default\" data-id=\"a4a1639\" data-element_type=\"section\" data-settings=\"{&quot;background_background&quot;:&quot;classic&quot;}\">\n\t\t\t\t\t\t\t<div class=\"elementor-background-overlay\"><\/div>\n\t\t\t\t\t\t\t<div class=\"elementor-container elementor-column-gap-default container space-2 space-top-xl-4 flex-wrap\">\n\t\t\t\t\t<div class=\"elementor-column elementor-col-100 elementor-top-column elementor-element elementor-element-48c88a1 col\" data-id=\"48c88a1\" data-element_type=\"column\">\n\t\t\t<div class=\"p-0 elementor-widget-wrap elementor-element-populated\">\n\t\t\t\t\t\t<div class=\"elementor-section elementor-inner-section elementor-element elementor-element-7af38c9 elementor-section-full_width elementor-section-height-default elementor-section-height-default\" data-id=\"7af38c9\" data-element_type=\"section\">\n\t\t\t\t\t\t<div class=\"elementor-container elementor-column-gap-default row justify-content-md-center pb-xl-8 row-margin\">\n\t\t\t\t\t<div class=\"elementor-column elementor-col-100 elementor-inner-column elementor-element elementor-element-1b78020\" data-id=\"1b78020\" data-element_type=\"column\">\n\t\t\t<div class=\"py-8 py-xl-10 pb-5 p-0 elementor-widget-wrap elementor-element-populated\">\n\t\t\t\t\t\t<div class=\"elementor-element elementor-element-ef71e7c mb-0 elementor-widget elementor-widget-highlighted-heading\" data-id=\"ef71e7c\" data-element_type=\"widget\" data-widget_type=\"highlighted-heading.default\">\n\t\t\t\t<div class=\"elementor-widget-container\">\n\t\t\t\t\t<h1 class=\"mytravel-elementor-highlighted-heading__title font-size-60 font-size-xs-30 text-white font-weight-bold\">Pacotes tur\u00edsticos<\/h1>\t\t\t\t<\/div>\n\t\t\t\t<\/div>\n\t\t\t\t<div class=\"elementor-element elementor-element-aecc173 mb-0 elementor-widget elementor-widget-highlighted-heading\" data-id=\"aecc173\" data-element_type=\"widget\" data-widget_type=\"highlighted-heading.default\">\n\t\t\t\t<div class=\"elementor-widget-container\">\n\t\t\t\t\t<p class=\"mytravel-elementor-highlighted-heading__title font-size-20 font-weight-normal text-white\">Descubra Bariloche conosco no #BarilocheExperience.<\/p>\t\t\t\t<\/div>\n\t\t\t\t<\/div>\n\t\t\t\t\t<\/div>\n\t\t<\/div>\n\t\t\t\t\t<\/div>\n\t\t<\/div>\n\t\t\t\t\t<\/div>\n\t\t<\/div>\n\t\t\t\t\t<\/div>\n\t\t<\/div>\n\t\t\t\t\t<\/div><!-- \/.custom-wrap -->\n\t\t\t\t\t<section class=\"elementor-section elementor-top-section elementor-element elementor-element-d149584 bg-color-2 elementor-section-boxed elementor-section-height-default elementor-section-height-default\" data-id=\"d149584\" data-element_type=\"section\" data-settings=\"{&quot;background_background&quot;:&quot;classic&quot;}\">\n\t\t\t\t\t\t<div class=\"elementor-container elementor-column-gap-default\">\n\t\t\t\t\t<div class=\"elementor-column elementor-col-100 elementor-top-column elementor-element elementor-element-fa3b467\" data-id=\"fa3b467\" data-element_type=\"column\">\n\t\t\t<div class=\"p-0 elementor-widget-wrap elementor-element-populated\">\n\t\t\t\t\t\t<div class=\"elementor-section elementor-inner-section elementor-element elementor-element-bfbc0e4 elementor-section-full_width elementor-section-height-default elementor-section-height-default\" data-id=\"bfbc0e4\" data-element_type=\"section\">\n\t\t\t\t\t\t<div class=\"elementor-container elementor-column-gap-default\">\n\t\t\t\t\t<div class=\"elementor-column elementor-col-100 elementor-inner-column elementor-element elementor-element-99096d0\" data-id=\"99096d0\" data-element_type=\"column\">\n\t\t\t<div class=\"elementor-widget-wrap elementor-element-populated\">\n\t\t\t\t\t\t<div class=\"elementor-element elementor-element-51482b7 w-md-80 w-lg-50 text-center mx-md-auto mb-5 elementor-widget elementor-widget-highlighted-heading\" data-id=\"51482b7\" data-element_type=\"widget\" data-widget_type=\"highlighted-heading.default\">\n\t\t\t\t<div class=\"elementor-widget-container\">\n\t\t\t\t\t<h2 class=\"mytravel-elementor-highlighted-heading__title section-title text-black font-size-30 font-weight-bold mb-0\">Estes s\u00e3o os nossos pacotes<\/h2>\t\t\t\t<\/div>\n\t\t\t\t<\/div>\n\t\t\t\t\t<\/div>\n\t\t<\/div>\n\t\t\t\t\t<\/div>\n\t\t<\/div>\n\t\t\t\t<div class=\"elementor-section elementor-inner-section elementor-element elementor-element-fc22d98 elementor-section-full_width elementor-section-height-default elementor-section-height-default\" data-id=\"fc22d98\" data-element_type=\"section\">\n\t\t\t\t\t\t<div class=\"elementor-container elementor-column-gap-default\">\n\t\t\t\t\t<div class=\"elementor-column elementor-col-100 elementor-inner-column elementor-element elementor-element-e256135\" data-id=\"e256135\" data-element_type=\"column\">\n\t\t\t<div class=\"elementor-widget-wrap elementor-element-populated\">\n\t\t\t\t\t\t<div class=\"elementor-element elementor-element-2530db6 elementor-widget__width-initial mx-md-auto pb-1 elementor-widget elementor-widget-text-editor\" data-id=\"2530db6\" data-element_type=\"widget\" data-widget_type=\"text-editor.default\">\n\t\t\t\t<div class=\"elementor-widget-container\">\n\t\t\t\t\t\t\t\t\t<p style=\"text-align: center;\">Explore a natureza, a cultura e a aventura com nossas excurs\u00f5es e pacotes tur\u00edsticos. <strong>Reserve agora e viva momentos inesquec\u00edveis!<\/strong> !<\/p>\t\t\t\t\t\t\t\t<\/div>\n\t\t\t\t<\/div>\n\t\t\t\t<div class=\"elementor-element elementor-element-47d453e elementor-widget elementor-widget-spacer\" data-id=\"47d453e\" data-element_type=\"widget\" data-widget_type=\"spacer.default\">\n\t\t\t\t<div class=\"elementor-widget-container\">\n\t\t\t\t\t\t\t<div class=\"elementor-spacer\">\n\t\t\t<div class=\"elementor-spacer-inner\"><\/div>\n\t\t<\/div>\n\t\t\t\t\t\t<\/div>\n\t\t\t\t<\/div>\n\t\t\t\t<div class=\"elementor-element elementor-element-f9db6aa elementor-widget elementor-widget-spacer\" data-id=\"f9db6aa\" data-element_type=\"widget\" data-widget_type=\"spacer.default\">\n\t\t\t\t<div class=\"elementor-widget-container\">\n\t\t\t\t\t\t\t<div class=\"elementor-spacer\">\n\t\t\t<div class=\"elementor-spacer-inner\"><\/div>\n\t\t<\/div>\n\t\t\t\t\t\t<\/div>\n\t\t\t\t<\/div>\n\t\t\t\t\t<\/div>\n\t\t<\/div>\n\t\t\t\t\t<\/div>\n\t\t<\/div>\n\t\t\t\t<div class=\"elementor-section elementor-inner-section elementor-element elementor-element-9ed48e9 elementor-section-full_width elementor-section-height-default elementor-section-height-default\" data-id=\"9ed48e9\" data-element_type=\"section\">\n\t\t\t\t\t\t<div class=\"elementor-container elementor-column-gap-default flex-wrap tab-content row-margin\">\n\t\t\t\t\t<div class=\"elementor-column elementor-col-16 elementor-inner-column elementor-element elementor-element-4cc934a col-12 tab-pane fade show active\" data-id=\"4cc934a\" data-element_type=\"column\" aria-labelledby=\"tab-tour\">\n\t\t\t<div class=\"p-0 elementor-widget-wrap elementor-element-populated\">\n\t\t\t\t\t\t<div class=\"elementor-element elementor-element-e6f390b mytravel-elementorducts-columns%s-4 elementor-widget elementor-widget-myt-woocommerce-products\" data-id=\"e6f390b\" data-element_type=\"widget\" data-widget_type=\"myt-woocommerce-products.tour\">\n\t\t\t\t<div class=\"elementor-widget-container\">\n\t\t\t\t\t<div class=\"mb-0 list-unstyled products row row-cols-md-6 row-cols-lg-6 row-cols-xl-4\"><div class=\"product type-product post-15149 status-publish first instock product_cat-paquetes has-post-thumbnail shipping-taxable product-type-external mb-3 mb-md-4 pb-1\">\n\t\t\t<div class=\"card transition-3d-hover shadow-hover-2 h-100 tab-card\">\n\t\t\t\t<div class=\"card-header position-relative mb-2 p-0\">\n\t\t\t\t<a href=\"https:\/\/barilocheexperience.com.ar\/pt\/experiencia\/promo-de-excursionesx3\/\" class=\"d-block gradient-overlay-half-bg-gradient-v5\">\n\t\t<img fetchpriority=\"high\" decoding=\"async\" width=\"300\" height=\"300\" src=\"https:\/\/barilocheexperience.com.ar\/wp-content\/uploads\/2024\/06\/circuito-chico-galeria-03-1-300x300.webp\" class=\"min-height-230 bg-img-hero card-img-top\" alt=\"PROMO DE EXCURSIONES 25% OFF\" \/>\t\t<\/a>\n\t\t<div class=\"price-wrapper position-absolute bottom-0 left-0 right-0\"><div class=\"px-3 pb-2\">\n\t\t<span class=\"123 woocommerce-loop-product__categories text-truncate d-block text-gray-10\"><a href=\"https:\/\/barilocheexperience.com.ar\/pt\/producto-turistico\/paquetes\/\" class=\"font-weight-normal font-size-14 text-white\" rel=\"tag\">Pacotes<\/a><\/span>\t<span class=\"price\">\n\t\t<span class=\"elex-ppct-before-text\"> <\/span> <span class=\"woocommerce-Price-amount font-weight-bold h5 mb-0 text-white amount\"><bdi><span class=\"woocommerce-Price-currencySymbol\">&#036;<\/span>999,999<\/bdi><\/span>\t<\/span>\n\t\t<\/div><\/div><!-- \/.price-wrapper -->\n\t\t\t\t<\/div><!-- \/.card-header -->\n\t\t\t\t<div class=\"position-relative card-body px-4 py-2\">\n\t\t\t\t\t<a href=\"https:\/\/barilocheexperience.com.ar\/pt\/experiencia\/promo-de-excursionesx3\/\" class=\"d-block\">\n\t\t\t\t<div class=\"mb-1 d-flex align-items-center font-size-14 text-gray-1\">\n\t\t\t\t\t<i class=\"icon flaticon-pin-1 mr-2 font-size-15\"><\/i>\n\t\t\t\t\tBariloche\t\t\t\t<\/div>\n\t\t\t<\/a>\n\t\t\t\t\t<a href=\"https:\/\/barilocheexperience.com.ar\/pt\/experiencia\/promo-de-excursionesx3\/\" class=\"stretched-link card-title text-dark\">\n\t\t<h2 class=\"woocommerce-loop-product__title font-size-17 font-weight-bold\">PROMO\u00c7\u00c3O DE EXCURS\u00c3O 25% OFF<\/h2><\/a>\t\t\t<div class=\"mb-1 d-flex align-items-center font-size-14 text-gray-1\">\n\t\t\t\t<i class=\"icon flaticon-clock-circular-outline mr-2 font-size-14\"><\/i>\n\t\t\t\tCONSULTA\t\t\t<\/div>\n\t\t\t\t\t<\/div><!-- \/.card-body -->\n\t\t\t\t<\/div><!-- \/.card -->\n\t\t<\/div>\n<div class=\"product type-product post-16343 status-publish instock product_cat-paquetes has-post-thumbnail shipping-taxable product-type-external mb-3 mb-md-4 pb-1\">\n\t\t\t<div class=\"card transition-3d-hover shadow-hover-2 h-100 tab-card\">\n\t\t\t\t<div class=\"card-header position-relative mb-2 p-0\">\n\t\t\t\t<a href=\"https:\/\/barilocheexperience.com.ar\/pt\/experiencia\/paquete-a-bariloche-otono-2026\/\" class=\"d-block gradient-overlay-half-bg-gradient-v5\">\n\t\t<img decoding=\"async\" width=\"300\" height=\"300\" src=\"https:\/\/barilocheexperience.com.ar\/wp-content\/uploads\/2025\/12\/Otono-Bariloche-2026-300x300.jpg\" class=\"min-height-230 bg-img-hero card-img-top\" alt=\"Paquete a Bariloche - Oto\u00f1o 2026\" \/>\t\t<\/a>\n\t\t<div class=\"price-wrapper position-absolute bottom-0 left-0 right-0\"><div class=\"px-3 pb-2\">\n\t\t<span class=\"123 woocommerce-loop-product__categories text-truncate d-block text-gray-10\"><a href=\"https:\/\/barilocheexperience.com.ar\/pt\/producto-turistico\/paquetes\/\" class=\"font-weight-normal font-size-14 text-white\" rel=\"tag\">Pacotes<\/a><\/span>\t<span class=\"price\">\n\t\t<span class=\"elex-ppct-before-text\"> <\/span> <span class=\"woocommerce-Price-amount font-weight-bold h5 mb-0 text-white amount\"><bdi><span class=\"woocommerce-Price-currencySymbol\">&#036;<\/span>315,000<\/bdi><\/span>\t<\/span>\n\t\t<\/div><\/div><!-- \/.price-wrapper -->\n\t\t\t\t<\/div><!-- \/.card-header -->\n\t\t\t\t<div class=\"position-relative card-body px-4 py-2\">\n\t\t\t\t\t<a href=\"https:\/\/barilocheexperience.com.ar\/pt\/experiencia\/paquete-a-bariloche-otono-2026\/\" class=\"d-block\">\n\t\t\t\t<div class=\"mb-1 d-flex align-items-center font-size-14 text-gray-1\">\n\t\t\t\t\t<i class=\"icon flaticon-pin-1 mr-2 font-size-15\"><\/i>\n\t\t\t\t\tBariloche\t\t\t\t<\/div>\n\t\t\t<\/a>\n\t\t\t\t\t<a href=\"https:\/\/barilocheexperience.com.ar\/pt\/experiencia\/paquete-a-bariloche-otono-2026\/\" class=\"stretched-link card-title text-dark\">\n\t\t<h2 class=\"woocommerce-loop-product__title font-size-17 font-weight-bold\">Pacote para Bariloche - Outono de 2026<\/h2><\/a>\t\t\t<div class=\"mb-1 d-flex align-items-center font-size-14 text-gray-1\">\n\t\t\t\t<i class=\"icon flaticon-clock-circular-outline mr-2 font-size-14\"><\/i>\n\t\t\t\t4 noites\t\t\t<\/div>\n\t\t\t\t\t<\/div><!-- \/.card-body -->\n\t\t\t\t<\/div><!-- \/.card -->\n\t\t<\/div>\n<div class=\"product type-product post-16346 status-publish instock product_cat-paquetes has-post-thumbnail shipping-taxable product-type-external mb-3 mb-md-4 pb-1\">\n\t\t\t<div class=\"card transition-3d-hover shadow-hover-2 h-100 tab-card\">\n\t\t\t\t<div class=\"card-header position-relative mb-2 p-0\">\n\t\t\t\t<a href=\"https:\/\/barilocheexperience.com.ar\/pt\/experiencia\/paquete-a-bariloche-aventura-2026\/\" class=\"d-block gradient-overlay-half-bg-gradient-v5\">\n\t\t<img decoding=\"async\" width=\"300\" height=\"300\" src=\"https:\/\/barilocheexperience.com.ar\/wp-content\/uploads\/2025\/12\/2-2-300x300.jpg\" class=\"min-height-230 bg-img-hero card-img-top\" alt=\"Paquete a Bariloche - Aventura 2026\" \/>\t\t<\/a>\n\t\t<div class=\"price-wrapper position-absolute bottom-0 left-0 right-0\"><div class=\"px-3 pb-2\">\n\t\t<span class=\"123 woocommerce-loop-product__categories text-truncate d-block text-gray-10\"><a href=\"https:\/\/barilocheexperience.com.ar\/pt\/producto-turistico\/paquetes\/\" class=\"font-weight-normal font-size-14 text-white\" rel=\"tag\">Pacotes<\/a><\/span>\t<span class=\"price\">\n\t\t<span class=\"elex-ppct-before-text\"> <\/span> <span class=\"woocommerce-Price-amount font-weight-bold h5 mb-0 text-white amount\"><bdi><span class=\"woocommerce-Price-currencySymbol\">&#036;<\/span>395,000<\/bdi><\/span>\t<\/span>\n\t\t<\/div><\/div><!-- \/.price-wrapper -->\n\t\t\t\t<\/div><!-- \/.card-header -->\n\t\t\t\t<div class=\"position-relative card-body px-4 py-2\">\n\t\t\t\t\t<a href=\"https:\/\/barilocheexperience.com.ar\/pt\/experiencia\/paquete-a-bariloche-aventura-2026\/\" class=\"d-block\">\n\t\t\t\t<div class=\"mb-1 d-flex align-items-center font-size-14 text-gray-1\">\n\t\t\t\t\t<i class=\"icon flaticon-pin-1 mr-2 font-size-15\"><\/i>\n\t\t\t\t\tBariloche\t\t\t\t<\/div>\n\t\t\t<\/a>\n\t\t\t\t\t<a href=\"https:\/\/barilocheexperience.com.ar\/pt\/experiencia\/paquete-a-bariloche-aventura-2026\/\" class=\"stretched-link card-title text-dark\">\n\t\t<h2 class=\"woocommerce-loop-product__title font-size-17 font-weight-bold\">Pacote Bariloche - Aventura 2026<\/h2><\/a>\t\t\t<div class=\"mb-1 d-flex align-items-center font-size-14 text-gray-1\">\n\t\t\t\t<i class=\"icon flaticon-clock-circular-outline mr-2 font-size-14\"><\/i>\n\t\t\t\t5 noites\t\t\t<\/div>\n\t\t\t\t\t<\/div><!-- \/.card-body -->\n\t\t\t\t<\/div><!-- \/.card -->\n\t\t<\/div>\n<div class=\"product type-product post-16354 status-publish last instock product_cat-paquetes has-post-thumbnail shipping-taxable product-type-external mb-3 mb-md-4 pb-1\">\n\t\t\t<div class=\"card transition-3d-hover shadow-hover-2 h-100 tab-card\">\n\t\t\t\t<div class=\"card-header position-relative mb-2 p-0\">\n\t\t\t\t<a href=\"https:\/\/barilocheexperience.com.ar\/pt\/experiencia\/paquete-a-iguazu-2026\/\" class=\"d-block gradient-overlay-half-bg-gradient-v5\">\n\t\t<img loading=\"lazy\" decoding=\"async\" width=\"300\" height=\"300\" src=\"https:\/\/barilocheexperience.com.ar\/wp-content\/uploads\/2025\/12\/4-300x300.jpg\" class=\"min-height-230 bg-img-hero card-img-top\" alt=\"Paquete a Iguaz\u00fa - 2026\" \/>\t\t<\/a>\n\t\t<div class=\"price-wrapper position-absolute bottom-0 left-0 right-0\"><div class=\"px-3 pb-2\">\n\t\t<span class=\"123 woocommerce-loop-product__categories text-truncate d-block text-gray-10\"><a href=\"https:\/\/barilocheexperience.com.ar\/pt\/producto-turistico\/paquetes\/\" class=\"font-weight-normal font-size-14 text-white\" rel=\"tag\">Pacotes<\/a><\/span>\t<span class=\"price\">\n\t\t<span class=\"elex-ppct-before-text\"> <\/span> <span class=\"woocommerce-Price-amount font-weight-bold h5 mb-0 text-white amount\"><bdi><span class=\"woocommerce-Price-currencySymbol\">&#036;<\/span>355<\/bdi><\/span>\t<\/span>\n\t\t<\/div><\/div><!-- \/.price-wrapper -->\n\t\t\t\t<\/div><!-- \/.card-header -->\n\t\t\t\t<div class=\"position-relative card-body px-4 py-2\">\n\t\t\t\t\t<a href=\"https:\/\/barilocheexperience.com.ar\/pt\/experiencia\/paquete-a-iguazu-2026\/\" class=\"d-block\">\n\t\t\t\t<div class=\"mb-1 d-flex align-items-center font-size-14 text-gray-1\">\n\t\t\t\t\t<i class=\"icon flaticon-pin-1 mr-2 font-size-15\"><\/i>\n\t\t\t\t\tIgua\u00e7u\t\t\t\t<\/div>\n\t\t\t<\/a>\n\t\t\t\t\t<a href=\"https:\/\/barilocheexperience.com.ar\/pt\/experiencia\/paquete-a-iguazu-2026\/\" class=\"stretched-link card-title text-dark\">\n\t\t<h2 class=\"woocommerce-loop-product__title font-size-17 font-weight-bold\">Pacote para Iguazu - 2026<\/h2><\/a>\t\t\t<div class=\"mb-1 d-flex align-items-center font-size-14 text-gray-1\">\n\t\t\t\t<i class=\"icon flaticon-clock-circular-outline mr-2 font-size-14\"><\/i>\n\t\t\t\t4 noites\t\t\t<\/div>\n\t\t\t\t\t<\/div><!-- \/.card-body -->\n\t\t\t\t<\/div><!-- \/.card -->\n\t\t<\/div>\n<div class=\"product type-product post-16370 status-publish first instock product_cat-paquetes has-post-thumbnail shipping-taxable product-type-external mb-3 mb-md-4 pb-1\">\n\t\t\t<div class=\"card transition-3d-hover shadow-hover-2 h-100 tab-card\">\n\t\t\t\t<div class=\"card-header position-relative mb-2 p-0\">\n\t\t\t\t<a href=\"https:\/\/barilocheexperience.com.ar\/pt\/experiencia\/paquetes-al-mundial-2026\/\" class=\"d-block gradient-overlay-half-bg-gradient-v5\">\n\t\t<img loading=\"lazy\" decoding=\"async\" width=\"300\" height=\"300\" src=\"https:\/\/barilocheexperience.com.ar\/wp-content\/uploads\/2025\/12\/Untitled-design-28-300x300.png\" class=\"min-height-230 bg-img-hero card-img-top\" alt=\"Paquetes al Mundial 2026\" \/>\t\t<\/a>\n\t\t<div class=\"price-wrapper position-absolute bottom-0 left-0 right-0\"><div class=\"px-3 pb-2\">\n\t\t<span class=\"123 woocommerce-loop-product__categories text-truncate d-block text-gray-10\"><a href=\"https:\/\/barilocheexperience.com.ar\/pt\/producto-turistico\/paquetes\/\" class=\"font-weight-normal font-size-14 text-white\" rel=\"tag\">Pacotes<\/a><\/span>\t<span class=\"price\">\n\t\t<span class=\"elex-ppct-before-text\"> <\/span> <span class=\"woocommerce-Price-amount font-weight-bold h5 mb-0 text-white amount\"><bdi><span class=\"woocommerce-Price-currencySymbol\">&#036;<\/span>2,016<\/bdi><\/span>\t<\/span>\n\t\t<\/div><\/div><!-- \/.price-wrapper -->\n\t\t\t\t<\/div><!-- \/.card-header -->\n\t\t\t\t<div class=\"position-relative card-body px-4 py-2\">\n\t\t\t\t\t<a href=\"https:\/\/barilocheexperience.com.ar\/pt\/experiencia\/paquetes-al-mundial-2026\/\" class=\"d-block\">\n\t\t\t\t<div class=\"mb-1 d-flex align-items-center font-size-14 text-gray-1\">\n\t\t\t\t\t<i class=\"icon flaticon-pin-1 mr-2 font-size-15\"><\/i>\n\t\t\t\t\tEstados Unidos\t\t\t\t<\/div>\n\t\t\t<\/a>\n\t\t\t\t\t<a href=\"https:\/\/barilocheexperience.com.ar\/pt\/experiencia\/paquetes-al-mundial-2026\/\" class=\"stretched-link card-title text-dark\">\n\t\t<h2 class=\"woocommerce-loop-product__title font-size-17 font-weight-bold\">Pacotes para a Copa do Mundo de 2026<\/h2><\/a>\t\t<\/div><!-- \/.card-body -->\n\t\t\t\t<\/div><!-- \/.card -->\n\t\t<\/div>\n<\/div>\n\t\t\t\t<\/div>\n\t\t\t\t<\/div>\n\t\t\t\t\t<\/div>\n\t\t<\/div>\n\t\t\t\t<div class=\"elementor-column elementor-col-16 elementor-inner-column elementor-element elementor-element-718d4ff col-12 tab-pane fade\" data-id=\"718d4ff\" data-element_type=\"column\" aria-labelledby=\"tab-hotel\">\n\t\t\t<div class=\"p-0 elementor-widget-wrap elementor-element-populated\">\n\t\t\t\t\t\t\t<\/div>\n\t\t<\/div>\n\t\t\t\t<div class=\"elementor-column elementor-col-16 elementor-inner-column elementor-element elementor-element-75b7843 col-12 tab-pane fade\" data-id=\"75b7843\" data-element_type=\"column\" aria-labelledby=\"tab-activity\">\n\t\t\t<div class=\"p-0 elementor-widget-wrap elementor-element-populated\">\n\t\t\t\t\t\t\t<\/div>\n\t\t<\/div>\n\t\t\t\t<div class=\"elementor-column elementor-col-16 elementor-inner-column elementor-element elementor-element-ea57f10 col-12 tab-pane fade\" data-id=\"ea57f10\" data-element_type=\"column\" aria-labelledby=\"tab-rental\">\n\t\t\t<div class=\"p-0 elementor-widget-wrap elementor-element-populated\">\n\t\t\t\t\t\t\t<\/div>\n\t\t<\/div>\n\t\t\t\t<div class=\"elementor-column elementor-col-16 elementor-inner-column elementor-element elementor-element-85c7456 col-12 tab-pane fade\" data-id=\"85c7456\" data-element_type=\"column\" aria-labelledby=\"tab-car\">\n\t\t\t<div class=\"p-0 elementor-widget-wrap elementor-element-populated\">\n\t\t\t\t\t\t\t<\/div>\n\t\t<\/div>\n\t\t\t\t<div class=\"elementor-column elementor-col-16 elementor-inner-column elementor-element elementor-element-508e9a9 col-12 tab-pane fade\" data-id=\"508e9a9\" data-element_type=\"column\" aria-labelledby=\"tab-yacht\">\n\t\t\t<div class=\"p-0 elementor-widget-wrap elementor-element-populated\">\n\t\t\t\t\t\t\t<\/div>\n\t\t<\/div>\n\t\t\t\t\t<\/div>\n\t\t<\/div>\n\t\t\t\t\t<\/div>\n\t\t<\/div>\n\t\t\t\t\t<\/div>\n\t\t<\/section>\n\t\t\t\t<\/div>","protected":false},"excerpt":{"rendered":"Pacotes tur\u00edsticos Descubra Bariloche conosco em #BarilocheExperience. Estes s\u00e3o nossos pacotes Explore a natureza, a cultura e a aventura com nossas excurs\u00f5es e pacotes tur\u00edsticos, reserve agora e viva momentos inesquec\u00edveis!","protected":false},"author":1,"featured_media":0,"parent":0,"menu_order":0,"comment_status":"closed","ping_status":"closed","template":"elementor_header_footer","meta":{"_acf_changed":false,"footnotes":""},"class_list":["post-14402","page","type-page","status-publish","hentry"],"acf":[],"_links":{"self":[{"href":"https:\/\/barilocheexperience.com.ar\/pt\/wp-json\/wp\/v2\/pages\/14402","targetHints":{"allow":["GET"]}}],"collection":[{"href":"https:\/\/barilocheexperience.com.ar\/pt\/wp-json\/wp\/v2\/pages"}],"about":[{"href":"https:\/\/barilocheexperience.com.ar\/pt\/wp-json\/wp\/v2\/types\/page"}],"author":[{"embeddable":true,"href":"https:\/\/barilocheexperience.com.ar\/pt\/wp-json\/wp\/v2\/users\/1"}],"replies":[{"embeddable":true,"href":"https:\/\/barilocheexperience.com.ar\/pt\/wp-json\/wp\/v2\/comments?post=14402"}],"version-history":[{"count":37,"href":"https:\/\/barilocheexperience.com.ar\/pt\/wp-json\/wp\/v2\/pages\/14402\/revisions"}],"predecessor-version":[{"id":16394,"href":"https:\/\/barilocheexperience.com.ar\/pt\/wp-json\/wp\/v2\/pages\/14402\/revisions\/16394"}],"wp:attachment":[{"href":"https:\/\/barilocheexperience.com.ar\/pt\/wp-json\/wp\/v2\/media?parent=14402"}],"curies":[{"name":"wp","href":"https:\/\/api.w.org\/{rel}","templated":true}]}}