{"id":15409,"date":"2024-08-27T18:32:13","date_gmt":"2024-08-27T21:32:13","guid":{"rendered":"https:\/\/barilocheexperience.com.ar\/?page_id=15409"},"modified":"2025-08-18T17:38:04","modified_gmt":"2025-08-18T20:38:04","slug":"promociones","status":"publish","type":"page","link":"https:\/\/barilocheexperience.com.ar\/pt\/promociones\/","title":{"rendered":"Promo\u00e7\u00f5es"},"content":{"rendered":"<div data-elementor-type=\"wp-page\" data-elementor-id=\"15409\" class=\"elementor elementor-15409\">\n\t\t\t\t\t\t<section class=\"elementor-section elementor-top-section elementor-element elementor-element-969de44 elementor-section-boxed elementor-section-height-default elementor-section-height-default\" data-id=\"969de44\" data-element_type=\"section\">\n\t\t\t\t\t\t<div class=\"elementor-container elementor-column-gap-default\">\n\t\t\t\t\t<div class=\"elementor-column elementor-col-100 elementor-top-column elementor-element elementor-element-c55260d\" data-id=\"c55260d\" data-element_type=\"column\">\n\t\t\t<div class=\"p-0 elementor-widget-wrap elementor-element-populated\">\n\t\t\t\t\t\t<div class=\"elementor-section elementor-inner-section elementor-element elementor-element-4e02614 elementor-section-full_width elementor-section-height-default elementor-section-height-default\" data-id=\"4e02614\" data-element_type=\"section\">\n\t\t\t\t\t\t<div class=\"elementor-container elementor-column-gap-default\">\n\t\t\t\t\t<div class=\"elementor-column elementor-col-100 elementor-inner-column elementor-element elementor-element-830179d\" data-id=\"830179d\" data-element_type=\"column\">\n\t\t\t<div class=\"elementor-widget-wrap elementor-element-populated\">\n\t\t\t\t\t\t<div class=\"elementor-element elementor-element-85d3c47 elementor-position-left elementor-vertical-align-middle elementor-widget elementor-widget-image-box\" data-id=\"85d3c47\" data-element_type=\"widget\" data-widget_type=\"image-box.default\">\n\t\t\t\t<div class=\"elementor-widget-container\">\n\t\t\t\t\t<div class=\"elementor-image-box-wrapper\"><figure class=\"elementor-image-box-img\"><a href=\"https:\/\/web.whatsapp.com\/send?phone=5492944592020&#038;text=Hola,%20quiero%20consultar%20por%20la%20promo%20\" target=\"_blank\" tabindex=\"-1\"><img fetchpriority=\"high\" decoding=\"async\" width=\"733\" height=\"933\" src=\"https:\/\/barilocheexperience.com.ar\/wp-content\/uploads\/2025\/08\/WhatsApp-Image-2025-08-18-at-17.49.57.jpeg\" class=\"attachment-full size-full wp-image-15970\" alt=\"\" srcset=\"https:\/\/barilocheexperience.com.ar\/wp-content\/uploads\/2025\/08\/WhatsApp-Image-2025-08-18-at-17.49.57.jpeg 733w, https:\/\/barilocheexperience.com.ar\/wp-content\/uploads\/2025\/08\/WhatsApp-Image-2025-08-18-at-17.49.57-236x300.jpeg 236w, https:\/\/barilocheexperience.com.ar\/wp-content\/uploads\/2025\/08\/WhatsApp-Image-2025-08-18-at-17.49.57-9x12.jpeg 9w\" sizes=\"(max-width: 733px) 100vw, 733px\" \/><\/a><\/figure><div class=\"elementor-image-box-content\"><h3 class=\"elementor-image-box-title\"><a href=\"https:\/\/web.whatsapp.com\/send?phone=5492944592020&#038;text=Hola,%20quiero%20consultar%20por%20la%20promo%20\" target=\"_blank\">Promo\u00e7\u00e3o 3 e 6 parcelas sem juros<\/a><\/h3><p class=\"elementor-image-box-description\">Pague com cart\u00e3o de cr\u00e9dito em 3 e 6 parcelas SEM JUROS! Aplica-se a excurs\u00f5es terrestres.\n<\/br>\n<\/br>\nReserve seu lugar agora!\n<\/br>\n\ud83d\udcf2 54 9 294 459 2020.<\/p><\/div><\/div>\t\t\t\t<\/div>\n\t\t\t\t<\/div>\n\t\t\t\t\t<\/div>\n\t\t<\/div>\n\t\t\t\t\t<\/div>\n\t\t<\/div>\n\t\t\t\t\t<\/div>\n\t\t<\/div>\n\t\t\t\t\t<\/div>\n\t\t<\/section>\n\t\t\t\t<section class=\"elementor-section elementor-top-section elementor-element elementor-element-43b7401 elementor-section-boxed elementor-section-height-default elementor-section-height-default\" data-id=\"43b7401\" data-element_type=\"section\">\n\t\t\t\t\t\t<div class=\"elementor-container elementor-column-gap-default\">\n\t\t\t\t\t<div class=\"elementor-column elementor-col-100 elementor-top-column elementor-element elementor-element-6bb9192\" data-id=\"6bb9192\" data-element_type=\"column\">\n\t\t\t<div class=\"p-0 elementor-widget-wrap elementor-element-populated\">\n\t\t\t\t\t\t<div class=\"elementor-section elementor-inner-section elementor-element elementor-element-b5f99b3 elementor-section-full_width elementor-section-height-default elementor-section-height-default\" data-id=\"b5f99b3\" data-element_type=\"section\">\n\t\t\t\t\t\t<div class=\"elementor-container elementor-column-gap-default\">\n\t\t\t\t\t<div class=\"elementor-column elementor-col-100 elementor-inner-column elementor-element elementor-element-31aa2dd\" data-id=\"31aa2dd\" data-element_type=\"column\">\n\t\t\t<div class=\"elementor-widget-wrap elementor-element-populated\">\n\t\t\t\t\t\t<div class=\"elementor-element elementor-element-645097c elementor-position-left elementor-vertical-align-middle elementor-widget elementor-widget-image-box\" data-id=\"645097c\" data-element_type=\"widget\" data-widget_type=\"image-box.default\">\n\t\t\t\t<div class=\"elementor-widget-container\">\n\t\t\t\t\t<div class=\"elementor-image-box-wrapper\"><figure class=\"elementor-image-box-img\"><a href=\"https:\/\/web.whatsapp.com\/send?phone=5492944592020&#038;text=Hola,%20quiero%20consultar%20por%20la%20promo%20\" target=\"_blank\" tabindex=\"-1\"><img decoding=\"async\" width=\"733\" height=\"933\" src=\"https:\/\/barilocheexperience.com.ar\/wp-content\/uploads\/2025\/08\/WhatsApp-Image-2025-08-18-at-17.46.14.jpeg\" class=\"attachment-full size-full wp-image-15971\" alt=\"\" srcset=\"https:\/\/barilocheexperience.com.ar\/wp-content\/uploads\/2025\/08\/WhatsApp-Image-2025-08-18-at-17.46.14.jpeg 733w, https:\/\/barilocheexperience.com.ar\/wp-content\/uploads\/2025\/08\/WhatsApp-Image-2025-08-18-at-17.46.14-236x300.jpeg 236w, https:\/\/barilocheexperience.com.ar\/wp-content\/uploads\/2025\/08\/WhatsApp-Image-2025-08-18-at-17.46.14-9x12.jpeg 9w\" sizes=\"(max-width: 733px) 100vw, 733px\" \/><\/a><\/figure><div class=\"elementor-image-box-content\"><h3 class=\"elementor-image-box-title\"><a href=\"https:\/\/web.whatsapp.com\/send?phone=5492944592020&#038;text=Hola,%20quiero%20consultar%20por%20la%20promo%20\" target=\"_blank\">20% OFF por transfer\u00eancia<\/a><\/h3><p class=\"elementor-image-box-description\">Pague sua excurs\u00e3o em terra por transfer\u00eancia banc\u00e1ria e ganhe um desconto imperd\u00edvel!\n<\/br>\n<\/br>\nReserve seu lugar agora!\n<\/br>\n\ud83d\udcf2 54 9 294 459 2020.<\/p><\/div><\/div>\t\t\t\t<\/div>\n\t\t\t\t<\/div>\n\t\t\t\t\t<\/div>\n\t\t<\/div>\n\t\t\t\t\t<\/div>\n\t\t<\/div>\n\t\t\t\t\t<\/div>\n\t\t<\/div>\n\t\t\t\t\t<\/div>\n\t\t<\/section>\n\t\t\t\t<\/div>","protected":false},"excerpt":{"rendered":"Promoci\u00f3n 3 y 6 cuotas sin inter\u00e9s \ud83d\udcb3 Pag\u00e1 con tarjetas de cr\u00e9dito en 3 y 6 cuotas SIN INTER\u00c9S! Aplica para excursiones terrestres. \u00a1Reserv\u00e1 tu lugar ahora! \ud83d\udcf2 54 9 294 459 2020. 20% OFF por transferencia \ud83d\udcb3 Pag\u00e1 tu excursi\u00f3n terrestre con transferencia y tenes un descuento imperdible \u00a1Reserv\u00e1 tu lugar ahora! \ud83d\udcf2&#8230;","protected":false},"author":1,"featured_media":0,"parent":0,"menu_order":0,"comment_status":"closed","ping_status":"closed","template":"elementor_header_footer","meta":{"_acf_changed":false,"footnotes":""},"class_list":["post-15409","page","type-page","status-publish","hentry"],"acf":[],"_links":{"self":[{"href":"https:\/\/barilocheexperience.com.ar\/pt\/wp-json\/wp\/v2\/pages\/15409","targetHints":{"allow":["GET"]}}],"collection":[{"href":"https:\/\/barilocheexperience.com.ar\/pt\/wp-json\/wp\/v2\/pages"}],"about":[{"href":"https:\/\/barilocheexperience.com.ar\/pt\/wp-json\/wp\/v2\/types\/page"}],"author":[{"embeddable":true,"href":"https:\/\/barilocheexperience.com.ar\/pt\/wp-json\/wp\/v2\/users\/1"}],"replies":[{"embeddable":true,"href":"https:\/\/barilocheexperience.com.ar\/pt\/wp-json\/wp\/v2\/comments?post=15409"}],"version-history":[{"count":49,"href":"https:\/\/barilocheexperience.com.ar\/pt\/wp-json\/wp\/v2\/pages\/15409\/revisions"}],"predecessor-version":[{"id":15977,"href":"https:\/\/barilocheexperience.com.ar\/pt\/wp-json\/wp\/v2\/pages\/15409\/revisions\/15977"}],"wp:attachment":[{"href":"https:\/\/barilocheexperience.com.ar\/pt\/wp-json\/wp\/v2\/media?parent=15409"}],"curies":[{"name":"wp","href":"https:\/\/api.w.org\/{rel}","templated":true}]}}