{"id":15817,"date":"2025-03-10T13:11:26","date_gmt":"2025-03-10T16:11:26","guid":{"rendered":"https:\/\/barilocheexperience.com.ar\/?page_id=15817"},"modified":"2025-03-10T13:13:20","modified_gmt":"2025-03-10T16:13:20","slug":"cookies","status":"publish","type":"page","link":"https:\/\/barilocheexperience.com.ar\/pt\/cookies\/","title":{"rendered":"Cookies"},"content":{"rendered":"<div data-elementor-type=\"wp-page\" data-elementor-id=\"15817\" class=\"elementor elementor-15817\">\n\t\t\t\t<div class=\"elementor-element elementor-element-5aafbda e-con-full e-flex e-con e-parent\" data-id=\"5aafbda\" data-element_type=\"container\">\n\t\t\t\t<div class=\"elementor-element elementor-element-2d0e863 elementor-widget elementor-widget-text-editor\" data-id=\"2d0e863\" data-element_type=\"widget\" data-widget_type=\"text-editor.default\">\n\t\t\t\t<div class=\"elementor-widget-container\">\n\t\t\t\t\t\t\t\t\t<p data-start=\"63\" data-end=\"816\"><strong data-start=\"63\" data-end=\"88\">O QUE S\u00c3O COOKIES?<\/strong><br data-start=\"88\" data-end=\"91\" \/>Cookies s\u00e3o pequenos arquivos de dados que s\u00e3o recebidos no terminal pelo site visitado e s\u00e3o usados para registrar determinadas intera\u00e7\u00f5es de navega\u00e7\u00e3o em um site, armazenando dados que podem ser atualizados e recuperados. Esses arquivos s\u00e3o armazenados no computador do usu\u00e1rio e cont\u00eam dados an\u00f4nimos que n\u00e3o s\u00e3o prejudiciais ao computador do usu\u00e1rio. Eles s\u00e3o usados para lembrar as prefer\u00eancias do usu\u00e1rio, como sele\u00e7\u00e3o de idioma, detalhes de login ou personaliza\u00e7\u00e3o de p\u00e1ginas. Os cookies tamb\u00e9m podem ser usados para registrar informa\u00e7\u00f5es an\u00f4nimas sobre como um visitante usa um site. Por exemplo, a partir de qual p\u00e1gina da Web voc\u00ea acessou o site ou se usou um banner de an\u00fancio para chegar l\u00e1.<\/p><p data-start=\"818\" data-end=\"1605\"><strong data-start=\"818\" data-end=\"872\">POR QUE A BARILOCHE EXPERIENCE SRL USA COOKIES?<\/strong><br data-start=\"872\" data-end=\"875\" \/>Usamos cookies que s\u00e3o estritamente necess\u00e1rios e essenciais para que voc\u00ea use nosso site e permita que voc\u00ea se desloque livremente, use \u00e1reas seguras, op\u00e7\u00f5es personalizadas etc. Al\u00e9m disso, usamos cookies que coletam dados relacionados \u00e0 an\u00e1lise de uso da Web. Eles s\u00e3o usados para ajudar a melhorar o servi\u00e7o ao usu\u00e1rio, medindo o uso e o desempenho do site, para otimiz\u00e1-lo e personaliz\u00e1-lo. Nossos sites tamb\u00e9m podem ter links para redes sociais (como Facebook ou Twitter). <strong data-start=\"1382\" data-end=\"1410\">BARILOCHE EXPERIENCE SRL<\/strong> n\u00e3o controla os cookies usados por esses sites externos. Para obter mais informa\u00e7\u00f5es sobre cookies de redes sociais ou outros sites externos, recomendamos que voc\u00ea verifique suas pr\u00f3prias pol\u00edticas de cookies.<\/p><p data-start=\"1607\" data-end=\"1628\"><strong data-start=\"1607\" data-end=\"1628\">TIPOS DE COOKIES:<\/strong><\/p><ul data-start=\"1629\" data-end=\"3182\"><li data-start=\"1629\" data-end=\"1926\"><p data-start=\"1631\" data-end=\"1671\"><strong data-start=\"1631\" data-end=\"1669\">Dependendo da entidade que os gerencia:<\/strong><\/p><ul data-start=\"1674\" data-end=\"1926\"><li data-start=\"1674\" data-end=\"1775\"><strong data-start=\"1676\" data-end=\"1696\">Cookies pr\u00f3prios:<\/strong> Os cookies prim\u00e1rios s\u00e3o aqueles gerados pelo site que voc\u00ea est\u00e1 visitando.<\/li><li data-start=\"1778\" data-end=\"1926\"><strong data-start=\"1780\" data-end=\"1804\">Cookies de terceiros:<\/strong> Cookies de terceiros s\u00e3o aqueles gerados por servi\u00e7os ou provedores externos, como Facebook, Twitter, Google, etc.<\/li><\/ul><\/li><li data-start=\"1928\" data-end=\"2755\"><p data-start=\"1930\" data-end=\"1955\"><strong data-start=\"1930\" data-end=\"1953\">De acordo com sua finalidade:<\/strong><\/p><ul data-start=\"1958\" data-end=\"2755\"><li data-start=\"1958\" data-end=\"2177\"><strong data-start=\"1960\" data-end=\"1981\">Cookies t\u00e9cnicos:<\/strong> Cookies t\u00e9cnicos s\u00e3o aqueles que s\u00e3o essenciais e estritamente necess\u00e1rios para o funcionamento correto de um site e para o uso das diferentes op\u00e7\u00f5es e servi\u00e7os que ele oferece.<\/li><li data-start=\"2180\" data-end=\"2344\"><strong data-start=\"2182\" data-end=\"2213\">Cookies de personaliza\u00e7\u00e3o:<\/strong> Esses cookies permitem que o usu\u00e1rio especifique ou personalize alguns recursos das op\u00e7\u00f5es gerais do site.<\/li><li data-start=\"2347\" data-end=\"2597\"><strong data-start=\"2349\" data-end=\"2372\">Cookies anal\u00edticos:<\/strong> Os cookies anal\u00edticos s\u00e3o aqueles usados por nossos portais da Web para criar perfis de navega\u00e7\u00e3o e para conhecer as prefer\u00eancias dos usu\u00e1rios dos mesmos, a fim de melhorar a oferta de produtos e servi\u00e7os.<\/li><li data-start=\"2600\" data-end=\"2753\"><strong data-start=\"2602\" data-end=\"2644\">Cookies de publicidade\/propaganda:<\/strong> Os cookies de publicidade permitem o gerenciamento do espa\u00e7o de publicidade com base em crit\u00e9rios espec\u00edficos.<\/li><\/ul><\/li><li data-start=\"2756\" data-end=\"3182\"><p data-start=\"2758\" data-end=\"2776\"><strong data-start=\"2758\" data-end=\"2774\">De acordo com o prazo:<\/strong><\/p><ul data-start=\"2779\" data-end=\"3182\"><li data-start=\"2779\" data-end=\"2932\"><strong data-start=\"2781\" data-end=\"2803\">Cookies de sess\u00e3o:<\/strong> Os cookies de sess\u00e3o s\u00e3o aqueles que duram enquanto o usu\u00e1rio estiver navegando no site e s\u00e3o exclu\u00eddos no final da sess\u00e3o.<\/li><li data-start=\"2935\" data-end=\"3182\"><strong data-start=\"2937\" data-end=\"2962\">Cookies persistentes:<\/strong> Esses cookies s\u00e3o armazenados no terminal do usu\u00e1rio por um per\u00edodo de tempo mais longo, facilitando o controle das prefer\u00eancias escolhidas sem a necessidade de repetir determinados par\u00e2metros sempre que o site for visitado.<\/li><\/ul><\/li><\/ul><p data-start=\"3184\" data-end=\"3469\"><strong data-start=\"3184\" data-end=\"3233\">IDENTIFICA\u00c7\u00c3O DOS COOKIES NESTE SITE:<\/strong><br data-start=\"3233\" data-end=\"3236\" \/>Os cookies usados neste site podem ser processados por n\u00f3s e tamb\u00e9m por terceiros listados abaixo, com os quais contratamos para fornecer servi\u00e7os para os quais o uso de cookies \u00e9 necess\u00e1rio:<\/p><ul data-start=\"3470\" data-end=\"3567\"><li data-start=\"3470\" data-end=\"3483\">An\u00e1lises<\/li><li data-start=\"3484\" data-end=\"3495\">Youtube<\/li><li data-start=\"3496\" data-end=\"3505\">Vimeo<\/li><li data-start=\"3506\" data-end=\"3518\">Facebook<\/li><li data-start=\"3519\" data-end=\"3530\">Twitter<\/li><li data-start=\"3531\" data-end=\"3542\">Addthis<\/li><li data-start=\"3543\" data-end=\"3558\">DoubleClick<\/li><li data-start=\"3559\" data-end=\"3567\">Yandex<\/li><\/ul><p data-start=\"3569\" data-end=\"4211\"><strong data-start=\"3569\" data-end=\"3609\">COMO DESATIVAR OU EXCLUIR COOKIES?<\/strong><br data-start=\"3609\" data-end=\"3612\" \/>Para estarmos em conformidade com a legisla\u00e7\u00e3o atual, precisamos solicitar sua permiss\u00e3o para gerenciar cookies. Se voc\u00ea decidir n\u00e3o autorizar o processamento indicando sua n\u00e3o conformidade, usaremos apenas cookies t\u00e9cnicos, pois eles s\u00e3o essenciais para a navega\u00e7\u00e3o em nosso site. Nesse caso, n\u00e3o armazenaremos nenhum cookie. Se voc\u00ea continuar navegando em nosso site sem recusar sua autoriza\u00e7\u00e3o, isso significa que voc\u00ea aceita o uso desses cookies. Observe que, se voc\u00ea rejeitar ou excluir cookies ao navegar no site da <strong data-start=\"4116\" data-end=\"4144\">BARILOCHE EXPERIENCE SRL<\/strong>Algumas funcionalidades podem n\u00e3o estar dispon\u00edveis.<\/p>\t\t\t\t\t\t\t\t<\/div>\n\t\t\t\t<\/div>\n\t\t\t\t<\/div>\n\t\t\t\t<\/div>","protected":false},"excerpt":{"rendered":"O QUE S\u00c3O COOKIES? Cookies s\u00e3o pequenos arquivos de dados recebidos pelo terminal do site visitado e usados para registrar determinadas intera\u00e7\u00f5es de navega\u00e7\u00e3o em um site, armazenando dados que podem ser atualizados e recuperados. Esses arquivos s\u00e3o armazenados no computador do usu\u00e1rio e cont\u00eam dados que podem ser...","protected":false},"author":1,"featured_media":0,"parent":0,"menu_order":0,"comment_status":"closed","ping_status":"closed","template":"","meta":{"_acf_changed":false,"footnotes":""},"class_list":["post-15817","page","type-page","status-publish","hentry"],"acf":[],"_links":{"self":[{"href":"https:\/\/barilocheexperience.com.ar\/pt\/wp-json\/wp\/v2\/pages\/15817","targetHints":{"allow":["GET"]}}],"collection":[{"href":"https:\/\/barilocheexperience.com.ar\/pt\/wp-json\/wp\/v2\/pages"}],"about":[{"href":"https:\/\/barilocheexperience.com.ar\/pt\/wp-json\/wp\/v2\/types\/page"}],"author":[{"embeddable":true,"href":"https:\/\/barilocheexperience.com.ar\/pt\/wp-json\/wp\/v2\/users\/1"}],"replies":[{"embeddable":true,"href":"https:\/\/barilocheexperience.com.ar\/pt\/wp-json\/wp\/v2\/comments?post=15817"}],"version-history":[{"count":4,"href":"https:\/\/barilocheexperience.com.ar\/pt\/wp-json\/wp\/v2\/pages\/15817\/revisions"}],"predecessor-version":[{"id":15821,"href":"https:\/\/barilocheexperience.com.ar\/pt\/wp-json\/wp\/v2\/pages\/15817\/revisions\/15821"}],"wp:attachment":[{"href":"https:\/\/barilocheexperience.com.ar\/pt\/wp-json\/wp\/v2\/media?parent=15817"}],"curies":[{"name":"wp","href":"https:\/\/api.w.org\/{rel}","templated":true}]}}