{"id":16171,"date":"2025-08-28T10:57:27","date_gmt":"2025-08-28T13:57:27","guid":{"rendered":"https:\/\/barilocheexperience.com.ar\/?page_id=16171"},"modified":"2025-11-03T22:44:29","modified_gmt":"2025-11-04T01:44:29","slug":"excursiones-terrestres","status":"publish","type":"page","link":"https:\/\/barilocheexperience.com.ar\/pt\/excursiones-terrestres\/","title":{"rendered":"Excurs\u00f5es terrestres"},"content":{"rendered":"<div data-elementor-type=\"wp-page\" data-elementor-id=\"16171\" class=\"elementor elementor-16171\">\n\t\t\t\t\t\t\t<div class=\"dzsparallaxer auto-init height-is-based-on-content use-loading mode-scroll\" data-options='{direction: \"normal\"}'>\n\t\t\t\t\t\t\t\t\t<div class=\"divimage dzsparallaxer--target\" style=\"height:130%; background-image: url(https:\/\/barilocheexperience.com.ar\/wp-content\/uploads\/2024\/06\/excursiones-hero-1.webp);\"><\/div>\n\t\t\t\t\t\t\t<div class=\"elementor-section elementor-top-section elementor-element elementor-element-f956acf elementor-section-full_width hero-block hero-v1 bg-img-hero-bottom gradient-overlay-half-black-gradient text-center z-index-2 elementor-reverse-tablet elementor-reverse-mobile elementor-section-height-default elementor-section-height-default\" data-id=\"f956acf\" data-element_type=\"section\" data-settings=\"{&quot;background_background&quot;:&quot;classic&quot;}\">\n\t\t\t\t\t\t\t<div class=\"elementor-background-overlay\"><\/div>\n\t\t\t\t\t\t\t<div class=\"elementor-container elementor-column-gap-default container space-2 space-top-xl-4 flex-wrap\">\n\t\t\t\t\t<div class=\"elementor-column elementor-col-100 elementor-top-column elementor-element elementor-element-15696a4 col\" data-id=\"15696a4\" data-element_type=\"column\">\n\t\t\t<div class=\"p-0 elementor-widget-wrap elementor-element-populated\">\n\t\t\t\t\t\t<div class=\"elementor-section elementor-inner-section elementor-element elementor-element-9e08f35 elementor-section-full_width elementor-section-height-default elementor-section-height-default\" data-id=\"9e08f35\" data-element_type=\"section\">\n\t\t\t\t\t\t<div class=\"elementor-container elementor-column-gap-default row justify-content-md-center pb-xl-8 row-margin\">\n\t\t\t\t\t<div class=\"elementor-column elementor-col-100 elementor-inner-column elementor-element elementor-element-aa68c39\" data-id=\"aa68c39\" data-element_type=\"column\">\n\t\t\t<div class=\"py-8 py-xl-10 pb-5 p-0 elementor-widget-wrap elementor-element-populated\">\n\t\t\t\t\t\t<div class=\"elementor-element elementor-element-741c24e mb-0 elementor-widget elementor-widget-highlighted-heading\" data-id=\"741c24e\" data-element_type=\"widget\" data-widget_type=\"highlighted-heading.default\">\n\t\t\t\t<div class=\"elementor-widget-container\">\n\t\t\t\t\t<h1 class=\"mytravel-elementor-highlighted-heading__title font-size-60 font-size-xs-30 text-white font-weight-bold\">Excurs\u00f5es terrestres<\/h1>\t\t\t\t<\/div>\n\t\t\t\t<\/div>\n\t\t\t\t<div class=\"elementor-element elementor-element-d511a67 mb-0 elementor-widget elementor-widget-highlighted-heading\" data-id=\"d511a67\" data-element_type=\"widget\" data-widget_type=\"highlighted-heading.default\">\n\t\t\t\t<div class=\"elementor-widget-container\">\n\t\t\t\t\t<p class=\"mytravel-elementor-highlighted-heading__title font-size-20 font-weight-normal text-white\">Estas s\u00e3o as nossas excurs\u00f5es especialmente projetadas para voc\u00ea descobrir Bariloche e suas belezas \u00fanicas.<\/p>\t\t\t\t<\/div>\n\t\t\t\t<\/div>\n\t\t\t\t\t<\/div>\n\t\t<\/div>\n\t\t\t\t\t<\/div>\n\t\t<\/div>\n\t\t\t\t\t<\/div>\n\t\t<\/div>\n\t\t\t\t\t<\/div>\n\t\t<\/div>\n\t\t\t\t\t<\/div><!-- \/.custom-wrap -->\n\t\t\t\t\t<div class=\"elementor-section elementor-top-section elementor-element elementor-element-5d3c749 elementor-section-boxed elementor-section-height-default elementor-section-height-default\" data-id=\"5d3c749\" data-element_type=\"section\" id=\"aventura\">\n\t\t\t\t\t\t<div class=\"elementor-container elementor-column-gap-default container\">\n\t\t\t\t\t<div class=\"elementor-column elementor-col-100 elementor-top-column elementor-element elementor-element-c0a9431\" data-id=\"c0a9431\" data-element_type=\"column\">\n\t\t\t<div class=\"p-0 elementor-widget-wrap elementor-element-populated\">\n\t\t\t\t\t\t<div class=\"elementor-element elementor-element-8f92b85 w-md-80 w-lg-50 text-center mx-md-auto mb-5 elementor-widget elementor-widget-highlighted-heading\" data-id=\"8f92b85\" data-element_type=\"widget\" data-widget_type=\"highlighted-heading.default\">\n\t\t\t\t<div class=\"elementor-widget-container\">\n\t\t\t\t\t<h2 class=\"mytravel-elementor-highlighted-heading__title section-title text-black font-size-30 font-weight-bold mb-0\">Excurs\u00f5es terrestres<\/h2>\t\t\t\t<\/div>\n\t\t\t\t<\/div>\n\t\t\t\t\t<\/div>\n\t\t<\/div>\n\t\t\t\t\t<\/div>\n\t\t<\/div>\n\t\t<div class=\"elementor-element elementor-element-6f43e78 e-flex e-con-boxed e-con e-parent\" data-id=\"6f43e78\" data-element_type=\"container\">\n\t\t\t\t\t<div class=\"e-con-inner\">\n\t\t\t\t<div class=\"elementor-element elementor-element-36adcbd mytravel-elementorducts-columns%s-4 elementor-widget elementor-widget-myt-woocommerce-products\" data-id=\"36adcbd\" data-element_type=\"widget\" data-widget_type=\"myt-woocommerce-products.tour\">\n\t\t\t\t<div class=\"elementor-widget-container\">\n\t\t\t\t\t<div class=\"mb-0 list-unstyled products row row-cols-md-6 row-cols-lg-6 row-cols-xl-4\"><div class=\"product type-product post-15139 status-publish first instock product_cat-excursiones-terrestres has-post-thumbnail sale shipping-taxable product-type-external mb-3 mb-md-4 pb-1\">\n\t\t\t<div class=\"card transition-3d-hover shadow-hover-2 h-100 tab-card\">\n\t\t\t\t<div class=\"card-header position-relative mb-2 p-0\">\n\t\t\t\t<a href=\"https:\/\/barilocheexperience.com.ar\/pt\/experiencia\/circuito-chico\/\" class=\"d-block gradient-overlay-half-bg-gradient-v5\">\n\t\t<img fetchpriority=\"high\" decoding=\"async\" width=\"300\" height=\"300\" src=\"https:\/\/barilocheexperience.com.ar\/wp-content\/uploads\/2024\/06\/circuito-chico-galeria-03-300x300.webp\" class=\"min-height-230 bg-img-hero card-img-top\" alt=\"Circuito Chico\" \/>\t\t<\/a>\n\t\t\t\t<div class=\"position-absolute top-0 left-0 pt-5 pl-3\">\n\t\t\t\t\t<span class=\"badge badge-pill bg-white text-danger px-3 ml-3 py-2 font-size-14 font-weight-normal\">\n\t%44\n\t<\/span>\n\t\t\t\t\t<\/div>\n\t\t\t<div class=\"price-wrapper position-absolute bottom-0 left-0 right-0\"><div class=\"px-3 pb-2\">\n\t\t<span class=\"123 woocommerce-loop-product__categories text-truncate d-block text-gray-10\"><a href=\"https:\/\/barilocheexperience.com.ar\/pt\/producto-turistico\/excursiones-terrestres\/\" class=\"font-weight-normal font-size-14 text-white\" rel=\"tag\">Excurs\u00f5es terrestres<\/a><\/span>\t<span class=\"price\">\n\t\t<span class=\"elex-ppct-before-text\">De<\/span> <del aria-hidden=\"true\"><span class=\"woocommerce-Price-amount font-weight-bold h5 mb-0 text-white amount\"><bdi><span class=\"woocommerce-Price-currencySymbol\">&#036;<\/span>45,000<\/bdi><\/span><\/del> <span class=\"screen-reader-text\" data-no-translation=\"\" data-trp-gettext=\"\">O pre\u00e7o original era: &#036;45,000.<\/span><ins><span class=\"woocommerce-Price-amount font-weight-bold h5 mb-0 text-white amount\"><bdi><span class=\"woocommerce-Price-currencySymbol\">&#036;<\/span>25,000<\/bdi><\/span><\/ins><span class=\"screen-reader-text\" data-no-translation=\"\" data-trp-gettext=\"\">O pre\u00e7o atual \u00e9: &#036;25,000.<\/span> <span class=\"elex-ppct-after-text\">Pesos argentinos<\/span>\t<\/span>\n\t\t<\/div><\/div><!-- \/.price-wrapper -->\n\t\t\t\t<\/div><!-- \/.card-header -->\n\t\t\t\t<div class=\"position-relative card-body px-4 py-2\">\n\t\t\t\t\t<a href=\"https:\/\/barilocheexperience.com.ar\/pt\/experiencia\/circuito-chico\/\" class=\"d-block\">\n\t\t\t\t<div class=\"mb-1 d-flex align-items-center font-size-14 text-gray-1\">\n\t\t\t\t\t<i class=\"icon flaticon-pin-1 mr-2 font-size-15\"><\/i>\n\t\t\t\t\tCircuito pequeno\t\t\t\t<\/div>\n\t\t\t<\/a>\n\t\t\t\t\t<a href=\"https:\/\/barilocheexperience.com.ar\/pt\/experiencia\/circuito-chico\/\" class=\"stretched-link card-title text-dark\">\n\t\t<h2 class=\"woocommerce-loop-product__title font-size-17 font-weight-bold\">Circuito pequeno<\/h2><\/a>\t\t\t<div class=\"mb-1 d-flex align-items-center font-size-14 text-gray-1\">\n\t\t\t\t<i class=\"icon flaticon-clock-circular-outline mr-2 font-size-14\"><\/i>\n\t\t\t\t4 horas \t\t\t<\/div>\n\t\t\t\t\t<\/div><!-- \/.card-body -->\n\t\t\t\t<\/div><!-- \/.card -->\n\t\t<\/div>\n<div class=\"product type-product post-15141 status-publish instock product_cat-excursiones-terrestres has-post-thumbnail shipping-taxable product-type-external mb-3 mb-md-4 pb-1\">\n\t\t\t<div class=\"card transition-3d-hover shadow-hover-2 h-100 tab-card\">\n\t\t\t\t<div class=\"card-header position-relative mb-2 p-0\">\n\t\t\t\t<a href=\"https:\/\/barilocheexperience.com.ar\/pt\/experiencia\/cerro-catedral\/\" class=\"d-block gradient-overlay-half-bg-gradient-v5\">\n\t\t<img decoding=\"async\" width=\"300\" height=\"300\" src=\"https:\/\/barilocheexperience.com.ar\/wp-content\/uploads\/2024\/06\/slider-cerro-catedral-300x300.webp\" class=\"min-height-230 bg-img-hero card-img-top\" alt=\"Cerro Catedral partir de invierno 2026\" \/>\t\t<\/a>\n\t\t<div class=\"price-wrapper position-absolute bottom-0 left-0 right-0\"><div class=\"px-3 pb-2\">\n\t\t<span class=\"123 woocommerce-loop-product__categories text-truncate d-block text-gray-10\"><a href=\"https:\/\/barilocheexperience.com.ar\/pt\/producto-turistico\/excursiones-terrestres\/\" class=\"font-weight-normal font-size-14 text-white\" rel=\"tag\">Excurs\u00f5es terrestres<\/a><\/span>\t<span class=\"price\">\n\t\t<span class=\"elex-ppct-before-text\">De<\/span> <span class=\"woocommerce-Price-amount font-weight-bold h5 mb-0 text-white amount\"><bdi><span class=\"woocommerce-Price-currencySymbol\">&#036;<\/span>45,000<\/bdi><\/span> <span class=\"elex-ppct-after-text\">Pesos argentinos<\/span>\t<\/span>\n\t\t<\/div><\/div><!-- \/.price-wrapper -->\n\t\t\t\t<\/div><!-- \/.card-header -->\n\t\t\t\t<div class=\"position-relative card-body px-4 py-2\">\n\t\t\t\t\t<a href=\"https:\/\/barilocheexperience.com.ar\/pt\/experiencia\/cerro-catedral\/\" class=\"d-block\">\n\t\t\t\t<div class=\"mb-1 d-flex align-items-center font-size-14 text-gray-1\">\n\t\t\t\t\t<i class=\"icon flaticon-pin-1 mr-2 font-size-15\"><\/i>\n\t\t\t\t\tCerro Catedral\t\t\t\t<\/div>\n\t\t\t<\/a>\n\t\t\t\t\t<a href=\"https:\/\/barilocheexperience.com.ar\/pt\/experiencia\/cerro-catedral\/\" class=\"stretched-link card-title text-dark\">\n\t\t<h2 class=\"woocommerce-loop-product__title font-size-17 font-weight-bold\">Cerro Catedral a partir do inverno de 2026<\/h2><\/a>\t\t\t<div class=\"mb-1 d-flex align-items-center font-size-14 text-gray-1\">\n\t\t\t\t<i class=\"icon flaticon-clock-circular-outline mr-2 font-size-14\"><\/i>\n\t\t\t\t4 horas \t\t\t<\/div>\n\t\t\t\t\t<\/div><!-- \/.card-body -->\n\t\t\t\t<\/div><!-- \/.card -->\n\t\t<\/div>\n<div class=\"product type-product post-15143 status-publish instock product_cat-excursiones-terrestres has-post-thumbnail shipping-taxable product-type-external mb-3 mb-md-4 pb-1\">\n\t\t\t<div class=\"card transition-3d-hover shadow-hover-2 h-100 tab-card\">\n\t\t\t\t<div class=\"card-header position-relative mb-2 p-0\">\n\t\t\t\t<a href=\"https:\/\/barilocheexperience.com.ar\/pt\/experiencia\/cerro-tronador\/\" class=\"d-block gradient-overlay-half-bg-gradient-v5\">\n\t\t<img decoding=\"async\" width=\"300\" height=\"300\" src=\"https:\/\/barilocheexperience.com.ar\/wp-content\/uploads\/2024\/08\/CERRO-TRONADOR-Y-GLACIAR-VENTISQUERO-NEGRO-1-1024x682-1-300x300.jpg\" class=\"min-height-230 bg-img-hero card-img-top\" alt=\"Cerro Tronador y Ventisquero Negro\" \/>\t\t<\/a>\n\t\t<div class=\"price-wrapper position-absolute bottom-0 left-0 right-0\"><div class=\"px-3 pb-2\">\n\t\t<span class=\"123 woocommerce-loop-product__categories text-truncate d-block text-gray-10\"><a href=\"https:\/\/barilocheexperience.com.ar\/pt\/producto-turistico\/excursiones-terrestres\/\" class=\"font-weight-normal font-size-14 text-white\" rel=\"tag\">Excurs\u00f5es terrestres<\/a><\/span>\t<span class=\"price\">\n\t\t<span class=\"elex-ppct-before-text\">De<\/span> <span class=\"woocommerce-Price-amount font-weight-bold h5 mb-0 text-white amount\"><bdi><span class=\"woocommerce-Price-currencySymbol\">&#036;<\/span>90,000<\/bdi><\/span> <span class=\"elex-ppct-after-text\">Pesos argentinos<\/span>\t<\/span>\n\t\t<\/div><\/div><!-- \/.price-wrapper -->\n\t\t\t\t<\/div><!-- \/.card-header -->\n\t\t\t\t<div class=\"position-relative card-body px-4 py-2\">\n\t\t\t\t\t<a href=\"https:\/\/barilocheexperience.com.ar\/pt\/experiencia\/cerro-tronador\/\" class=\"d-block\">\n\t\t\t\t<div class=\"mb-1 d-flex align-items-center font-size-14 text-gray-1\">\n\t\t\t\t\t<i class=\"icon flaticon-pin-1 mr-2 font-size-15\"><\/i>\n\t\t\t\t\tSerra do Tronador\t\t\t\t<\/div>\n\t\t\t<\/a>\n\t\t\t\t\t<a href=\"https:\/\/barilocheexperience.com.ar\/pt\/experiencia\/cerro-tronador\/\" class=\"stretched-link card-title text-dark\">\n\t\t<h2 class=\"woocommerce-loop-product__title font-size-17 font-weight-bold\">Cerro Tronador e Ventisquero Negro<\/h2><\/a>\t\t\t<div class=\"mb-1 d-flex align-items-center font-size-14 text-gray-1\">\n\t\t\t\t<i class=\"icon flaticon-clock-circular-outline mr-2 font-size-14\"><\/i>\n\t\t\t\t9 horas \t\t\t<\/div>\n\t\t\t\t\t<\/div><!-- \/.card-body -->\n\t\t\t\t<\/div><!-- \/.card -->\n\t\t<\/div>\n<div class=\"product type-product post-15144 status-publish last instock product_cat-excursiones-terrestres has-post-thumbnail sale shipping-taxable product-type-external mb-3 mb-md-4 pb-1\">\n\t\t\t<div class=\"card transition-3d-hover shadow-hover-2 h-100 tab-card\">\n\t\t\t\t<div class=\"card-header position-relative mb-2 p-0\">\n\t\t\t\t<a href=\"https:\/\/barilocheexperience.com.ar\/pt\/experiencia\/san-martin-villa-la-angostura-y-7-lagos\/\" class=\"d-block gradient-overlay-half-bg-gradient-v5\">\n\t\t<img loading=\"lazy\" decoding=\"async\" width=\"300\" height=\"300\" src=\"https:\/\/barilocheexperience.com.ar\/wp-content\/uploads\/2024\/08\/san-martin-04-300x300.webp\" class=\"min-height-230 bg-img-hero card-img-top\" alt=\"San Mart\u00edn, Villa la Angostura y 7 lagos\" \/>\t\t<\/a>\n\t\t\t\t<div class=\"position-absolute top-0 left-0 pt-5 pl-3\">\n\t\t\t\t\t<span class=\"badge badge-pill bg-white text-danger px-3 ml-3 py-2 font-size-14 font-weight-normal\">\n\t%32\n\t<\/span>\n\t\t\t\t\t<\/div>\n\t\t\t<div class=\"price-wrapper position-absolute bottom-0 left-0 right-0\"><div class=\"px-3 pb-2\">\n\t\t<span class=\"123 woocommerce-loop-product__categories text-truncate d-block text-gray-10\"><a href=\"https:\/\/barilocheexperience.com.ar\/pt\/producto-turistico\/excursiones-terrestres\/\" class=\"font-weight-normal font-size-14 text-white\" rel=\"tag\">Excurs\u00f5es terrestres<\/a><\/span>\t<span class=\"price\">\n\t\t<span class=\"elex-ppct-before-text\">De<\/span> <del aria-hidden=\"true\"><span class=\"woocommerce-Price-amount font-weight-bold h5 mb-0 text-white amount\"><bdi><span class=\"woocommerce-Price-currencySymbol\">&#036;<\/span>100,000<\/bdi><\/span><\/del> <span class=\"screen-reader-text\" data-no-translation=\"\" data-trp-gettext=\"\">O pre\u00e7o original era: &#036;100,000.<\/span><ins><span class=\"woocommerce-Price-amount font-weight-bold h5 mb-0 text-white amount\"><bdi><span class=\"woocommerce-Price-currencySymbol\">&#036;<\/span>68,000<\/bdi><\/span><\/ins><span class=\"screen-reader-text\" data-no-translation=\"\" data-trp-gettext=\"\">O pre\u00e7o atual \u00e9: &#036;68,000.<\/span> <span class=\"elex-ppct-after-text\">Pesos argentinos<\/span>\t<\/span>\n\t\t<\/div><\/div><!-- \/.price-wrapper -->\n\t\t\t\t<\/div><!-- \/.card-header -->\n\t\t\t\t<div class=\"position-relative card-body px-4 py-2\">\n\t\t\t\t\t<a href=\"https:\/\/barilocheexperience.com.ar\/pt\/experiencia\/san-martin-villa-la-angostura-y-7-lagos\/\" class=\"d-block\">\n\t\t\t\t<div class=\"mb-1 d-flex align-items-center font-size-14 text-gray-1\">\n\t\t\t\t\t<i class=\"icon flaticon-pin-1 mr-2 font-size-15\"><\/i>\n\t\t\t\t\tSan Martin de los Andes\t\t\t\t<\/div>\n\t\t\t<\/a>\n\t\t\t\t\t<a href=\"https:\/\/barilocheexperience.com.ar\/pt\/experiencia\/san-martin-villa-la-angostura-y-7-lagos\/\" class=\"stretched-link card-title text-dark\">\n\t\t<h2 class=\"woocommerce-loop-product__title font-size-17 font-weight-bold\">San Mart\u00edn, Villa la Angostura e 7 lagos<\/h2><\/a>\t\t\t<div class=\"mb-1 d-flex align-items-center font-size-14 text-gray-1\">\n\t\t\t\t<i class=\"icon flaticon-clock-circular-outline mr-2 font-size-14\"><\/i>\n\t\t\t\t10 horas \t\t\t<\/div>\n\t\t\t\t\t<\/div><!-- \/.card-body -->\n\t\t\t\t<\/div><!-- \/.card -->\n\t\t<\/div>\n<div class=\"product type-product post-15152 status-publish first instock product_cat-excursiones-terrestres has-post-thumbnail shipping-taxable product-type-external mb-3 mb-md-4 pb-1\">\n\t\t\t<div class=\"card transition-3d-hover shadow-hover-2 h-100 tab-card\">\n\t\t\t\t<div class=\"card-header position-relative mb-2 p-0\">\n\t\t\t\t<a href=\"https:\/\/barilocheexperience.com.ar\/pt\/experiencia\/el-bolson-y-lago-puelo\/\" class=\"d-block gradient-overlay-half-bg-gradient-v5\">\n\t\t<img loading=\"lazy\" decoding=\"async\" width=\"300\" height=\"300\" src=\"https:\/\/barilocheexperience.com.ar\/wp-content\/uploads\/2024\/08\/bolson-puelo-galeria-03-300x300.webp\" class=\"min-height-230 bg-img-hero card-img-top\" alt=\"El Bols\u00f3n y Lago Puelo\" \/>\t\t<\/a>\n\t\t<div class=\"price-wrapper position-absolute bottom-0 left-0 right-0\"><div class=\"px-3 pb-2\">\n\t\t<span class=\"123 woocommerce-loop-product__categories text-truncate d-block text-gray-10\"><a href=\"https:\/\/barilocheexperience.com.ar\/pt\/producto-turistico\/excursiones-terrestres\/\" class=\"font-weight-normal font-size-14 text-white\" rel=\"tag\">Excurs\u00f5es terrestres<\/a><\/span>\t<span class=\"price\">\n\t\t<span class=\"elex-ppct-before-text\">De<\/span> <span class=\"woocommerce-Price-amount font-weight-bold h5 mb-0 text-white amount\"><bdi><span class=\"woocommerce-Price-currencySymbol\">&#036;<\/span>85,000<\/bdi><\/span> <span class=\"elex-ppct-after-text\">Pesos argentinos<\/span>\t<\/span>\n\t\t<\/div><\/div><!-- \/.price-wrapper -->\n\t\t\t\t<\/div><!-- \/.card-header -->\n\t\t\t\t<div class=\"position-relative card-body px-4 py-2\">\n\t\t\t\t\t<a href=\"https:\/\/barilocheexperience.com.ar\/pt\/experiencia\/el-bolson-y-lago-puelo\/\" class=\"d-block\">\n\t\t\t\t<div class=\"mb-1 d-flex align-items-center font-size-14 text-gray-1\">\n\t\t\t\t\t<i class=\"icon flaticon-pin-1 mr-2 font-size-15\"><\/i>\n\t\t\t\t\tEl Bols\u00f3n\t\t\t\t<\/div>\n\t\t\t<\/a>\n\t\t\t\t\t<a href=\"https:\/\/barilocheexperience.com.ar\/pt\/experiencia\/el-bolson-y-lago-puelo\/\" class=\"stretched-link card-title text-dark\">\n\t\t<h2 class=\"woocommerce-loop-product__title font-size-17 font-weight-bold\">El Bols\u00f3n e Lago Puelo<\/h2><\/a>\t\t\t<div class=\"mb-1 d-flex align-items-center font-size-14 text-gray-1\">\n\t\t\t\t<i class=\"icon flaticon-clock-circular-outline mr-2 font-size-14\"><\/i>\n\t\t\t\t10 horas\t\t\t<\/div>\n\t\t\t\t\t<\/div><!-- \/.card-body -->\n\t\t\t\t<\/div><!-- \/.card -->\n\t\t<\/div>\n<div class=\"product type-product post-15164 status-publish instock product_cat-excursiones-terrestres has-post-thumbnail shipping-taxable product-type-external mb-3 mb-md-4 pb-1\">\n\t\t\t<div class=\"card transition-3d-hover shadow-hover-2 h-100 tab-card\">\n\t\t\t\t<div class=\"card-header position-relative mb-2 p-0\">\n\t\t\t\t<a href=\"https:\/\/barilocheexperience.com.ar\/pt\/experiencia\/villa-la-angostura-y-cerro-bayo-terrestre\/\" class=\"d-block gradient-overlay-half-bg-gradient-v5\">\n\t\t<img loading=\"lazy\" decoding=\"async\" width=\"300\" height=\"300\" src=\"https:\/\/barilocheexperience.com.ar\/wp-content\/uploads\/2024\/08\/angostura-bayo-galeria-01-300x300.webp\" class=\"min-height-230 bg-img-hero card-img-top\" alt=\"Villa la Angostura y Cerro Bayo terrestre\" \/>\t\t<\/a>\n\t\t<div class=\"price-wrapper position-absolute bottom-0 left-0 right-0\"><div class=\"px-3 pb-2\">\n\t\t<span class=\"123 woocommerce-loop-product__categories text-truncate d-block text-gray-10\"><a href=\"https:\/\/barilocheexperience.com.ar\/pt\/producto-turistico\/excursiones-terrestres\/\" class=\"font-weight-normal font-size-14 text-white\" rel=\"tag\">Excurs\u00f5es terrestres<\/a><\/span>\t<span class=\"price\">\n\t\t<span class=\"elex-ppct-before-text\">De<\/span> <span class=\"woocommerce-Price-amount font-weight-bold h5 mb-0 text-white amount\"><bdi><span class=\"woocommerce-Price-currencySymbol\">&#036;<\/span>90,000<\/bdi><\/span> <span class=\"elex-ppct-after-text\">Pesos argentinos<\/span>\t<\/span>\n\t\t<\/div><\/div><!-- \/.price-wrapper -->\n\t\t\t\t<\/div><!-- \/.card-header -->\n\t\t\t\t<div class=\"position-relative card-body px-4 py-2\">\n\t\t\t\t\t<a href=\"https:\/\/barilocheexperience.com.ar\/pt\/experiencia\/villa-la-angostura-y-cerro-bayo-terrestre\/\" class=\"d-block\">\n\t\t\t\t<div class=\"mb-1 d-flex align-items-center font-size-14 text-gray-1\">\n\t\t\t\t\t<i class=\"icon flaticon-pin-1 mr-2 font-size-15\"><\/i>\n\t\t\t\t\tVilla La Angostura\t\t\t\t<\/div>\n\t\t\t<\/a>\n\t\t\t\t\t<a href=\"https:\/\/barilocheexperience.com.ar\/pt\/experiencia\/villa-la-angostura-y-cerro-bayo-terrestre\/\" class=\"stretched-link card-title text-dark\">\n\t\t<h2 class=\"woocommerce-loop-product__title font-size-17 font-weight-bold\">Villa La Angostura e Cerro Bayo terrestre<\/h2><\/a>\t\t\t<div class=\"mb-1 d-flex align-items-center font-size-14 text-gray-1\">\n\t\t\t\t<i class=\"icon flaticon-clock-circular-outline mr-2 font-size-14\"><\/i>\n\t\t\t\t10 horas \t\t\t<\/div>\n\t\t\t\t\t<\/div><!-- \/.card-body -->\n\t\t\t\t<\/div><!-- \/.card -->\n\t\t<\/div>\n<div class=\"product type-product post-16408 status-publish instock product_cat-excursiones-terrestres has-post-thumbnail sale shipping-taxable product-type-external mb-3 mb-md-4 pb-1\">\n\t\t\t<div class=\"card transition-3d-hover shadow-hover-2 h-100 tab-card\">\n\t\t\t\t<div class=\"card-header position-relative mb-2 p-0\">\n\t\t\t\t<a href=\"https:\/\/barilocheexperience.com.ar\/pt\/experiencia\/promo-especial-cerro-tronador-y-ventisquero-negro\/\" class=\"d-block gradient-overlay-half-bg-gradient-v5\">\n\t\t<img loading=\"lazy\" decoding=\"async\" width=\"300\" height=\"300\" src=\"https:\/\/barilocheexperience.com.ar\/wp-content\/uploads\/2024\/08\/CERRO-TRONADOR-Y-GLACIAR-VENTISQUERO-NEGRO-1-1024x682-1-300x300.jpg\" class=\"min-height-230 bg-img-hero card-img-top\" alt=\"Promo Especial Cerro Tronador y Ventisquero Negro\" \/>\t\t<\/a>\n\t\t\t\t<div class=\"position-absolute top-0 left-0 pt-5 pl-3\">\n\t\t\t\t\t<span class=\"badge badge-pill bg-white text-danger px-3 ml-3 py-2 font-size-14 font-weight-normal\">\n\t%30\n\t<\/span>\n\t\t\t\t\t<\/div>\n\t\t\t<div class=\"price-wrapper position-absolute bottom-0 left-0 right-0\"><div class=\"px-3 pb-2\">\n\t\t<span class=\"123 woocommerce-loop-product__categories text-truncate d-block text-gray-10\"><a href=\"https:\/\/barilocheexperience.com.ar\/pt\/producto-turistico\/excursiones-terrestres\/\" class=\"font-weight-normal font-size-14 text-white\" rel=\"tag\">Excurs\u00f5es terrestres<\/a><\/span>\t<span class=\"price\">\n\t\t<span class=\"elex-ppct-before-text\">De<\/span> <del aria-hidden=\"true\"><span class=\"woocommerce-Price-amount font-weight-bold h5 mb-0 text-white amount\"><bdi><span class=\"woocommerce-Price-currencySymbol\">&#036;<\/span>90,000<\/bdi><\/span><\/del> <span class=\"screen-reader-text\" data-no-translation=\"\" data-trp-gettext=\"\">O pre\u00e7o original era: &#036;90,000.<\/span><ins><span class=\"woocommerce-Price-amount font-weight-bold h5 mb-0 text-white amount\"><bdi><span class=\"woocommerce-Price-currencySymbol\">&#036;<\/span>63,000<\/bdi><\/span><\/ins><span class=\"screen-reader-text\" data-no-translation=\"\" data-trp-gettext=\"\">O pre\u00e7o atual \u00e9: &#036;63,000.<\/span> <span class=\"elex-ppct-after-text\">Pesos argentinos<\/span>\t<\/span>\n\t\t<\/div><\/div><!-- \/.price-wrapper -->\n\t\t\t\t<\/div><!-- \/.card-header -->\n\t\t\t\t<div class=\"position-relative card-body px-4 py-2\">\n\t\t\t\t\t<a href=\"https:\/\/barilocheexperience.com.ar\/pt\/experiencia\/promo-especial-cerro-tronador-y-ventisquero-negro\/\" class=\"d-block\">\n\t\t\t\t<div class=\"mb-1 d-flex align-items-center font-size-14 text-gray-1\">\n\t\t\t\t\t<i class=\"icon flaticon-pin-1 mr-2 font-size-15\"><\/i>\n\t\t\t\t\tSerra do Tronador\t\t\t\t<\/div>\n\t\t\t<\/a>\n\t\t\t\t\t<a href=\"https:\/\/barilocheexperience.com.ar\/pt\/experiencia\/promo-especial-cerro-tronador-y-ventisquero-negro\/\" class=\"stretched-link card-title text-dark\">\n\t\t<h2 class=\"woocommerce-loop-product__title font-size-17 font-weight-bold\">Promo\u00e7\u00e3o Especial Cerro Tronador e Ventisquero Negro<\/h2><\/a>\t\t\t<div class=\"mb-1 d-flex align-items-center font-size-14 text-gray-1\">\n\t\t\t\t<i class=\"icon flaticon-clock-circular-outline mr-2 font-size-14\"><\/i>\n\t\t\t\t9 horas \t\t\t<\/div>\n\t\t\t\t\t<\/div><!-- \/.card-body -->\n\t\t\t\t<\/div><!-- \/.card -->\n\t\t<\/div>\n<\/div>\n\t\t\t\t<\/div>\n\t\t\t\t<\/div>\n\t\t\t\t\t<\/div>\n\t\t\t\t<\/div>\n\t\t\t\t<\/div>","protected":false},"excerpt":{"rendered":"Excursiones Terrestres Estas son nuestras excursiones especialmente pensadas para que descubras Bariloche y sus bellezas \u00fanicas. Excursiones Terrestres","protected":false},"author":1,"featured_media":0,"parent":0,"menu_order":0,"comment_status":"closed","ping_status":"closed","template":"elementor_header_footer","meta":{"_acf_changed":false,"footnotes":""},"class_list":["post-16171","page","type-page","status-publish","hentry"],"acf":[],"_links":{"self":[{"href":"https:\/\/barilocheexperience.com.ar\/pt\/wp-json\/wp\/v2\/pages\/16171","targetHints":{"allow":["GET"]}}],"collection":[{"href":"https:\/\/barilocheexperience.com.ar\/pt\/wp-json\/wp\/v2\/pages"}],"about":[{"href":"https:\/\/barilocheexperience.com.ar\/pt\/wp-json\/wp\/v2\/types\/page"}],"author":[{"embeddable":true,"href":"https:\/\/barilocheexperience.com.ar\/pt\/wp-json\/wp\/v2\/users\/1"}],"replies":[{"embeddable":true,"href":"https:\/\/barilocheexperience.com.ar\/pt\/wp-json\/wp\/v2\/comments?post=16171"}],"version-history":[{"count":26,"href":"https:\/\/barilocheexperience.com.ar\/pt\/wp-json\/wp\/v2\/pages\/16171\/revisions"}],"predecessor-version":[{"id":16332,"href":"https:\/\/barilocheexperience.com.ar\/pt\/wp-json\/wp\/v2\/pages\/16171\/revisions\/16332"}],"wp:attachment":[{"href":"https:\/\/barilocheexperience.com.ar\/pt\/wp-json\/wp\/v2\/media?parent=16171"}],"curies":[{"name":"wp","href":"https:\/\/api.w.org\/{rel}","templated":true}]}}