{"id":1811,"date":"2022-03-02T06:02:56","date_gmt":"2022-03-02T06:02:56","guid":{"rendered":"https:\/\/mytravel.madrasthemes.com\/?page_id=1811"},"modified":"2025-03-10T13:03:20","modified_gmt":"2025-03-10T16:03:20","slug":"terminosycondiciones","status":"publish","type":"page","link":"https:\/\/barilocheexperience.com.ar\/pt\/terminosycondiciones\/","title":{"rendered":"Termos e pol\u00edticas"},"content":{"rendered":"<div data-elementor-type=\"wp-page\" data-elementor-id=\"1811\" class=\"elementor elementor-1811\">\n\t\t\t\t<div class=\"elementor-element elementor-element-5aafbda e-con-full e-flex e-con e-parent\" data-id=\"5aafbda\" data-element_type=\"container\">\n\t\t\t\t<div class=\"elementor-element elementor-element-2d0e863 elementor-widget elementor-widget-text-editor\" data-id=\"2d0e863\" data-element_type=\"widget\" data-widget_type=\"text-editor.default\">\n\t\t\t\t<div class=\"elementor-widget-container\">\n\t\t\t\t\t\t\t\t\t<p class=\"p1\"><b>Experi\u00eancia em Bariloche<\/b> formado pela empresa BARILOCHE EXPERIENCE SRL, valoriza a privacidade de seus usu\u00e1rios e se compromete a proteger os dados pessoais que voc\u00ea nos fornece por meio de nosso servi\u00e7o de hospedagem tur\u00edstica.<\/p><p class=\"p1\"><b>Coleta e uso de informa\u00e7\u00f5es pessoais<\/b><span class=\"s1\"><br \/><\/span>A BARILOCHE EXPERIENCE SRL solicita ao Usu\u00e1rio determinados dados pessoais atrav\u00e9s de seus respectivos sites. Os dados fornecidos ser\u00e3o inclu\u00eddos em um arquivo automatizado de dados pessoais, de propriedade da empresa correspondente, a fim de fornecer os servi\u00e7os solicitados pelo Usu\u00e1rio. Ao fornecer esses dados, o Usu\u00e1rio autoriza o processamento automatizado dos mesmos, o que \u00e9 necess\u00e1rio para a presta\u00e7\u00e3o dos servi\u00e7os acordados.<\/p><p class=\"p1\"><b>Armazenamento e seguran\u00e7a de dados<\/b><span class=\"s1\"><br \/><\/span>As informa\u00e7\u00f5es pessoais coletadas dos clientes registrados s\u00e3o armazenadas em um banco de dados de propriedade da empresa correspondente. Bariloche Experience SRL assume as medidas t\u00e9cnicas, organizacionais e de seguran\u00e7a necess\u00e1rias para garantir a confidencialidade e a integridade das informa\u00e7\u00f5es, de acordo com as disposi\u00e7\u00f5es da Lei 25.326 de Prote\u00e7\u00e3o de Dados Pessoais e demais legisla\u00e7\u00f5es aplic\u00e1veis.<\/p><p class=\"p1\"><b>Uso de informa\u00e7\u00f5es<\/b><span class=\"s1\"><br \/><\/span>Bariloche Experience utilizar\u00e1 os dados fornecidos pelo Usu\u00e1rio internamente para informar sobre ofertas e promo\u00e7\u00f5es que possam ser de interesse do Usu\u00e1rio. Esses dados n\u00e3o ser\u00e3o cedidos a terceiros sem o consentimento pr\u00e9vio do interessado, exceto nos casos previstos em lei.<\/p><p class=\"p1\"><b>Cookies<\/b><span class=\"s1\"><br \/><\/span>Nosso site usa cookies para melhorar a experi\u00eancia do usu\u00e1rio. Os cookies s\u00e3o associados apenas a um Usu\u00e1rio an\u00f4nimo e ao seu computador, sem fornecer refer\u00eancias que permitam deduzir a identidade do Usu\u00e1rio. Gra\u00e7as aos cookies, \u00e9 poss\u00edvel reconhecer os Usu\u00e1rios registrados ap\u00f3s seu primeiro acesso, facilitando sua navega\u00e7\u00e3o e o acesso a \u00e1reas e servi\u00e7os exclusivos. O Usu\u00e1rio tem a op\u00e7\u00e3o de impedir a gera\u00e7\u00e3o de cookies por meio da configura\u00e7\u00e3o adequada de seu navegador.<\/p><p class=\"p1\"><b>Direitos do usu\u00e1rio<\/b><span class=\"s1\"><br \/><\/span>Qualquer usu\u00e1rio registrado poder\u00e1, a qualquer momento, exercer seu direito de acesso, retifica\u00e7\u00e3o e cancelamento de seus dados pessoais. Isso pode ser feito por meio de uma comunica\u00e7\u00e3o escrita dirigida a Bariloche Experience, Bariloche - Argentina, ou enviando um e-mail para: <a href=\"mailto:operaciones@barilocheexperience.com.ar\"><span class=\"s2\">operaciones@barilocheexperience.com.ar<\/span><\/a><\/p><p class=\"p1\"><b>Prote\u00e7\u00e3o de dados<\/b><span class=\"s1\"><br \/><\/span>Em conformidade com a Lei 25.326 de Prote\u00e7\u00e3o de Dados Pessoais, Bariloche Experience informa que os dados pessoais coletados ser\u00e3o tratados com o mais alto grau de confidencialidade. Esses dados ser\u00e3o incorporados e tratados de acordo com as normas de prote\u00e7\u00e3o de dados em vigor, garantindo sempre o direito \u00e0 privacidade de nossos clientes.<\/p>\t\t\t\t\t\t\t\t<\/div>\n\t\t\t\t<\/div>\n\t\t\t\t<\/div>\n\t\t\t\t<\/div>","protected":false},"excerpt":{"rendered":"Bariloche Experience, formada pela empresa BARILOCHE EXPERIENCE SRL, valoriza a privacidade de seus usu\u00e1rios e se compromete a proteger os dados pessoais que voc\u00ea nos fornece atrav\u00e9s de nosso servi\u00e7o de alojamento tur\u00edstico. Coleta e uso de informa\u00e7\u00f5es pessoaisA BARILOCHE EXPERIENCE SRL solicita ao usu\u00e1rio determinadas informa\u00e7\u00f5es pessoais atrav\u00e9s de nosso site...","protected":false},"author":1,"featured_media":0,"parent":0,"menu_order":0,"comment_status":"closed","ping_status":"closed","template":"","meta":{"_acf_changed":false,"footnotes":""},"class_list":["post-1811","page","type-page","status-publish","hentry"],"acf":[],"_links":{"self":[{"href":"https:\/\/barilocheexperience.com.ar\/pt\/wp-json\/wp\/v2\/pages\/1811","targetHints":{"allow":["GET"]}}],"collection":[{"href":"https:\/\/barilocheexperience.com.ar\/pt\/wp-json\/wp\/v2\/pages"}],"about":[{"href":"https:\/\/barilocheexperience.com.ar\/pt\/wp-json\/wp\/v2\/types\/page"}],"author":[{"embeddable":true,"href":"https:\/\/barilocheexperience.com.ar\/pt\/wp-json\/wp\/v2\/users\/1"}],"replies":[{"embeddable":true,"href":"https:\/\/barilocheexperience.com.ar\/pt\/wp-json\/wp\/v2\/comments?post=1811"}],"version-history":[{"count":6,"href":"https:\/\/barilocheexperience.com.ar\/pt\/wp-json\/wp\/v2\/pages\/1811\/revisions"}],"predecessor-version":[{"id":15816,"href":"https:\/\/barilocheexperience.com.ar\/pt\/wp-json\/wp\/v2\/pages\/1811\/revisions\/15816"}],"wp:attachment":[{"href":"https:\/\/barilocheexperience.com.ar\/pt\/wp-json\/wp\/v2\/media?parent=1811"}],"curies":[{"name":"wp","href":"https:\/\/api.w.org\/{rel}","templated":true}]}}