{"id":15140,"date":"2024-08-12T12:20:49","date_gmt":"2024-08-12T15:20:49","guid":{"rendered":"https:\/\/barilocheexperience.com.ar\/product\/isla-victoria-y-bosque-de-arrayanes\/"},"modified":"2026-04-14T10:25:30","modified_gmt":"2026-04-14T13:25:30","slug":"isla-victoria-y-bosque-de-arrayanes","status":"publish","type":"product","link":"https:\/\/barilocheexperience.com.ar\/pt\/experiencia\/isla-victoria-y-bosque-de-arrayanes\/","title":{"rendered":"Ilha Victoria e Floresta de Arrayanes"},"content":{"rendered":"<p>Partiremos de Puerto Pa\u00f1uelo para visitar a Pen\u00ednsula de Quetrihue, onde est\u00e1 localizada a Floresta de Arrayanes. Em seguida, navegaremos at\u00e9 a Ilha Victoria, onde \u00e9 poss\u00edvel desfrutar de uma flora nativa e de um viveiro com esp\u00e9cies de todo o mundo. Caminharemos pelas trilhas que levam \u00e0 Playa del Toro, para descobrir as pinturas rupestres feitas pelos habitantes originais dessa \u00e1rea, em meio a uma espl\u00eandida praia de areia vulc\u00e2nica, uma experi\u00eancia inesquec\u00edvel e m\u00e1gica.<\/p>\n<p>Sa\u00eddas todos os dias:<br \/>\n10:30 \u00e0s 17:50 \/ 14:30 \u00e0s 19:20<\/p>\n<p>Ele inclui:<\/p>\n<ul>\n<li>Navega\u00e7\u00e3o no lago Nahuel Huapi, visita \u00e0 floresta de murtas, visita \u00e0 Ilha Victoria.<\/li>\n<li>Guia de \u00e1udio a bordo do barco Espanhol\/Ingl\u00eas - Espanhol\/Portugu\u00eas (dependendo da \u00e9poca do ano)<\/li>\n<li>Guia tur\u00edstico em espanhol<\/li>\n<\/ul>\n<p>N\u00e3o inclu\u00eddo:<\/p>\n<ul>\n<li>Taxa de entrada no parque nacional, sem taxa de embarque<\/li>\n<li>Refei\u00e7\u00f5es<\/li>\n<\/ul>\n<p>Traslado opcional de ida e volta para Puerto Pa\u00f1uelo $22.000 <em>por pessoa.<\/em><\/p>","protected":false},"excerpt":{"rendered":"Navegue e maravilhe-se com a biodiversidade da Patag\u00f4nia. Descubra a Floresta de Arrayanes na Pen\u00ednsula de Quetrihue e explore a Ilha Victoria.","protected":false},"featured_media":13200,"template":"","meta":{"_acf_changed":false},"product_brand":[],"product_cat":[225],"product_tag":[],"class_list":{"0":"post-15140","1":"product","2":"type-product","3":"status-publish","4":"has-post-thumbnail","6":"product_format-product-format-tour","7":"product_cat-excursiones-lacustres","9":"first","10":"instock","11":"sale","12":"shipping-taxable","13":"product-type-external"},"acf":[],"_links":{"self":[{"href":"https:\/\/barilocheexperience.com.ar\/pt\/wp-json\/wp\/v2\/product\/15140","targetHints":{"allow":["GET"]}}],"collection":[{"href":"https:\/\/barilocheexperience.com.ar\/pt\/wp-json\/wp\/v2\/product"}],"about":[{"href":"https:\/\/barilocheexperience.com.ar\/pt\/wp-json\/wp\/v2\/types\/product"}],"version-history":[{"count":9,"href":"https:\/\/barilocheexperience.com.ar\/pt\/wp-json\/wp\/v2\/product\/15140\/revisions"}],"predecessor-version":[{"id":16383,"href":"https:\/\/barilocheexperience.com.ar\/pt\/wp-json\/wp\/v2\/product\/15140\/revisions\/16383"}],"wp:featuredmedia":[{"embeddable":true,"href":"https:\/\/barilocheexperience.com.ar\/pt\/wp-json\/wp\/v2\/media\/13200"}],"wp:attachment":[{"href":"https:\/\/barilocheexperience.com.ar\/pt\/wp-json\/wp\/v2\/media?parent=15140"}],"wp:term":[{"taxonomy":"product_brand","embeddable":true,"href":"https:\/\/barilocheexperience.com.ar\/pt\/wp-json\/wp\/v2\/product_brand?post=15140"},{"taxonomy":"product_cat","embeddable":true,"href":"https:\/\/barilocheexperience.com.ar\/pt\/wp-json\/wp\/v2\/product_cat?post=15140"},{"taxonomy":"product_tag","embeddable":true,"href":"https:\/\/barilocheexperience.com.ar\/pt\/wp-json\/wp\/v2\/product_tag?post=15140"}],"curies":[{"name":"wp","href":"https:\/\/api.w.org\/{rel}","templated":true}]}}