{"id":15145,"date":"2024-08-12T12:20:50","date_gmt":"2024-08-12T15:20:50","guid":{"rendered":"https:\/\/barilocheexperience.com.ar\/product\/cabalgatas-la-fragua\/"},"modified":"2026-04-08T13:03:03","modified_gmt":"2026-04-08T16:03:03","slug":"cabalgatas-la-fragua","status":"publish","type":"product","link":"https:\/\/barilocheexperience.com.ar\/pt\/experiencia\/cabalgatas-la-fragua\/","title":{"rendered":"Passeios a cavalo na estepe patag\u00f4nica"},"content":{"rendered":"<p>Ao p\u00e9 de uma das maiores \u00e1rvores de condor da regi\u00e3o, oferecemos um passeio a cavalo inesquec\u00edvel \ud83d\udc0e.<br \/>\nDurante 2 horas, voc\u00ea explorar\u00e1 a Floresta de Transi\u00e7\u00e3o e a Estepe Patag\u00f4nica, cercado pela beleza natural da regi\u00e3o.<\/p>\n<p>Nossos cavalos, bem cuidados e domados, permitir\u00e3o que voc\u00ea desfrute de uma experi\u00eancia segura e confi\u00e1vel. Um rico caf\u00e9 da manh\u00e3 crioulo o aguarda no in\u00edcio da aventura, enquanto um delicioso churrasco em estilo campestre o aguarda no retorno.<\/p>\n<p class=\"_28USrA GEC0sA XN6uKA\"><span class=\"a_GcMg\">Ele inclui:<\/span><\/p>\n<ul class=\"JS2Zuw\">\n<li class=\"XN6uKA hhtymQ _28USrA GEC0sA OMps6g\">\n<p class=\"J4GZTQ\"><span class=\"a_GcMg\">Caf\u00e9 da manh\u00e3 ou lanche.<\/span><\/p>\n<\/li>\n<li class=\"XN6uKA hhtymQ _28USrA GEC0sA OMps6g\">\n<p class=\"J4GZTQ\"><span class=\"a_GcMg\">2 horas de viagem.<\/span><\/p>\n<\/li>\n<li class=\"XN6uKA hhtymQ _28USrA GEC0sA OMps6g\">\n<p class=\"J4GZTQ\"><span class=\"a_GcMg\">Almo\u00e7o<\/span><\/p>\n<\/li>\n<li class=\"XN6uKA hhtymQ _28USrA GEC0sA OMps6g\">\n<p class=\"J4GZTQ\"><span class=\"a_GcMg\">Traslado de ida e volta<\/span><\/p>\n<\/li>\n<\/ul>\n<p>Card\u00e1pio: churrasco, saladas e panquecas com doce de leite de sobremesa. Bebidas inclu\u00eddas (vinho, refrigerantes e \u00e1gua).<\/p>\n<p>Verifique os hor\u00e1rios dispon\u00edveis<\/p>","protected":false},"excerpt":{"rendered":"Descubra a beleza da estepe patag\u00f4nica enquanto explora as paisagens pitorescas e as impressionantes forma\u00e7\u00f5es rochosas a cavalo.","protected":false},"featured_media":14274,"template":"","meta":{"_acf_changed":false},"product_brand":[],"product_cat":[227],"product_tag":[],"class_list":{"0":"post-15145","1":"product","2":"type-product","3":"status-publish","4":"has-post-thumbnail","6":"product_format-product-format-tour","7":"product_cat-excursiones-aventura","9":"first","10":"instock","11":"shipping-taxable","12":"product-type-external"},"acf":[],"_links":{"self":[{"href":"https:\/\/barilocheexperience.com.ar\/pt\/wp-json\/wp\/v2\/product\/15145","targetHints":{"allow":["GET"]}}],"collection":[{"href":"https:\/\/barilocheexperience.com.ar\/pt\/wp-json\/wp\/v2\/product"}],"about":[{"href":"https:\/\/barilocheexperience.com.ar\/pt\/wp-json\/wp\/v2\/types\/product"}],"version-history":[{"count":10,"href":"https:\/\/barilocheexperience.com.ar\/pt\/wp-json\/wp\/v2\/product\/15145\/revisions"}],"predecessor-version":[{"id":16154,"href":"https:\/\/barilocheexperience.com.ar\/pt\/wp-json\/wp\/v2\/product\/15145\/revisions\/16154"}],"wp:featuredmedia":[{"embeddable":true,"href":"https:\/\/barilocheexperience.com.ar\/pt\/wp-json\/wp\/v2\/media\/14274"}],"wp:attachment":[{"href":"https:\/\/barilocheexperience.com.ar\/pt\/wp-json\/wp\/v2\/media?parent=15145"}],"wp:term":[{"taxonomy":"product_brand","embeddable":true,"href":"https:\/\/barilocheexperience.com.ar\/pt\/wp-json\/wp\/v2\/product_brand?post=15145"},{"taxonomy":"product_cat","embeddable":true,"href":"https:\/\/barilocheexperience.com.ar\/pt\/wp-json\/wp\/v2\/product_cat?post=15145"},{"taxonomy":"product_tag","embeddable":true,"href":"https:\/\/barilocheexperience.com.ar\/pt\/wp-json\/wp\/v2\/product_tag?post=15145"}],"curies":[{"name":"wp","href":"https:\/\/api.w.org\/{rel}","templated":true}]}}