{"id":15155,"date":"2024-08-12T12:21:01","date_gmt":"2024-08-12T15:21:01","guid":{"rendered":"https:\/\/barilocheexperience.com.ar\/product\/noche-nordica-cerro-otto\/"},"modified":"2026-04-21T09:52:55","modified_gmt":"2026-04-21T12:52:55","slug":"noche-nordica-cerro-otto","status":"publish","type":"product","link":"https:\/\/barilocheexperience.com.ar\/pt\/experiencia\/noche-nordica-cerro-otto\/","title":{"rendered":"Noite N\u00f3rdica (Cerro Otto)"},"content":{"rendered":"<p>Experimente uma viagem noturna pela floresta de lengas, apreciando sua solenidade e sil\u00eancio, em um ambiente cativante, t\u00edpico da Patag\u00f4nia.<\/p>\n<p>A atividade come\u00e7a com um traslado para busc\u00e1-lo em sua acomoda\u00e7\u00e3o e lev\u00e1-lo at\u00e9 a montanha. Uma vez no topo, os guias dar\u00e3o uma breve palestra antes de iniciar o passeio em quadriciclos com trilhas de lagarta pela floresta nevada, por aproximadamente 2 km.<\/p>\n<p>Ap\u00f3s a metade do caminho, voc\u00ea chegar\u00e1 a uma \u00e1rea tranquila cercada por \u00e1rvores lenga da Patag\u00f4nia.<\/p>\n<p>Nesse ponto, haver\u00e1 uma parada para recuperar a temperatura. Acenderemos uma grande fogueira e ofereceremos uma deliciosa degusta\u00e7\u00e3o de vinho ou chocolate quente para entrar no clima.<\/p>\n<p>Tamb\u00e9m aproveitaremos esse tempo para brincar com a neve, tirar fotos e trocar o motorista do quadriciclo.<\/p>\n<p>Ap\u00f3s a troca do motorista, continuaremos nossa jornada pela floresta at\u00e9 chegarmos \u00e0 nossa cabana-restaurante na montanha. Voc\u00ea ser\u00e1 recebido por nossa equipe, que lhe mostrar\u00e1 seus lugares para come\u00e7ar a noite.<\/p>\n<p>Poderemos degustar os melhores sabores da Patag\u00f4nia, em um desenvolvimento gastron\u00f4mico com os mais deliciosos ingredientes, tudo acompanhado do vinho Reserva da vin\u00edcola Del Fin del Mundo. O jantar termina com um brinde de champanhe e chocolates.<\/p>","protected":false},"excerpt":{"rendered":"Experimente uma viagem noturna pela floresta de lengas, apreciando sua solenidade e sil\u00eancio, em um ambiente cativante, t\u00edpico da Patag\u00f4nia.","protected":false},"featured_media":14965,"template":"","meta":{"_acf_changed":false},"product_brand":[],"product_cat":[227],"product_tag":[],"class_list":{"0":"post-15155","1":"product","2":"type-product","3":"status-publish","4":"has-post-thumbnail","6":"product_format-product-format-tour","7":"product_cat-excursiones-aventura","9":"first","10":"instock","11":"shipping-taxable","12":"product-type-external"},"acf":[],"_links":{"self":[{"href":"https:\/\/barilocheexperience.com.ar\/pt\/wp-json\/wp\/v2\/product\/15155","targetHints":{"allow":["GET"]}}],"collection":[{"href":"https:\/\/barilocheexperience.com.ar\/pt\/wp-json\/wp\/v2\/product"}],"about":[{"href":"https:\/\/barilocheexperience.com.ar\/pt\/wp-json\/wp\/v2\/types\/product"}],"version-history":[{"count":6,"href":"https:\/\/barilocheexperience.com.ar\/pt\/wp-json\/wp\/v2\/product\/15155\/revisions"}],"predecessor-version":[{"id":15612,"href":"https:\/\/barilocheexperience.com.ar\/pt\/wp-json\/wp\/v2\/product\/15155\/revisions\/15612"}],"wp:featuredmedia":[{"embeddable":true,"href":"https:\/\/barilocheexperience.com.ar\/pt\/wp-json\/wp\/v2\/media\/14965"}],"wp:attachment":[{"href":"https:\/\/barilocheexperience.com.ar\/pt\/wp-json\/wp\/v2\/media?parent=15155"}],"wp:term":[{"taxonomy":"product_brand","embeddable":true,"href":"https:\/\/barilocheexperience.com.ar\/pt\/wp-json\/wp\/v2\/product_brand?post=15155"},{"taxonomy":"product_cat","embeddable":true,"href":"https:\/\/barilocheexperience.com.ar\/pt\/wp-json\/wp\/v2\/product_cat?post=15155"},{"taxonomy":"product_tag","embeddable":true,"href":"https:\/\/barilocheexperience.com.ar\/pt\/wp-json\/wp\/v2\/product_tag?post=15155"}],"curies":[{"name":"wp","href":"https:\/\/api.w.org\/{rel}","templated":true}]}}