{"id":15156,"date":"2024-08-12T12:21:01","date_gmt":"2024-08-12T15:21:01","guid":{"rendered":"https:\/\/barilocheexperience.com.ar\/product\/la-cueva-cerro-catedral\/"},"modified":"2026-04-21T09:56:24","modified_gmt":"2026-04-21T12:56:24","slug":"la-cueva-cerro-catedral","status":"publish","type":"product","link":"https:\/\/barilocheexperience.com.ar\/pt\/experiencia\/la-cueva-cerro-catedral\/","title":{"rendered":"La Cueva - After Ski (Cerro Catedral)"},"content":{"rendered":"<p>Paisagens nevadas em um snowmobile ao p\u00f4r do sol. Essa aventura o leva a La Cueva, um ref\u00fagio emblem\u00e1tico no Cerro Catedral, onde uma experi\u00eancia gastron\u00f4mica inesquec\u00edvel o aguarda.<br \/>\nSaboreie um delicioso fondue de queijo e outros sabores regionais enquanto o sol se p\u00f5e nas montanhas.<br \/>\n<strong>Ele inclui:<\/strong><\/p>\n<ul>\n<li>Passeio de snowmobile.<\/li>\n<li>Degusta\u00e7\u00e3o de fondue de queijo e culin\u00e1ria regional.<\/li>\n<li>Traslados de ida y vuelta desde tu alojamiento en San Carlos de Bariloche.Duraci\u00f3n: 2 horas y 30 minutos.<\/li>\n<\/ul>\n<p>Tarifa promo hasta el 7 de mayo.<\/p>","protected":false},"excerpt":{"rendered":"La Cueva ofrece una experiencia exclusiva en motos de nieve con el caracteristico fondue de queso, bosque, aventura y buena comida.","protected":false},"featured_media":15864,"template":"","meta":{"_acf_changed":false},"product_brand":[],"product_cat":[227],"product_tag":[],"class_list":{"0":"post-15156","1":"product","2":"type-product","3":"status-publish","4":"has-post-thumbnail","6":"product_format-product-format-tour","7":"product_cat-excursiones-aventura","9":"first","10":"instock","11":"shipping-taxable","12":"product-type-external"},"acf":[],"_links":{"self":[{"href":"https:\/\/barilocheexperience.com.ar\/pt\/wp-json\/wp\/v2\/product\/15156","targetHints":{"allow":["GET"]}}],"collection":[{"href":"https:\/\/barilocheexperience.com.ar\/pt\/wp-json\/wp\/v2\/product"}],"about":[{"href":"https:\/\/barilocheexperience.com.ar\/pt\/wp-json\/wp\/v2\/types\/product"}],"version-history":[{"count":12,"href":"https:\/\/barilocheexperience.com.ar\/pt\/wp-json\/wp\/v2\/product\/15156\/revisions"}],"predecessor-version":[{"id":16535,"href":"https:\/\/barilocheexperience.com.ar\/pt\/wp-json\/wp\/v2\/product\/15156\/revisions\/16535"}],"wp:featuredmedia":[{"embeddable":true,"href":"https:\/\/barilocheexperience.com.ar\/pt\/wp-json\/wp\/v2\/media\/15864"}],"wp:attachment":[{"href":"https:\/\/barilocheexperience.com.ar\/pt\/wp-json\/wp\/v2\/media?parent=15156"}],"wp:term":[{"taxonomy":"product_brand","embeddable":true,"href":"https:\/\/barilocheexperience.com.ar\/pt\/wp-json\/wp\/v2\/product_brand?post=15156"},{"taxonomy":"product_cat","embeddable":true,"href":"https:\/\/barilocheexperience.com.ar\/pt\/wp-json\/wp\/v2\/product_cat?post=15156"},{"taxonomy":"product_tag","embeddable":true,"href":"https:\/\/barilocheexperience.com.ar\/pt\/wp-json\/wp\/v2\/product_tag?post=15156"}],"curies":[{"name":"wp","href":"https:\/\/api.w.org\/{rel}","templated":true}]}}