{"id":15164,"date":"2024-08-12T12:21:05","date_gmt":"2024-08-12T15:21:05","guid":{"rendered":"https:\/\/barilocheexperience.com.ar\/product\/villa-la-angostura-y-cerro-bayo-terrestre\/"},"modified":"2026-04-21T09:50:37","modified_gmt":"2026-04-21T12:50:37","slug":"villa-la-angostura-y-cerro-bayo-terrestre","status":"publish","type":"product","link":"https:\/\/barilocheexperience.com.ar\/pt\/experiencia\/villa-la-angostura-y-cerro-bayo-terrestre\/","title":{"rendered":"Villa La Angostura e Cerro Bayo terrestre"},"content":{"rendered":"<p>Partimos \u00e0s 8h de Bariloche em dire\u00e7\u00e3o a Villa la Angostura (a 85 km). Antes de chegar \u00e0 cidade, nos desviamos para o Centro de Inverno Cerro Bayo, onde se pode desfrutar de atividades como esqui, snowboard, caminhadas com raquetes de neve e mais. Ao meio-dia, come\u00e7amos a descida em dire\u00e7\u00e3o \u00e0 cidade para almo\u00e7ar. Voc\u00ea ter\u00e1 tempo livre para explorar o com\u00e9rcio local. \u00c0s 16h30, iniciamos o retorno a San Carlos de Bariloche.<\/p>","protected":false},"excerpt":{"rendered":"Partimos a las 8:00 a.m. desde Bariloche hacia Villa la Angostura (a 85 km). Antes de llegar a la ciudad, nos desviamos hacia el Centro Invernal Cerro Bayo, donde se pueden disfrutar actividades como esqu\u00ed, snowboard, caminatas con raquetas y m\u00e1s.","protected":false},"featured_media":14990,"template":"","meta":{"_acf_changed":false},"product_brand":[],"product_cat":[226],"product_tag":[],"class_list":{"0":"post-15164","1":"product","2":"type-product","3":"status-publish","4":"has-post-thumbnail","6":"product_format-product-format-tour","7":"product_cat-excursiones-terrestres","9":"first","10":"instock","11":"shipping-taxable","12":"product-type-external"},"acf":[],"_links":{"self":[{"href":"https:\/\/barilocheexperience.com.ar\/pt\/wp-json\/wp\/v2\/product\/15164","targetHints":{"allow":["GET"]}}],"collection":[{"href":"https:\/\/barilocheexperience.com.ar\/pt\/wp-json\/wp\/v2\/product"}],"about":[{"href":"https:\/\/barilocheexperience.com.ar\/pt\/wp-json\/wp\/v2\/types\/product"}],"version-history":[{"count":5,"href":"https:\/\/barilocheexperience.com.ar\/pt\/wp-json\/wp\/v2\/product\/15164\/revisions"}],"predecessor-version":[{"id":16534,"href":"https:\/\/barilocheexperience.com.ar\/pt\/wp-json\/wp\/v2\/product\/15164\/revisions\/16534"}],"wp:featuredmedia":[{"embeddable":true,"href":"https:\/\/barilocheexperience.com.ar\/pt\/wp-json\/wp\/v2\/media\/14990"}],"wp:attachment":[{"href":"https:\/\/barilocheexperience.com.ar\/pt\/wp-json\/wp\/v2\/media?parent=15164"}],"wp:term":[{"taxonomy":"product_brand","embeddable":true,"href":"https:\/\/barilocheexperience.com.ar\/pt\/wp-json\/wp\/v2\/product_brand?post=15164"},{"taxonomy":"product_cat","embeddable":true,"href":"https:\/\/barilocheexperience.com.ar\/pt\/wp-json\/wp\/v2\/product_cat?post=15164"},{"taxonomy":"product_tag","embeddable":true,"href":"https:\/\/barilocheexperience.com.ar\/pt\/wp-json\/wp\/v2\/product_tag?post=15164"}],"curies":[{"name":"wp","href":"https:\/\/api.w.org\/{rel}","templated":true}]}}