{"id":15867,"date":"2025-06-05T12:35:05","date_gmt":"2025-06-05T15:35:05","guid":{"rendered":"https:\/\/barilocheexperience.com.ar\/?post_type=product&#038;p=15867"},"modified":"2026-04-21T09:57:42","modified_gmt":"2026-04-21T12:57:42","slug":"la-cueva-cena-cerro-catedral","status":"publish","type":"product","link":"https:\/\/barilocheexperience.com.ar\/pt\/experiencia\/la-cueva-cena-cerro-catedral\/","title":{"rendered":"La Cueva - Jantar (Cerro Catedral)"},"content":{"rendered":"<p>Fuja do convencional e mergulhe em uma experi\u00eancia noturna exclusiva no cora\u00e7\u00e3o do Cerro Catedral. A aventura come\u00e7a ao p\u00f4r do sol, enquanto voc\u00ea desliza em nossas modernas motos de neve ou quadriciclos por paisagens invernais exclusivas.<br \/>\nSinta a emo\u00e7\u00e3o da viagem, o ar puro da noite e a serenidade da floresta iluminada pela lua. Ao chegar ao nosso lodge, voc\u00ea desfrutar\u00e1 de um jantar de quatro pratos com uma sele\u00e7\u00e3o requintada de sabores regionais.<\/p>\n<p>Mais do que um jantar, uma experi\u00eancia inesquec\u00edvel em um ambiente incompar\u00e1vel.<br \/>\nEle inclui:<\/p>\n<ul>\n<li>Passeio de snowmobile (6 km).<\/li>\n<li>Menu 4 passos + Sobremesa + Infus\u00f5es Bebidas com e sem \u00e1lcool.<\/li>\n<li>Traslados de ida e volta para a Catedral.<\/li>\n<\/ul>","protected":false},"excerpt":{"rendered":"Al caer el sol salimos en moto de nieve por el bosque del Cerro Catedral para luego disfrutar de una sorprendente propuesta gastron\u00f3mica en un incre\u00edble y c\u00e1lido ambiente nocturno, nuestro paseo mas rom\u00e1ntico es este!","protected":false},"featured_media":15868,"template":"","meta":{"_acf_changed":false},"product_brand":[],"product_cat":[227],"product_tag":[],"class_list":{"0":"post-15867","1":"product","2":"type-product","3":"status-publish","4":"has-post-thumbnail","6":"product_cat-excursiones-aventura","8":"first","9":"instock","10":"shipping-taxable","11":"product-type-external"},"acf":[],"_links":{"self":[{"href":"https:\/\/barilocheexperience.com.ar\/pt\/wp-json\/wp\/v2\/product\/15867","targetHints":{"allow":["GET"]}}],"collection":[{"href":"https:\/\/barilocheexperience.com.ar\/pt\/wp-json\/wp\/v2\/product"}],"about":[{"href":"https:\/\/barilocheexperience.com.ar\/pt\/wp-json\/wp\/v2\/types\/product"}],"version-history":[{"count":1,"href":"https:\/\/barilocheexperience.com.ar\/pt\/wp-json\/wp\/v2\/product\/15867\/revisions"}],"predecessor-version":[{"id":15873,"href":"https:\/\/barilocheexperience.com.ar\/pt\/wp-json\/wp\/v2\/product\/15867\/revisions\/15873"}],"wp:featuredmedia":[{"embeddable":true,"href":"https:\/\/barilocheexperience.com.ar\/pt\/wp-json\/wp\/v2\/media\/15868"}],"wp:attachment":[{"href":"https:\/\/barilocheexperience.com.ar\/pt\/wp-json\/wp\/v2\/media?parent=15867"}],"wp:term":[{"taxonomy":"product_brand","embeddable":true,"href":"https:\/\/barilocheexperience.com.ar\/pt\/wp-json\/wp\/v2\/product_brand?post=15867"},{"taxonomy":"product_cat","embeddable":true,"href":"https:\/\/barilocheexperience.com.ar\/pt\/wp-json\/wp\/v2\/product_cat?post=15867"},{"taxonomy":"product_tag","embeddable":true,"href":"https:\/\/barilocheexperience.com.ar\/pt\/wp-json\/wp\/v2\/product_tag?post=15867"}],"curies":[{"name":"wp","href":"https:\/\/api.w.org\/{rel}","templated":true}]}}