{"id":15874,"date":"2025-06-05T12:39:16","date_gmt":"2025-06-05T15:39:16","guid":{"rendered":"https:\/\/barilocheexperience.com.ar\/?post_type=product&#038;p=15874"},"modified":"2026-04-21T09:48:51","modified_gmt":"2026-04-21T12:48:51","slug":"bautismo-de-ski-cerro-catedral","status":"publish","type":"product","link":"https:\/\/barilocheexperience.com.ar\/pt\/experiencia\/bautismo-de-ski-cerro-catedral\/","title":{"rendered":"Batismo de Ski \/ Snowboard Cerro Catedral"},"content":{"rendered":"<p>Nosso Batismo de Esqui em Cerro Catedral \u00e9 a melhor op\u00e7\u00e3o para come\u00e7ar. Oferecemos uma maneira segura e divertida de come\u00e7ar a praticar esse esporte emocionante.<\/p>\n<p>O programa inclui traslados de ida e volta para a colina, equipamento completo de esqui e uma aula em grupo de 2 horas com instrutores experientes. Eles o orientar\u00e3o em seus primeiros movimentos, ensinando-lhe o b\u00e1sico para que voc\u00ea se sinta confiante e aproveite o deslize.<br \/>\nExperimente a incr\u00edvel sensa\u00e7\u00e3o de esquiar pela primeira vez com o apoio constante de nossa equipe. Estaremos l\u00e1 para torcer por voc\u00ea, pois queremos que voc\u00ea tenha um in\u00edcio positivo e memor\u00e1vel no mundo do esqui.<br \/>\nNossa equipe estar\u00e1 ao seu lado para garantir que voc\u00ea aproveite e supere suas expectativas nessa emocionante primeira aventura na neve.<\/p>\n<p>Ele inclui:<\/p>\n<ul>\n<li>Traslado de ida e volta para o hotel.<\/li>\n<li>2 horas de aulas em grupo.<\/li>\n<li>Equipamentos de esqui (pranchas, botas, bast\u00f5es)<\/li>\n<li>Traga roupas para neve (consulte as op\u00e7\u00f5es de aluguel).<\/li>\n<\/ul>","protected":false},"excerpt":{"rendered":"Da tus primeros pasos en este deporte con nosotros! No es necesario tener experiencia, te damos todo lo necesario para que aprendas a esquiar en el mayor centro de ski de America Latina.","protected":false},"featured_media":14975,"template":"","meta":{"_acf_changed":false},"product_brand":[],"product_cat":[227],"product_tag":[],"class_list":{"0":"post-15874","1":"product","2":"type-product","3":"status-publish","4":"has-post-thumbnail","6":"product_cat-excursiones-aventura","8":"first","9":"instock","10":"shipping-taxable","11":"product-type-external"},"acf":[],"_links":{"self":[{"href":"https:\/\/barilocheexperience.com.ar\/pt\/wp-json\/wp\/v2\/product\/15874","targetHints":{"allow":["GET"]}}],"collection":[{"href":"https:\/\/barilocheexperience.com.ar\/pt\/wp-json\/wp\/v2\/product"}],"about":[{"href":"https:\/\/barilocheexperience.com.ar\/pt\/wp-json\/wp\/v2\/types\/product"}],"version-history":[{"count":3,"href":"https:\/\/barilocheexperience.com.ar\/pt\/wp-json\/wp\/v2\/product\/15874\/revisions"}],"predecessor-version":[{"id":16533,"href":"https:\/\/barilocheexperience.com.ar\/pt\/wp-json\/wp\/v2\/product\/15874\/revisions\/16533"}],"wp:featuredmedia":[{"embeddable":true,"href":"https:\/\/barilocheexperience.com.ar\/pt\/wp-json\/wp\/v2\/media\/14975"}],"wp:attachment":[{"href":"https:\/\/barilocheexperience.com.ar\/pt\/wp-json\/wp\/v2\/media?parent=15874"}],"wp:term":[{"taxonomy":"product_brand","embeddable":true,"href":"https:\/\/barilocheexperience.com.ar\/pt\/wp-json\/wp\/v2\/product_brand?post=15874"},{"taxonomy":"product_cat","embeddable":true,"href":"https:\/\/barilocheexperience.com.ar\/pt\/wp-json\/wp\/v2\/product_cat?post=15874"},{"taxonomy":"product_tag","embeddable":true,"href":"https:\/\/barilocheexperience.com.ar\/pt\/wp-json\/wp\/v2\/product_tag?post=15874"}],"curies":[{"name":"wp","href":"https:\/\/api.w.org\/{rel}","templated":true}]}}