{"id":15877,"date":"2025-06-06T15:47:48","date_gmt":"2025-06-06T18:47:48","guid":{"rendered":"https:\/\/barilocheexperience.com.ar\/?post_type=product&#038;p=15877"},"modified":"2026-04-21T09:44:19","modified_gmt":"2026-04-21T12:44:19","slug":"roca-negra","status":"publish","type":"product","link":"https:\/\/barilocheexperience.com.ar\/pt\/experiencia\/roca-negra\/","title":{"rendered":"Black Rock"},"content":{"rendered":"<p>Come\u00e7amos com uma emocionante subida em um ve\u00edculo 4\u00d74 da base do Cerro Lopez por uma estrada de montanha atrav\u00e9s de florestas centen\u00e1rias de cohiues e lengas, com vistas panor\u00e2micas espetaculares do Parque Nahuel Huapi.<br \/>\nEnt\u00e3o \u00e9 hora de colocar suas raquetes de neve! Desfrute de uma caminhada guiada, a caminhada com raquetes de neve \u00e9 f\u00e1cil e permite que voc\u00ea se conecte com a natureza de uma maneira \u00fanica, sentindo a incr\u00edvel sensa\u00e7\u00e3o de flutuar sobre a neve. Aprenda sobre o meio ambiente com nosso guia e maravilhe-se com a beleza natural.<\/p>\n<p>A recompensa: um delicioso Fondue de Queijo (10-16hs) ou Fondue de Chocolate (14-20hs) no acolhedor ref\u00fagio Roca Negra, com vistas panor\u00e2micas inigual\u00e1veis. Uma experi\u00eancia completa na neve! Sa\u00eddas:<\/p>\n<ul>\n<li>10:00 \u00e0s 16:00 hs Fondue de queijo.<\/li>\n<li>14:00 \u00e0s 20:00 hs Fondue de chocolate.<\/li>\n<\/ul>\n<p>Inclu\u00eddo: Traslado dos hot\u00e9is centrais at\u00e9 o km 8, subida em 4\u00d74, caminhada na neve, fondue de queijo ou chocolate (de acordo com o hor\u00e1rio do almo\u00e7o ou lanche).<br \/>\nN\u00e3o inclu\u00eddo: Bebidas<\/p>\n<p>Taxa: $250.000 adultos \/ $200.000 menores de idade<\/p>","protected":false},"excerpt":{"rendered":"Caminata con raquetas en el magnifico Cerro Lopez, vistas de ensue\u00f1o y de recompensa un rico fondue.","protected":false},"featured_media":15879,"template":"","meta":{"_acf_changed":false},"product_brand":[],"product_cat":[227],"product_tag":[],"class_list":{"0":"post-15877","1":"product","2":"type-product","3":"status-publish","4":"has-post-thumbnail","6":"product_format-product-format-tour","7":"product_cat-excursiones-aventura","9":"first","10":"instock","11":"shipping-taxable","12":"product-type-external"},"acf":[],"_links":{"self":[{"href":"https:\/\/barilocheexperience.com.ar\/pt\/wp-json\/wp\/v2\/product\/15877","targetHints":{"allow":["GET"]}}],"collection":[{"href":"https:\/\/barilocheexperience.com.ar\/pt\/wp-json\/wp\/v2\/product"}],"about":[{"href":"https:\/\/barilocheexperience.com.ar\/pt\/wp-json\/wp\/v2\/types\/product"}],"version-history":[{"count":4,"href":"https:\/\/barilocheexperience.com.ar\/pt\/wp-json\/wp\/v2\/product\/15877\/revisions"}],"predecessor-version":[{"id":16155,"href":"https:\/\/barilocheexperience.com.ar\/pt\/wp-json\/wp\/v2\/product\/15877\/revisions\/16155"}],"wp:featuredmedia":[{"embeddable":true,"href":"https:\/\/barilocheexperience.com.ar\/pt\/wp-json\/wp\/v2\/media\/15879"}],"wp:attachment":[{"href":"https:\/\/barilocheexperience.com.ar\/pt\/wp-json\/wp\/v2\/media?parent=15877"}],"wp:term":[{"taxonomy":"product_brand","embeddable":true,"href":"https:\/\/barilocheexperience.com.ar\/pt\/wp-json\/wp\/v2\/product_brand?post=15877"},{"taxonomy":"product_cat","embeddable":true,"href":"https:\/\/barilocheexperience.com.ar\/pt\/wp-json\/wp\/v2\/product_cat?post=15877"},{"taxonomy":"product_tag","embeddable":true,"href":"https:\/\/barilocheexperience.com.ar\/pt\/wp-json\/wp\/v2\/product_tag?post=15877"}],"curies":[{"name":"wp","href":"https:\/\/api.w.org\/{rel}","templated":true}]}}