{"id":15982,"date":"2025-08-25T06:11:46","date_gmt":"2025-08-25T09:11:46","guid":{"rendered":"https:\/\/barilocheexperience.com.ar\/?post_type=product&#038;p=15982"},"modified":"2026-04-08T13:01:34","modified_gmt":"2026-04-08T16:01:34","slug":"canopy","status":"publish","type":"product","link":"https:\/\/barilocheexperience.com.ar\/pt\/experiencia\/canopy\/","title":{"rendered":"Dossel"},"content":{"rendered":"<p>Dossel<br \/>\n$\u00a085.000,00<br \/>\n\u23f0 Hor\u00e1rios de Passeio:<\/p>\n<p>10:00 | 12:00 | 14:00<\/p>\n<p>Sa\u00eddas di\u00e1rias<br \/>\n\ud83c\udf27\ufe0f O passeio n\u00e3o \u00e9 cancelado por chuva<br \/>\n\u231b Dura\u00e7\u00e3o estimada: 2 horas (aprox.)<\/p>\n<p>\ud83c\udf32 Canopy \u2013 Voe entre as \u00e1rvores da Patag\u00f4nia<br \/>\nExperimentei a incr\u00edvel sensa\u00e7\u00e3o de voar sobre a floresta, vendo de cima paisagens \u00fanicas que seriam imposs\u00edveis de ver do ch\u00e3o.<\/p>\n<p>A aventura come\u00e7a com a coloca\u00e7\u00e3o do equipamento de seguran\u00e7a, seguido por uma subida em ve\u00edculo 4x4 pela montanha at\u00e9 chegar a um bosque de coihues com mais de 250 anos. De l\u00e1, uma curta caminhada leva voc\u00ea \u00e0 primeira plataforma de lan\u00e7amento.<\/p>\n<p>O percurso total \u00e9 de 1500 metros de cabo, distribu\u00eddos em diferentes plataformas, o que o torna um dos circuitos de tirolesa mais longos da Am\u00e9rica do Sul.<\/p>\n<p>N\u00e3o \u00e9 necess\u00e1ria for\u00e7a nem conhecimento pr\u00e9vio, portanto \u00e9 uma experi\u00eancia segura e adequada para toda a fam\u00edlia.<\/p>\n<p>\u2705 Inclui:<br \/>\n\u2714\ufe0f Capacete, arn\u00eas profissional, roldanas, luvas e equipamento certificado (PETZL)<br \/>\n\u2714\ufe0f Guia profissional<br \/>\n\u2714\ufe0f Seguro durante a atividade<\/p>\n<p>N\u00e3o inclu\u00eddo:<br \/>\n\u2716\ufe0f Traslado para o local (opcional)<\/p>\n<p>\ud83d\udcb8 Tarifas:<br \/>\n\ud83d\udc68\ud83c\udffd\u200d\ud83e\uddb1Maiores de 10 anos: ARS $85.000<br \/>\n\ud83d\udc66 Menores de 5 a 10 anos: ARS $75.000<br \/>\n\ud83d\ude90 Traslado opcional: ARS $35.000<\/p>\n<p>\ud83d\udccd Ponto de encontro: A confirmar no momento da reserva<\/p>","protected":false},"excerpt":{"rendered":"\u00dabicaci\u00f3n:\u00a0Cerro Lopez\nIncluye:\n-Traslado de ida y vuelta a la ciudad\n-4&#215;4 hasta el circuito\n-Canopy completo de 12 plataformas sumando m\u00e1s de 1600mts de vuelo","protected":false},"featured_media":15986,"template":"","meta":{"_acf_changed":false},"product_brand":[],"product_cat":[227],"product_tag":[],"class_list":{"0":"post-15982","1":"product","2":"type-product","3":"status-publish","4":"has-post-thumbnail","6":"product_format-product-format-tour","7":"product_cat-excursiones-aventura","9":"first","10":"instock","11":"shipping-taxable","12":"product-type-external"},"acf":[],"_links":{"self":[{"href":"https:\/\/barilocheexperience.com.ar\/pt\/wp-json\/wp\/v2\/product\/15982","targetHints":{"allow":["GET"]}}],"collection":[{"href":"https:\/\/barilocheexperience.com.ar\/pt\/wp-json\/wp\/v2\/product"}],"about":[{"href":"https:\/\/barilocheexperience.com.ar\/pt\/wp-json\/wp\/v2\/types\/product"}],"version-history":[{"count":6,"href":"https:\/\/barilocheexperience.com.ar\/pt\/wp-json\/wp\/v2\/product\/15982\/revisions"}],"predecessor-version":[{"id":16504,"href":"https:\/\/barilocheexperience.com.ar\/pt\/wp-json\/wp\/v2\/product\/15982\/revisions\/16504"}],"wp:featuredmedia":[{"embeddable":true,"href":"https:\/\/barilocheexperience.com.ar\/pt\/wp-json\/wp\/v2\/media\/15986"}],"wp:attachment":[{"href":"https:\/\/barilocheexperience.com.ar\/pt\/wp-json\/wp\/v2\/media?parent=15982"}],"wp:term":[{"taxonomy":"product_brand","embeddable":true,"href":"https:\/\/barilocheexperience.com.ar\/pt\/wp-json\/wp\/v2\/product_brand?post=15982"},{"taxonomy":"product_cat","embeddable":true,"href":"https:\/\/barilocheexperience.com.ar\/pt\/wp-json\/wp\/v2\/product_cat?post=15982"},{"taxonomy":"product_tag","embeddable":true,"href":"https:\/\/barilocheexperience.com.ar\/pt\/wp-json\/wp\/v2\/product_tag?post=15982"}],"curies":[{"name":"wp","href":"https:\/\/api.w.org\/{rel}","templated":true}]}}