{"id":16062,"date":"2025-08-25T09:32:02","date_gmt":"2025-08-25T12:32:02","guid":{"rendered":"https:\/\/barilocheexperience.com.ar\/?post_type=product&#038;p=16062"},"modified":"2026-04-21T09:51:57","modified_gmt":"2026-04-21T12:51:57","slug":"caminata-a-laguna-congelada","status":"publish","type":"product","link":"https:\/\/barilocheexperience.com.ar\/pt\/experiencia\/caminata-a-laguna-congelada\/","title":{"rendered":"Caminhada at\u00e9 a Laguna Congelada"},"content":{"rendered":"<p class=\"_28USrA GEC0sA XN6uKA\"><span class=\"a_GcMg\">Acesso exclusivo por 4\u00d74<\/span><\/p>\n<p class=\"_28USrA GEC0sA XN6uKA\"><span class=\"a_GcMg\">Subimos por uma rota exclusiva at\u00e9 o Ref\u00fagio Neumeyer, localizado no meio da montanha, dentro do Parque Nacional Nahuel Huapi.<\/span><\/p>\n<p class=\"_28USrA GEC0sA XN6uKA\"><span class=\"a_GcMg\">Caminhada at\u00e9 a Frozen Lagoon (Lagoa Congelada)<\/span><\/p>\n<p class=\"_28USrA GEC0sA XN6uKA\"><span class=\"a_GcMg\">Um passeio guiado pela floresta andino-patag\u00f4nica at\u00e9 chegar a uma lagoa completamente congelada, um espet\u00e1culo natural \u00fanico!<\/span><\/p>\n<p class=\"_28USrA GEC0sA XN6uKA\"><span class=\"a_GcMg\">Depois da caminhada, continuei a desfrutar de uma tarde de jogos na neve.<\/span><\/p>\n<p class=\"_28USrA GEC0sA XN6uKA\"><span class=\"a_GcMg\">Almo\u00e7o no ref\u00fagio<\/span><\/p>\n<p class=\"_28USrA GEC0sA XN6uKA\"><span class=\"a_GcMg\">O almo\u00e7o \u00e9 servido em um abrigo aconchegante com excelente servi\u00e7o.<\/span><\/p>\n<p class=\"_28USrA GEC0sA XN6uKA\"><span class=\"a_GcMg\">Ele inclui:<\/span><\/p>\n<ul class=\"JS2Zuw\">\n<li class=\"XN6uKA hhtymQ _28USrA GEC0sA OMps6g\">\n<p class=\"J4GZTQ\"><span class=\"a_GcMg\">Traslado de ida e volta para o ref\u00fagio<\/span><\/p>\n<\/li>\n<li class=\"XN6uKA hhtymQ _28USrA GEC0sA OMps6g\">\n<p class=\"J4GZTQ\"><span class=\"a_GcMg\">Caminhada guiada at\u00e9 a Frozen Lagoon (Lagoa Congelada)<\/span><\/p>\n<\/li>\n<li class=\"XN6uKA hhtymQ _28USrA GEC0sA OMps6g\">\n<p class=\"J4GZTQ\"><span class=\"a_GcMg\">Jogos de tren\u00f3 (culipat\u00edn)<\/span><\/p>\n<\/li>\n<li class=\"XN6uKA hhtymQ _28USrA GEC0sA OMps6g\">\n<p class=\"J4GZTQ\"><span class=\"a_GcMg\">Almo\u00e7o completo<\/span><\/p>\n<\/li>\n<li class=\"XN6uKA hhtymQ _28USrA GEC0sA OMps6g\">\n<p class=\"J4GZTQ\"><span class=\"a_GcMg\">Bebida quente + bolos fritos na chegada<\/span><\/p>\n<\/li>\n<\/ul>","protected":false},"excerpt":{"rendered":"Acceso exclusivo en 4&#215;4 Ascendemos por una ruta exclusiva hasta el Refugio Neumeyer, ubicado en plena monta\u00f1a dentro del Parque Nacional Nahuel Huapi. Caminata a la Laguna Congelada Un recorrido guiado por el bosque andino-patag\u00f3nico hasta llegar a una laguna completamente congelada, un espect\u00e1culo natural \u00fanico ! Despu\u00e9s de la caminata, segu\u00ed disfrutando una tarde&#8230;","protected":false},"featured_media":16063,"template":"","meta":{"_acf_changed":false},"product_brand":[],"product_cat":[227],"product_tag":[],"class_list":{"0":"post-16062","1":"product","2":"type-product","3":"status-publish","4":"has-post-thumbnail","6":"product_format-product-format-tour","7":"product_cat-excursiones-aventura","9":"first","10":"instock","11":"shipping-taxable","12":"product-type-external"},"acf":[],"_links":{"self":[{"href":"https:\/\/barilocheexperience.com.ar\/pt\/wp-json\/wp\/v2\/product\/16062","targetHints":{"allow":["GET"]}}],"collection":[{"href":"https:\/\/barilocheexperience.com.ar\/pt\/wp-json\/wp\/v2\/product"}],"about":[{"href":"https:\/\/barilocheexperience.com.ar\/pt\/wp-json\/wp\/v2\/types\/product"}],"version-history":[{"count":3,"href":"https:\/\/barilocheexperience.com.ar\/pt\/wp-json\/wp\/v2\/product\/16062\/revisions"}],"predecessor-version":[{"id":16089,"href":"https:\/\/barilocheexperience.com.ar\/pt\/wp-json\/wp\/v2\/product\/16062\/revisions\/16089"}],"wp:featuredmedia":[{"embeddable":true,"href":"https:\/\/barilocheexperience.com.ar\/pt\/wp-json\/wp\/v2\/media\/16063"}],"wp:attachment":[{"href":"https:\/\/barilocheexperience.com.ar\/pt\/wp-json\/wp\/v2\/media?parent=16062"}],"wp:term":[{"taxonomy":"product_brand","embeddable":true,"href":"https:\/\/barilocheexperience.com.ar\/pt\/wp-json\/wp\/v2\/product_brand?post=16062"},{"taxonomy":"product_cat","embeddable":true,"href":"https:\/\/barilocheexperience.com.ar\/pt\/wp-json\/wp\/v2\/product_cat?post=16062"},{"taxonomy":"product_tag","embeddable":true,"href":"https:\/\/barilocheexperience.com.ar\/pt\/wp-json\/wp\/v2\/product_tag?post=16062"}],"curies":[{"name":"wp","href":"https:\/\/api.w.org\/{rel}","templated":true}]}}