{"id":16074,"date":"2025-08-25T10:46:00","date_gmt":"2025-08-25T13:46:00","guid":{"rendered":"https:\/\/barilocheexperience.com.ar\/?post_type=product&#038;p=16074"},"modified":"2026-04-08T17:04:18","modified_gmt":"2026-04-08T20:04:18","slug":"cabalgata-lago-moreno","status":"publish","type":"product","link":"https:\/\/barilocheexperience.com.ar\/pt\/experiencia\/cabalgata-lago-moreno\/","title":{"rendered":"Cavalgadas em Moreno Lake"},"content":{"rendered":"<p class=\"_28USrA GEC0sA XN6uKA\"><span class=\"a_GcMg\">Experi\u00eancia:<\/span><\/p>\n<p class=\"_28USrA GEC0sA XN6uKA\"><span class=\"a_GcMg\">A partir de uma fazenda localizada a apenas 15 km do centro de Bariloche, voc\u00ea iniciar\u00e1 um passeio a cavalo por florestas de coihue, mirantes naturais e praias escondidas \u00e0s margens do lago.<\/span><\/p>\n<div class=\"_28USrA GEC0sA XN6uKA\"><\/div>\n<p class=\"_28USrA GEC0sA XN6uKA\"><span class=\"a_GcMg\">No final, voc\u00ea pode ficar para almo\u00e7ar e saborear uma cerveja artesanal local em um ambiente descontra\u00eddo e aut\u00eantico.<\/span><\/p>\n<div class=\"_28USrA GEC0sA XN6uKA\"><\/div>\n<p class=\"_28USrA GEC0sA XN6uKA\"><span class=\"a_GcMg\">Ele inclui:<\/span><\/p>\n<ul class=\"JS2Zuw\">\n<li class=\"XN6uKA hhtymQ _28USrA GEC0sA OMps6g\">\n<p class=\"J4GZTQ\"><span class=\"a_GcMg\">Passeio a cavalo guiado (3 horas)<\/span><\/p>\n<\/li>\n<li class=\"XN6uKA hhtymQ _28USrA GEC0sA OMps6g\">\n<p class=\"J4GZTQ\"><span class=\"a_GcMg\">Guia especializado<\/span><\/p>\n<\/li>\n<\/ul>","protected":false},"excerpt":{"rendered":"La experiencia: Desde una chacra ubicada a solo 15 km del centro de Bariloche, inici\u00e1s un recorrido a caballo que te lleva por bosques de coihues, miradores naturales y playas escondidas a orillas del lago. Al finalizar, pod\u00e9s quedarte a almorzar y disfrutar de una cerveza artesanal local en un entorno relajado y aut\u00e9ntico. Incluye:&#8230;","protected":false},"featured_media":16510,"template":"","meta":{"_acf_changed":false},"product_brand":[],"product_cat":[227],"product_tag":[],"class_list":{"0":"post-16074","1":"product","2":"type-product","3":"status-publish","4":"has-post-thumbnail","6":"product_format-product-format-tour","7":"product_cat-excursiones-aventura","9":"first","10":"instock","11":"shipping-taxable","12":"product-type-external"},"acf":[],"_links":{"self":[{"href":"https:\/\/barilocheexperience.com.ar\/pt\/wp-json\/wp\/v2\/product\/16074","targetHints":{"allow":["GET"]}}],"collection":[{"href":"https:\/\/barilocheexperience.com.ar\/pt\/wp-json\/wp\/v2\/product"}],"about":[{"href":"https:\/\/barilocheexperience.com.ar\/pt\/wp-json\/wp\/v2\/types\/product"}],"version-history":[{"count":3,"href":"https:\/\/barilocheexperience.com.ar\/pt\/wp-json\/wp\/v2\/product\/16074\/revisions"}],"predecessor-version":[{"id":16079,"href":"https:\/\/barilocheexperience.com.ar\/pt\/wp-json\/wp\/v2\/product\/16074\/revisions\/16079"}],"wp:featuredmedia":[{"embeddable":true,"href":"https:\/\/barilocheexperience.com.ar\/pt\/wp-json\/wp\/v2\/media\/16510"}],"wp:attachment":[{"href":"https:\/\/barilocheexperience.com.ar\/pt\/wp-json\/wp\/v2\/media?parent=16074"}],"wp:term":[{"taxonomy":"product_brand","embeddable":true,"href":"https:\/\/barilocheexperience.com.ar\/pt\/wp-json\/wp\/v2\/product_brand?post=16074"},{"taxonomy":"product_cat","embeddable":true,"href":"https:\/\/barilocheexperience.com.ar\/pt\/wp-json\/wp\/v2\/product_cat?post=16074"},{"taxonomy":"product_tag","embeddable":true,"href":"https:\/\/barilocheexperience.com.ar\/pt\/wp-json\/wp\/v2\/product_tag?post=16074"}],"curies":[{"name":"wp","href":"https:\/\/api.w.org\/{rel}","templated":true}]}}