{"id":16080,"date":"2025-08-25T11:17:47","date_gmt":"2025-08-25T14:17:47","guid":{"rendered":"https:\/\/barilocheexperience.com.ar\/?post_type=product&#038;p=16080"},"modified":"2026-04-08T17:05:40","modified_gmt":"2026-04-08T20:05:40","slug":"kayak-lago-gutierrez","status":"publish","type":"product","link":"https:\/\/barilocheexperience.com.ar\/pt\/experiencia\/kayak-lago-gutierrez\/","title":{"rendered":"Caiaque no Lago Gutierrez"},"content":{"rendered":"<p class=\"_28USrA GEC0sA XN6uKA\"><span class=\"a_GcMg\">Viva uma experi\u00eancia inesquec\u00edvel explorando as \u00e1guas calmas do Lago Gutierrez, cercado por montanhas, natureza e a paz \u00fanica da Patag\u00f4nia. Ideal para quem busca aventura em contato com a natureza.<\/span><\/p>\n<p class=\"_28USrA GEC0sA XN6uKA\"><span class=\"a_GcMg\">Experi\u00eancia:<\/span><\/p>\n<p class=\"_28USrA GEC0sA XN6uKA\"><span class=\"a_GcMg\">Antes de iniciar a viagem, o guia dar\u00e1 um briefing t\u00e9cnico e de seguran\u00e7a para garantir uma experi\u00eancia segura e agrad\u00e1vel.<br \/>\nEm seguida, come\u00e7aremos a andar de caiaque, percorrendo as ba\u00edas escondidas do lago, enquanto descobrimos a flora e a fauna caracter\u00edsticas da regi\u00e3o.<\/span><\/p>\n<p class=\"_28USrA GEC0sA XN6uKA\"><span class=\"a_GcMg\">Na metade do percurso, faremos uma parada em uma praia para nos refrescarmos.<\/span><span class=\"a_GcMg\">\u2615\ud83c\udf6a<\/span><span class=\"a_GcMg\">descansar e depois continuar<\/span><span class=\"a_GcMg\">ar <\/span><span class=\"a_GcMg\">remando de volta.<\/span><\/p>\n<div class=\"_28USrA GEC0sA XN6uKA\"><\/div>\n<p class=\"_28USrA GEC0sA XN6uKA\"><span class=\"a_GcMg\">Ele inclui:<\/span><\/p>\n<ul class=\"JS2Zuw\">\n<li class=\"XN6uKA hhtymQ _28USrA GEC0sA OMps6g\">\n<p class=\"J4GZTQ\"><span class=\"a_GcMg\">Traslados de e para<\/span><\/p>\n<\/li>\n<li class=\"XN6uKA hhtymQ _28USrA GEC0sA OMps6g\">\n<p class=\"J4GZTQ\"><span class=\"a_GcMg\">Guia especializado<\/span><\/p>\n<\/li>\n<li class=\"XN6uKA hhtymQ _28USrA GEC0sA OMps6g\">\n<p class=\"J4GZTQ\"><span class=\"a_GcMg\">Equipamento completo para caiaque<\/span><\/p>\n<\/li>\n<li class=\"XN6uKA hhtymQ _28USrA GEC0sA OMps6g\">\n<p class=\"J4GZTQ\"><span class=\"a_GcMg\">Refresco seguro<\/span><\/p>\n<\/li>\n<\/ul>","protected":false},"excerpt":{"rendered":"Viv\u00ed una experiencia inolvidable explorando las tranquilas aguas del Lago Guti\u00e9rrez, rodeado de monta\u00f1as, naturaleza y la paz \u00fanica de la Patagonia. Ideal para quienes buscan aventura en contacto con la naturaleza. La experiencia: Antes de comenzar la traves\u00eda, el gu\u00eda brindar\u00e1 una charla t\u00e9cnica y de seguridad para asegurar una experiencia segura y agradable&#8230;.","protected":false},"featured_media":15000,"template":"","meta":{"_acf_changed":false},"product_brand":[],"product_cat":[227],"product_tag":[],"class_list":{"0":"post-16080","1":"product","2":"type-product","3":"status-publish","4":"has-post-thumbnail","6":"product_format-product-format-tour","7":"product_cat-excursiones-aventura","9":"first","10":"instock","11":"shipping-taxable","12":"product-type-external"},"acf":[],"_links":{"self":[{"href":"https:\/\/barilocheexperience.com.ar\/pt\/wp-json\/wp\/v2\/product\/16080","targetHints":{"allow":["GET"]}}],"collection":[{"href":"https:\/\/barilocheexperience.com.ar\/pt\/wp-json\/wp\/v2\/product"}],"about":[{"href":"https:\/\/barilocheexperience.com.ar\/pt\/wp-json\/wp\/v2\/types\/product"}],"version-history":[{"count":3,"href":"https:\/\/barilocheexperience.com.ar\/pt\/wp-json\/wp\/v2\/product\/16080\/revisions"}],"predecessor-version":[{"id":16091,"href":"https:\/\/barilocheexperience.com.ar\/pt\/wp-json\/wp\/v2\/product\/16080\/revisions\/16091"}],"wp:featuredmedia":[{"embeddable":true,"href":"https:\/\/barilocheexperience.com.ar\/pt\/wp-json\/wp\/v2\/media\/15000"}],"wp:attachment":[{"href":"https:\/\/barilocheexperience.com.ar\/pt\/wp-json\/wp\/v2\/media?parent=16080"}],"wp:term":[{"taxonomy":"product_brand","embeddable":true,"href":"https:\/\/barilocheexperience.com.ar\/pt\/wp-json\/wp\/v2\/product_brand?post=16080"},{"taxonomy":"product_cat","embeddable":true,"href":"https:\/\/barilocheexperience.com.ar\/pt\/wp-json\/wp\/v2\/product_cat?post=16080"},{"taxonomy":"product_tag","embeddable":true,"href":"https:\/\/barilocheexperience.com.ar\/pt\/wp-json\/wp\/v2\/product_tag?post=16080"}],"curies":[{"name":"wp","href":"https:\/\/api.w.org\/{rel}","templated":true}]}}