{"id":16092,"date":"2025-08-26T15:43:52","date_gmt":"2025-08-26T18:43:52","guid":{"rendered":"https:\/\/barilocheexperience.com.ar\/?post_type=product&#038;p=16092"},"modified":"2026-04-08T16:02:45","modified_gmt":"2026-04-08T19:02:45","slug":"extremo-encantado","status":"publish","type":"product","link":"https:\/\/barilocheexperience.com.ar\/pt\/experiencia\/extremo-encantado\/","title":{"rendered":"Extremo Encantado - Jantar Show"},"content":{"rendered":"<p class=\"_28USrA GEC0sA XN6uKA\"><span class=\"a_GcMg\">Partimos do centro para a base do Cerro Lopez e, de l\u00e1, entramos em vans 4\u00d74 em busca de uma vista de tirar o f\u00f4lego.<\/span><span class=\"a_GcMg\"><br \/>\n<\/span><span class=\"a_GcMg\">aventura por uma estrada de montanha com cerca de 4 km de extens\u00e3o e de onde se pode ver o interior da cidade.<\/span><span class=\"a_GcMg\"><br \/>\n<\/span><span class=\"a_GcMg\">Desfrutaremos de um incr\u00edvel p\u00f4r do sol sobre todo o lago Nahuel Huapi. No final do passeio, um ref\u00fagio acolhedor o aguarda.<\/span><span class=\"a_GcMg\"><br \/>\n<\/span><span class=\"a_GcMg\">para que toda a fam\u00edlia possa saborear um delicioso fondeau de queijo.<\/span><\/p>\n<p class=\"_28USrA GEC0sA XN6uKA\"><span class=\"a_GcMg\">O QUE EST\u00c1 INCLU\u00cdDO<\/span><\/p>\n<p class=\"_28USrA GEC0sA XN6uKA\"><span class=\"a_GcMg\">- Traslado em \u00f4nibus do centro para a base do Cerro Lopez e vice-versa.<\/span><\/p>\n<p class=\"_28USrA GEC0sA XN6uKA\"><span class=\"a_GcMg\">- Subida em caminh\u00f5es 4\u00d74<\/span><\/p>\n<p class=\"_28USrA GEC0sA XN6uKA\"><span class=\"a_GcMg\">- Caminhada com lanterna de LED<\/span><\/p>\n<p class=\"_28USrA GEC0sA XN6uKA\"><span class=\"a_GcMg\">- Jantar completo<\/span><\/p>\n<p class=\"_28USrA GEC0sA XN6uKA\"><span class=\"a_GcMg\">- Show de m\u00fasica ao vivo<\/span><\/p>\n<p class=\"_28USrA GEC0sA XN6uKA\"><span class=\"a_GcMg\">- Descida em 4\u00d74 e retorno<\/span><\/p>\n<p class=\"_28USrA GEC0sA XN6uKA\"><span class=\"a_GcMg\">JANTAR<\/span><\/p>\n<p class=\"_28USrA GEC0sA XN6uKA\"><span class=\"a_GcMg\">- Entrada: torta de carne<\/span><\/p>\n<p class=\"_28USrA GEC0sA XN6uKA\"><span class=\"a_GcMg\">- Principal: fondueau de queijo com cerca de 10 molhos\/acompanhamentos diferentes: cenoura, batata, croutons, ravi\u00f3li,<\/span><span class=\"a_GcMg\"><br \/>\n<\/span><span class=\"a_GcMg\">presunto, etc.)<\/span><\/p>\n<p class=\"_28USrA GEC0sA XN6uKA\"><span class=\"a_GcMg\">- Sobremesa: strudel com creme<\/span><\/p>\n<p class=\"_28USrA GEC0sA XN6uKA\"><span class=\"a_GcMg\">Bebidas N\u00c3O INCLU\u00cdDAS<\/span><\/p>\n<div class=\"_28USrA GEC0sA XN6uKA\"><\/div>\n<p class=\"_28USrA GEC0sA XN6uKA\"><span class=\"a_GcMg\">TAXA: $200.000 adultos \/ $150.000 crian\u00e7as de 4 a 12 anos de idade<\/span><\/p>","protected":false},"excerpt":{"rendered":"Partimos desde el centro hacia la base del Cerro L\u00f3pez y desde ah\u00ed nos subimos a camionetas 4&#215;4 en busca de una alucinante aventura transitando por un camino de monta\u00f1a que tiene aproximadamente 4km y desde donde se puede apreciar dentro de las 4&#215;4 un increible atardecer sobre la totalidad del Lago Nahuel Huapi. Al&#8230;","protected":false},"featured_media":16506,"template":"","meta":{"_acf_changed":false},"product_brand":[],"product_cat":[231],"product_tag":[],"class_list":{"0":"post-16092","1":"product","2":"type-product","3":"status-publish","4":"has-post-thumbnail","6":"product_format-product-format-tour","7":"product_cat-excursiones-gastronomicas","9":"first","10":"instock","11":"shipping-taxable","12":"product-type-external"},"acf":[],"_links":{"self":[{"href":"https:\/\/barilocheexperience.com.ar\/pt\/wp-json\/wp\/v2\/product\/16092","targetHints":{"allow":["GET"]}}],"collection":[{"href":"https:\/\/barilocheexperience.com.ar\/pt\/wp-json\/wp\/v2\/product"}],"about":[{"href":"https:\/\/barilocheexperience.com.ar\/pt\/wp-json\/wp\/v2\/types\/product"}],"version-history":[{"count":3,"href":"https:\/\/barilocheexperience.com.ar\/pt\/wp-json\/wp\/v2\/product\/16092\/revisions"}],"predecessor-version":[{"id":16164,"href":"https:\/\/barilocheexperience.com.ar\/pt\/wp-json\/wp\/v2\/product\/16092\/revisions\/16164"}],"wp:featuredmedia":[{"embeddable":true,"href":"https:\/\/barilocheexperience.com.ar\/pt\/wp-json\/wp\/v2\/media\/16506"}],"wp:attachment":[{"href":"https:\/\/barilocheexperience.com.ar\/pt\/wp-json\/wp\/v2\/media?parent=16092"}],"wp:term":[{"taxonomy":"product_brand","embeddable":true,"href":"https:\/\/barilocheexperience.com.ar\/pt\/wp-json\/wp\/v2\/product_brand?post=16092"},{"taxonomy":"product_cat","embeddable":true,"href":"https:\/\/barilocheexperience.com.ar\/pt\/wp-json\/wp\/v2\/product_cat?post=16092"},{"taxonomy":"product_tag","embeddable":true,"href":"https:\/\/barilocheexperience.com.ar\/pt\/wp-json\/wp\/v2\/product_tag?post=16092"}],"curies":[{"name":"wp","href":"https:\/\/api.w.org\/{rel}","templated":true}]}}