{"id":16343,"date":"2025-12-19T09:05:05","date_gmt":"2025-12-19T12:05:05","guid":{"rendered":"https:\/\/barilocheexperience.com.ar\/?post_type=product&#038;p=16343"},"modified":"2026-03-17T09:43:24","modified_gmt":"2026-03-17T12:43:24","slug":"paquete-a-bariloche-otono-2026","status":"publish","type":"product","link":"https:\/\/barilocheexperience.com.ar\/pt\/experiencia\/paquete-a-bariloche-otono-2026\/","title":{"rendered":"Pacote para Bariloche - Outono de 2026"},"content":{"rendered":"<p>PACOTE OUTONO 2026<br \/>\n- Traslado aeroporto \/ hotel \/ aeroporto<br \/>\n- 4 noites de hospedagem em um quarto para 2 pessoas nos hot\u00e9is do Grupo Tierra Gaucha.<br \/>\n- Buffet de caf\u00e9 da manh\u00e3 di\u00e1rio, wifi.<br \/>\n- Excurs\u00e3o para pequenos circuitos (meio dia)<\/p>\n<p>TAXA: $315.000 taxas inclu\u00eddas por pessoa (m\u00ednimo de 2 pessoas)<\/p>\n<p>As tarifas expressas em pesos argentinos est\u00e3o sujeitas a altera\u00e7\u00f5es e \u00e0 disponibilidade at\u00e9 o momento da reserva.<br \/>\nN\u00e3o inclui a subida ao Cerro Campanario nem a passagem a\u00e9rea.<br \/>\nV\u00e1lido para estadias durante os meses de mar\u00e7o, abril e maio (n\u00e3o v\u00e1lido para a P\u00e1scoa).<br \/>\nM\u00e9todo de pagamento: por transfer\u00eancia banc\u00e1ria, d\u00e9bito, cr\u00e9dito em um pagamento.<br \/>\nOu em 3 MONTANTES FIXOS de $121.000 por QUOTA<\/p>","protected":false},"excerpt":{"rendered":"Pacote Bariloche outono 2026","protected":false},"featured_media":16414,"template":"","meta":{"_acf_changed":false},"product_brand":[],"product_cat":[228],"product_tag":[],"class_list":{"0":"post-16343","1":"product","2":"type-product","3":"status-publish","4":"has-post-thumbnail","6":"product_format-product-format-tour","7":"product_cat-paquetes","9":"first","10":"instock","11":"shipping-taxable","12":"product-type-external"},"acf":[],"_links":{"self":[{"href":"https:\/\/barilocheexperience.com.ar\/pt\/wp-json\/wp\/v2\/product\/16343","targetHints":{"allow":["GET"]}}],"collection":[{"href":"https:\/\/barilocheexperience.com.ar\/pt\/wp-json\/wp\/v2\/product"}],"about":[{"href":"https:\/\/barilocheexperience.com.ar\/pt\/wp-json\/wp\/v2\/types\/product"}],"version-history":[{"count":6,"href":"https:\/\/barilocheexperience.com.ar\/pt\/wp-json\/wp\/v2\/product\/16343\/revisions"}],"predecessor-version":[{"id":16417,"href":"https:\/\/barilocheexperience.com.ar\/pt\/wp-json\/wp\/v2\/product\/16343\/revisions\/16417"}],"wp:featuredmedia":[{"embeddable":true,"href":"https:\/\/barilocheexperience.com.ar\/pt\/wp-json\/wp\/v2\/media\/16414"}],"wp:attachment":[{"href":"https:\/\/barilocheexperience.com.ar\/pt\/wp-json\/wp\/v2\/media?parent=16343"}],"wp:term":[{"taxonomy":"product_brand","embeddable":true,"href":"https:\/\/barilocheexperience.com.ar\/pt\/wp-json\/wp\/v2\/product_brand?post=16343"},{"taxonomy":"product_cat","embeddable":true,"href":"https:\/\/barilocheexperience.com.ar\/pt\/wp-json\/wp\/v2\/product_cat?post=16343"},{"taxonomy":"product_tag","embeddable":true,"href":"https:\/\/barilocheexperience.com.ar\/pt\/wp-json\/wp\/v2\/product_tag?post=16343"}],"curies":[{"name":"wp","href":"https:\/\/api.w.org\/{rel}","templated":true}]}}