{"id":16346,"date":"2025-12-19T09:24:01","date_gmt":"2025-12-19T12:24:01","guid":{"rendered":"https:\/\/barilocheexperience.com.ar\/?post_type=product&#038;p=16346"},"modified":"2026-04-08T13:50:44","modified_gmt":"2026-04-08T16:50:44","slug":"paquete-a-bariloche-aventura-2026","status":"publish","type":"product","link":"https:\/\/barilocheexperience.com.ar\/pt\/experiencia\/paquete-a-bariloche-aventura-2026\/","title":{"rendered":"Pacote Bariloche - Aventura 2026"},"content":{"rendered":"<p>PACOTE DE AVENTURA 2026<br \/>\n- Traslado aeroporto \/ hotel \/ aeroporto<br \/>\n- 5 noites de hospedagem em um quarto para 3 pessoas no Hotel Pioneros Suites 3*.<br \/>\n- Caf\u00e9 da manh\u00e3 buffet di\u00e1rio, Wi-Fi, comodidades<br \/>\n- Meio dia de experi\u00eancia familiar de rafting ou caiaque no Lago Gutierrez com traslado<br \/>\nTAXA: $395.000, incluindo impostos, por pessoa<br \/>\nAdicione seu seguro de viagem para $3500 por dia<br \/>\nAs tarifas expressas em pesos argentinos est\u00e3o sujeitas a altera\u00e7\u00f5es e \u00e0 disponibilidade at\u00e9 o momento da reserva.<br \/>\nV\u00e1lido para estadias durante os meses de janeiro e fevereiro (aplica-se o fim de semana prolongado).<br \/>\nAs passagens a\u00e9reas n\u00e3o est\u00e3o inclu\u00eddas.<br \/>\nM\u00e9todo de pagamento: por transfer\u00eancia, d\u00e9bito, cr\u00e9dito em um pagamento. Ou em 3 parcelas fixas de $151.500 por parcela.<\/p>","protected":false},"excerpt":{"rendered":"Pacote de Aventura Bariloche 2026","protected":false},"featured_media":16207,"template":"","meta":{"_acf_changed":false},"product_brand":[],"product_cat":[228],"product_tag":[],"class_list":{"0":"post-16346","1":"product","2":"type-product","3":"status-publish","4":"has-post-thumbnail","6":"product_format-product-format-tour","7":"product_cat-paquetes","9":"first","10":"instock","11":"shipping-taxable","12":"product-type-external"},"acf":[],"_links":{"self":[{"href":"https:\/\/barilocheexperience.com.ar\/pt\/wp-json\/wp\/v2\/product\/16346","targetHints":{"allow":["GET"]}}],"collection":[{"href":"https:\/\/barilocheexperience.com.ar\/pt\/wp-json\/wp\/v2\/product"}],"about":[{"href":"https:\/\/barilocheexperience.com.ar\/pt\/wp-json\/wp\/v2\/types\/product"}],"version-history":[{"count":2,"href":"https:\/\/barilocheexperience.com.ar\/pt\/wp-json\/wp\/v2\/product\/16346\/revisions"}],"predecessor-version":[{"id":16359,"href":"https:\/\/barilocheexperience.com.ar\/pt\/wp-json\/wp\/v2\/product\/16346\/revisions\/16359"}],"wp:featuredmedia":[{"embeddable":true,"href":"https:\/\/barilocheexperience.com.ar\/pt\/wp-json\/wp\/v2\/media\/16207"}],"wp:attachment":[{"href":"https:\/\/barilocheexperience.com.ar\/pt\/wp-json\/wp\/v2\/media?parent=16346"}],"wp:term":[{"taxonomy":"product_brand","embeddable":true,"href":"https:\/\/barilocheexperience.com.ar\/pt\/wp-json\/wp\/v2\/product_brand?post=16346"},{"taxonomy":"product_cat","embeddable":true,"href":"https:\/\/barilocheexperience.com.ar\/pt\/wp-json\/wp\/v2\/product_cat?post=16346"},{"taxonomy":"product_tag","embeddable":true,"href":"https:\/\/barilocheexperience.com.ar\/pt\/wp-json\/wp\/v2\/product_tag?post=16346"}],"curies":[{"name":"wp","href":"https:\/\/api.w.org\/{rel}","templated":true}]}}