{"id":16354,"date":"2025-12-19T10:20:39","date_gmt":"2025-12-19T13:20:39","guid":{"rendered":"https:\/\/barilocheexperience.com.ar\/?post_type=product&#038;p=16354"},"modified":"2026-04-08T13:47:24","modified_gmt":"2026-04-08T16:47:24","slug":"paquete-a-iguazu-2026","status":"publish","type":"product","link":"https:\/\/barilocheexperience.com.ar\/pt\/experiencia\/paquete-a-iguazu-2026\/","title":{"rendered":"Pacote para Iguazu - 2026"},"content":{"rendered":"<p>PACOTE IGUAZ\u00da<br \/>\n- Traslado aeroporto \/ hotel \/ aeroporto<br \/>\n- 4 noites de hospedagem em um quarto para 2 pessoas no Hotel Sui\u00e7a Iguaz\u00fa 3*.<br \/>\n- Buffet de caf\u00e9 da manh\u00e3 brasileiro diariamente<br \/>\n- Cachoeiras Lado argentino Dia inteiro<br \/>\n- Cachoeiras lado brasileiro meio dia<br \/>\nTAXA: U$D 355,- por pessoa<br \/>\nAdicione seu seguro de viagem por usd30<br \/>\nAs tarifas expressas em d\u00f3lares est\u00e3o sujeitas a altera\u00e7\u00f5es e \u00e0 disponibilidade at\u00e9 o momento da reserva. N\u00e3o inclui taxas de entrada em parques nacionais ou passagem a\u00e9rea.<br \/>\nV\u00e1lido para estadias durante os meses de janeiro e fevereiro (aplica-se o fim de semana prolongado).<br \/>\nM\u00e9todo de pagamento: por dep\u00f3sito ou transfer\u00eancia banc\u00e1ria em d\u00f3lares, em dinheiro em nossos escrit\u00f3rios. Se o pagamento for feito em pesos, ser\u00e1 usada a taxa de c\u00e2mbio do dia do pagamento.<\/p>","protected":false},"excerpt":{"rendered":"Pacote Iguazu 2026","protected":false},"featured_media":16349,"template":"","meta":{"_acf_changed":false},"product_brand":[],"product_cat":[228],"product_tag":[],"class_list":{"0":"post-16354","1":"product","2":"type-product","3":"status-publish","4":"has-post-thumbnail","6":"product_format-product-format-tour","7":"product_cat-paquetes","9":"first","10":"instock","11":"shipping-taxable","12":"product-type-external"},"acf":[],"_links":{"self":[{"href":"https:\/\/barilocheexperience.com.ar\/pt\/wp-json\/wp\/v2\/product\/16354","targetHints":{"allow":["GET"]}}],"collection":[{"href":"https:\/\/barilocheexperience.com.ar\/pt\/wp-json\/wp\/v2\/product"}],"about":[{"href":"https:\/\/barilocheexperience.com.ar\/pt\/wp-json\/wp\/v2\/types\/product"}],"version-history":[{"count":2,"href":"https:\/\/barilocheexperience.com.ar\/pt\/wp-json\/wp\/v2\/product\/16354\/revisions"}],"predecessor-version":[{"id":16356,"href":"https:\/\/barilocheexperience.com.ar\/pt\/wp-json\/wp\/v2\/product\/16354\/revisions\/16356"}],"wp:featuredmedia":[{"embeddable":true,"href":"https:\/\/barilocheexperience.com.ar\/pt\/wp-json\/wp\/v2\/media\/16349"}],"wp:attachment":[{"href":"https:\/\/barilocheexperience.com.ar\/pt\/wp-json\/wp\/v2\/media?parent=16354"}],"wp:term":[{"taxonomy":"product_brand","embeddable":true,"href":"https:\/\/barilocheexperience.com.ar\/pt\/wp-json\/wp\/v2\/product_brand?post=16354"},{"taxonomy":"product_cat","embeddable":true,"href":"https:\/\/barilocheexperience.com.ar\/pt\/wp-json\/wp\/v2\/product_cat?post=16354"},{"taxonomy":"product_tag","embeddable":true,"href":"https:\/\/barilocheexperience.com.ar\/pt\/wp-json\/wp\/v2\/product_tag?post=16354"}],"curies":[{"name":"wp","href":"https:\/\/api.w.org\/{rel}","templated":true}]}}