{"id":16370,"date":"2025-12-26T18:17:44","date_gmt":"2025-12-26T21:17:44","guid":{"rendered":"https:\/\/barilocheexperience.com.ar\/?post_type=product&#038;p=16370"},"modified":"2026-04-08T13:46:26","modified_gmt":"2026-04-08T16:46:26","slug":"paquetes-al-mundial-2026","status":"publish","type":"product","link":"https:\/\/barilocheexperience.com.ar\/pt\/experiencia\/paquetes-al-mundial-2026\/","title":{"rendered":"Pacotes para a Copa do Mundo de 2026"},"content":{"rendered":"<p>Eu vivi o\u00a0<em>Copa do Mundo de 2026<\/em>\u00a0nos Estados Unidos, no M\u00e9xico e no Canad\u00e1 com os melhores\u00a0<em>pacotes<\/em>.<\/p>\n<p data-path-to-node=\"3\">Junte-se \u00e0 Sele\u00e7\u00e3o Argentina no evento esportivo mais importante do mundo. Oferecemos uma experi\u00eancia abrangente projetada para garantir sua presen\u00e7a nos EUA 2026, com op\u00e7\u00f5es de acomoda\u00e7\u00e3o selecionadas, assist\u00eancia de viagem e ingressos garantidos em v\u00e1rias categorias.<\/p>\n<p data-path-to-node=\"4\">Selecione a op\u00e7\u00e3o que se encaixa em seu itiner\u00e1rio de viagem:<\/p>\n<hr data-path-to-node=\"5\" \/>\n<h4 data-path-to-node=\"6\">Op\u00e7\u00e3o 1: Primeira partida (local em Kansas City)<\/h4>\n<p data-path-to-node=\"7\">Vivencie a estreia da equipe nacional no torneio. Este pacote foi criado para uma estadia curta com foco exclusivo na primeira partida do grupo.<\/p>\n<ul data-path-to-node=\"8\">\n<li>\n<p data-path-to-node=\"8,0,0\"><b data-path-to-node=\"8,0,0\" data-index-in-node=\"0\">Festa:<\/b> Argentina x Arg\u00e9lia.<\/p>\n<\/li>\n<li>\n<p data-path-to-node=\"8,1,0\"><b data-path-to-node=\"8,1,0\" data-index-in-node=\"0\">Data do evento:<\/b> 16 de junho de 2026.<\/p>\n<\/li>\n<li>\n<p data-path-to-node=\"8,2,0\"><b data-path-to-node=\"8,2,0\" data-index-in-node=\"0\">Permanecer:<\/b> 3 noites em Kansas City.<\/p>\n<\/li>\n<li>\n<p data-path-to-node=\"8,3,0\"><b data-path-to-node=\"8,3,0\" data-index-in-node=\"0\">Dura\u00e7\u00e3o da viagem:<\/b> De 15 a 18 de junho de 2026.<\/p>\n<\/li>\n<li>\n<p data-path-to-node=\"8,4,0\"><b data-path-to-node=\"8,4,0\" data-index-in-node=\"0\">Servi\u00e7os inclu\u00eddos:<\/b> Acomoda\u00e7\u00e3o em hotel selecionado, ingresso para o jogo e assist\u00eancia de viagem (SafeTravel).<\/p>\n<\/li>\n<\/ul>\n<hr data-path-to-node=\"9\" \/>\n<h4 data-path-to-node=\"10\">Op\u00e7\u00e3o 2: Segunda e terceira partida (local em Dallas)<\/h4>\n<p data-path-to-node=\"11\">Uma proposta para aproveitar a defini\u00e7\u00e3o da fase de grupos com uma estadia prolongada no Texas, cobrindo as duas partidas decisivas.<\/p>\n<ul data-path-to-node=\"12\">\n<li>\n<p data-path-to-node=\"12,0,0\"><b data-path-to-node=\"12,0,0\" data-index-in-node=\"0\">Jogos:<\/b><\/p>\n<ul data-path-to-node=\"12,0,1\">\n<li>\n<p data-path-to-node=\"12,0,1,0,0\">Argentina x \u00c1ustria (22 de junho).<\/p>\n<\/li>\n<li>\n<p data-path-to-node=\"12,0,1,1,0\">Argentina x Jord\u00e2nia (27 de junho).<\/p>\n<\/li>\n<\/ul>\n<\/li>\n<li>\n<p data-path-to-node=\"12,1,0\"><b data-path-to-node=\"12,1,0\" data-index-in-node=\"0\">Permanecer:<\/b> 8 noites em Dallas.<\/p>\n<\/li>\n<li>\n<p data-path-to-node=\"12,2,0\"><b data-path-to-node=\"12,2,0\" data-index-in-node=\"0\">Dura\u00e7\u00e3o da viagem:<\/b> De 21 a 29 de junho de 2026.<\/p>\n<\/li>\n<li>\n<p data-path-to-node=\"12,3,0\"><b data-path-to-node=\"12,3,0\" data-index-in-node=\"0\">Servi\u00e7os inclu\u00eddos:<\/b> Acomoda\u00e7\u00e3o em hotel selecionado, ingressos para os dois jogos e assist\u00eancia de viagem (SafeTravel).<\/p>\n<\/li>\n<\/ul>\n<hr data-path-to-node=\"13\" \/>\n<h4 data-path-to-node=\"14\">Op\u00e7\u00e3o 3: Fase de grupos completa (Kansas e Dallas)<\/h4>\n<p data-path-to-node=\"15\">A melhor experi\u00eancia para os torcedores. Este pacote cobre a turn\u00ea completa da Sele\u00e7\u00e3o Argentina durante toda a primeira fase, combinando os locais de Kansas e Dallas.<\/p>\n<ul data-path-to-node=\"16\">\n<li>\n<p data-path-to-node=\"16,0,0\"><b data-path-to-node=\"16,0,0\" data-index-in-node=\"0\">Jogos:<\/b> Inclui as tr\u00eas partidas da fase de grupos (contra Arg\u00e9lia, \u00c1ustria e Jord\u00e2nia).<\/p>\n<\/li>\n<li>\n<p data-path-to-node=\"16,1,0\"><b data-path-to-node=\"16,1,0\" data-index-in-node=\"0\">Datas dos eventos:<\/b> 16, 22 e 27 de junho de 2026.<\/p>\n<\/li>\n<li>\n<p data-path-to-node=\"16,2,0\"><b data-path-to-node=\"16,2,0\" data-index-in-node=\"0\">Estadia total:<\/b> 13 noites (3 noites em Kansas City + 10 noites em Dallas).<\/p>\n<\/li>\n<li>\n<p data-path-to-node=\"16,3,0\"><b data-path-to-node=\"16,3,0\" data-index-in-node=\"0\">Dura\u00e7\u00e3o da viagem:<\/b> De 15 a 28 de junho de 2026.<\/p>\n<\/li>\n<li>\n<p data-path-to-node=\"16,4,0\"><b data-path-to-node=\"16,4,0\" data-index-in-node=\"0\">Servi\u00e7os inclu\u00eddos:<\/b> Acomoda\u00e7\u00e3o em ambos os locais, ingressos para os tr\u00eas jogos e assist\u00eancia de viagem (SafeTravel).<\/p>\n<\/li>\n<\/ul>\n<hr data-path-to-node=\"17\" \/>\n<h4 data-path-to-node=\"18\">Detalhes t\u00e9cnicos e servi\u00e7os adicionais<\/h4>\n<p data-path-to-node=\"19\">Para todos os pacotes mencionados acima, s\u00e3o oferecidas as seguintes condi\u00e7\u00f5es e categorias de servi\u00e7o:<\/p>\n<ul data-path-to-node=\"20\">\n<li>\n<p data-path-to-node=\"20,0,0\"><b data-path-to-node=\"20,0,0\" data-index-in-node=\"0\">Categoria de acomoda\u00e7\u00e3o:<\/b> Disponibilidade em hot\u00e9is 3 estrelas e 4 estrelas.<\/p>\n<\/li>\n<li>\n<p data-path-to-node=\"20,1,0\"><b data-path-to-node=\"20,1,0\" data-index-in-node=\"0\">Localiza\u00e7\u00e3o no est\u00e1dio:<\/b> Ingressos dispon\u00edveis na Categoria 2, Categoria 1 e Categoria 1 Premium.<\/p>\n<\/li>\n<li>\n<p data-path-to-node=\"20,2,0\"><b data-path-to-node=\"20,2,0\" data-index-in-node=\"0\">Cobertura m\u00e9dica:<\/b> Todos os pacotes incluem o servi\u00e7o de assist\u00eancia de viagem SafeTravel.<\/p>\n<\/li>\n<li>\n<p data-path-to-node=\"20,3,0\"><b data-path-to-node=\"20,3,0\" data-index-in-node=\"0\">Regime:<\/b> Acomoda\u00e7\u00e3o com caf\u00e9 da manh\u00e3 inclu\u00eddo.<\/p>\n<\/li>\n<\/ul>\n<p data-path-to-node=\"21\"><b data-path-to-node=\"21\" data-index-in-node=\"0\">Observa\u00e7\u00e3o:<\/b> Os itiner\u00e1rios e as disponibilidades est\u00e3o sujeitos a confirma\u00e7\u00e3o no momento da reserva. Entre em contato com nossa equipe de vendas para obter or\u00e7amentos personalizados.<\/p>","protected":false},"excerpt":{"rendered":"Paquete Mundial 2026 &#8211; Cotizaci\u00f3n en d\u00f3lares, a confirmar","protected":false},"featured_media":16378,"template":"","meta":{"_acf_changed":false},"product_brand":[],"product_cat":[228],"product_tag":[],"class_list":{"0":"post-16370","1":"product","2":"type-product","3":"status-publish","4":"has-post-thumbnail","6":"product_format-product-format-tour","7":"product_cat-paquetes","9":"first","10":"instock","11":"shipping-taxable","12":"product-type-external"},"acf":[],"_links":{"self":[{"href":"https:\/\/barilocheexperience.com.ar\/pt\/wp-json\/wp\/v2\/product\/16370","targetHints":{"allow":["GET"]}}],"collection":[{"href":"https:\/\/barilocheexperience.com.ar\/pt\/wp-json\/wp\/v2\/product"}],"about":[{"href":"https:\/\/barilocheexperience.com.ar\/pt\/wp-json\/wp\/v2\/types\/product"}],"version-history":[{"count":6,"href":"https:\/\/barilocheexperience.com.ar\/pt\/wp-json\/wp\/v2\/product\/16370\/revisions"}],"predecessor-version":[{"id":16377,"href":"https:\/\/barilocheexperience.com.ar\/pt\/wp-json\/wp\/v2\/product\/16370\/revisions\/16377"}],"wp:featuredmedia":[{"embeddable":true,"href":"https:\/\/barilocheexperience.com.ar\/pt\/wp-json\/wp\/v2\/media\/16378"}],"wp:attachment":[{"href":"https:\/\/barilocheexperience.com.ar\/pt\/wp-json\/wp\/v2\/media?parent=16370"}],"wp:term":[{"taxonomy":"product_brand","embeddable":true,"href":"https:\/\/barilocheexperience.com.ar\/pt\/wp-json\/wp\/v2\/product_brand?post=16370"},{"taxonomy":"product_cat","embeddable":true,"href":"https:\/\/barilocheexperience.com.ar\/pt\/wp-json\/wp\/v2\/product_cat?post=16370"},{"taxonomy":"product_tag","embeddable":true,"href":"https:\/\/barilocheexperience.com.ar\/pt\/wp-json\/wp\/v2\/product_tag?post=16370"}],"curies":[{"name":"wp","href":"https:\/\/api.w.org\/{rel}","templated":true}]}}