{"id":16408,"date":"2026-03-17T09:20:04","date_gmt":"2026-03-17T12:20:04","guid":{"rendered":"https:\/\/barilocheexperience.com.ar\/?post_type=product&#038;p=16408"},"modified":"2026-04-14T11:49:33","modified_gmt":"2026-04-14T14:49:33","slug":"promo-especial-cerro-tronador-y-ventisquero-negro","status":"publish","type":"product","link":"https:\/\/barilocheexperience.com.ar\/pt\/experiencia\/promo-especial-cerro-tronador-y-ventisquero-negro\/","title":{"rendered":"Promo\u00e7\u00e3o Especial Cerro Tronador e Ventisquero Negro"},"content":{"rendered":"<p>\ud83d\udea8 ATEN\u00c7\u00c3O \u2013 SUPER PROMO\u00c7\u00c3O DO M\u00caS!!!<br \/>\n\ud83d\udcb8- TROVADOR COM NEVISQUEIROS<del> $90.000 &#8211;<\/del> *$63.000<br \/>\n\ud83d\udcc6 SA\u00cdDAS: SEGUNDA\/QUARTA E SEXTA-FEIRA das 9h \u00e0s 18h30<br \/>\n\ud83d\udcb0FORMA DE PAGAMENTO: SOMENTE EM DINHEIRO<br \/>\n\ud83d\udca1CONDI\u00c7\u00c3O: M\u00ednimo 2 passageiros<\/p>\n<p>Hor\u00e1rio:<br \/>\n09:00 a.m. a 18:30 p.m.<br \/>\nSa\u00eddas di\u00e1rias<br \/>\nDura\u00e7\u00e3o: Dia inteiro<\/p>\n<p>Uma das excurs\u00f5es mais impressionantes de Bariloche. Geleiras, florestas e mirantes em uma rota repleta de natureza e pura beleza.<\/p>\n<p>Itiner\u00e1rio e experi\u00eancia:<br \/>\nSa\u00edmos de Bariloche e percorremos 90 km ao longo dos lagos Guti\u00e9rrez e Mascardi. No final desse trecho, pegaremos uma estrada de cascalho at\u00e9 o majestoso Cerro Tronador.<\/p>\n<p>Ao longo do caminho, faremos paradas em:<br \/>\nPraia Preta<br \/>\n\ud83d\udccd Rio Manso<br \/>\nPonto de vista da Ilha do Cora\u00e7\u00e3o<\/p>\n<p>A viagem continua at\u00e9 Pampa Linda, onde teremos vistas inigual\u00e1veis do Cerro Tronador em sua totalidade.<\/p>\n<p>Quase no final, atravessando uma floresta de coihues e lengas, chegamos \u00e0s passarelas do incr\u00edvel Ventisquero Negro, uma geleira com apar\u00eancia \u00fanica devido \u00e0 sua cor escura, produto do arrastamento de sedimentos milenares. \u2744\ufe0f\ud83c\udf3f<\/p>\n<p>\u2705 Inclui:<br \/>\n\u2714\ufe0f Transfer\u00eancia de retorno<br \/>\n\u2714\ufe0f Guia profissional em ingl\u00eas durante todo o passeio.<\/p>\n<p>N\u00e3o inclu\u00eddo:<br \/>\n\ud83c\udf7d\ufe0f Almo\u00e7o<br \/>\nTaxa de entrada no Parque Nacional Nahuel Huapi (paga somente em dinheiro)<\/p>\n<p>\u25aa\ufe0f Taxas de inscri\u00e7\u00e3o:<br \/>\nEstrangeiros: $20.000<br \/>\n\ud83e\uddcd\u200d\u2642\ufe0f Residentes argentinos: $7.000<\/p>\n<p>\ud83d\udc68\u200d\ud83d\udc69\u200d\ud83d\udc67\u200d\ud83d\udc66 Ideal para:<br \/>\nViajantes em busca de paisagens de tirar o f\u00f4lego, aventura na natureza e um dia fora do comum.<\/p>","protected":false},"excerpt":{"rendered":"Conhe\u00e7a a montanha mais alta de Bariloche e a \u00fanica que o surpreende com neve o ano todo.","protected":false},"featured_media":16509,"template":"","meta":{"_acf_changed":false},"product_brand":[],"product_cat":[226],"product_tag":[],"class_list":{"0":"post-16408","1":"product","2":"type-product","3":"status-publish","4":"has-post-thumbnail","6":"product_format-product-format-tour","7":"product_cat-excursiones-terrestres","9":"first","10":"instock","11":"sale","12":"shipping-taxable","13":"product-type-external"},"acf":[],"_links":{"self":[{"href":"https:\/\/barilocheexperience.com.ar\/pt\/wp-json\/wp\/v2\/product\/16408","targetHints":{"allow":["GET"]}}],"collection":[{"href":"https:\/\/barilocheexperience.com.ar\/pt\/wp-json\/wp\/v2\/product"}],"about":[{"href":"https:\/\/barilocheexperience.com.ar\/pt\/wp-json\/wp\/v2\/types\/product"}],"version-history":[{"count":5,"href":"https:\/\/barilocheexperience.com.ar\/pt\/wp-json\/wp\/v2\/product\/16408\/revisions"}],"predecessor-version":[{"id":16514,"href":"https:\/\/barilocheexperience.com.ar\/pt\/wp-json\/wp\/v2\/product\/16408\/revisions\/16514"}],"wp:featuredmedia":[{"embeddable":true,"href":"https:\/\/barilocheexperience.com.ar\/pt\/wp-json\/wp\/v2\/media\/16509"}],"wp:attachment":[{"href":"https:\/\/barilocheexperience.com.ar\/pt\/wp-json\/wp\/v2\/media?parent=16408"}],"wp:term":[{"taxonomy":"product_brand","embeddable":true,"href":"https:\/\/barilocheexperience.com.ar\/pt\/wp-json\/wp\/v2\/product_brand?post=16408"},{"taxonomy":"product_cat","embeddable":true,"href":"https:\/\/barilocheexperience.com.ar\/pt\/wp-json\/wp\/v2\/product_cat?post=16408"},{"taxonomy":"product_tag","embeddable":true,"href":"https:\/\/barilocheexperience.com.ar\/pt\/wp-json\/wp\/v2\/product_tag?post=16408"}],"curies":[{"name":"wp","href":"https:\/\/api.w.org\/{rel}","templated":true}]}}