{"id":16429,"date":"2026-04-07T17:17:46","date_gmt":"2026-04-07T20:17:46","guid":{"rendered":"https:\/\/barilocheexperience.com.ar\/?post_type=product&#038;p=16429"},"modified":"2026-04-10T12:50:00","modified_gmt":"2026-04-10T15:50:00","slug":"huella-del-tiempo","status":"publish","type":"product","link":"https:\/\/barilocheexperience.com.ar\/pt\/experiencia\/huella-del-tiempo\/","title":{"rendered":"Experi\u00eancia de Quadriciclo na Estepe \u2013 Rastro do Tempo"},"content":{"rendered":"<p>Experi\u00eancia de Quadriciclo na Estepe \u2013 Rastro do Tempo<br \/>\nHuella del Tiempo<br \/>\nARS 250.000,00<br \/>\n\ud83d\udcc5 Sa\u00eddas: di\u00e1rias<br \/>\n\u23f0 Hor\u00e1rio: 09:00 \u00e0s 13h \/ 14h \u00e0s 18h<br \/>\n\u231b Dura\u00e7\u00e3o: Meio dia pela manh\u00e3\/tarde<\/p>\n<p>Itiner\u00e1rio e experi\u00eancia:<\/p>\n<p>Nova atividade de aventura de baixa dificuldade. A excurs\u00e3o come\u00e7a com a busca em hot\u00e9is para depois nos dirigirmos a Dina Huapi para pegar a rota 23 at\u00e9 Pichi Leufu (1 hora de Bariloche). A viagem \u00e9 realizada acompanhada por um guia e coordenador que os apresentar\u00e1 \u00e0 hist\u00f3ria e geografia da regi\u00e3o.<\/p>\n<p>\ud83c\udfcd\ufe0f Chegamos ao campo no meio da estepe, onde nos estar\u00e3o esperando com os quadriciclos.<br \/>\nTeremos uma palestra informativa e de seguran\u00e7a. Colocaremos os capacetes e luvas e embarcaremos em nossa aventura. Seguiremos nosso guia por 1h30, por um circuito onde atravessaremos o rio Pichi Leufu fazendo diferentes paradas para tirar fotos. \ud83e\udd50Chegaremos a uma cabana onde desfrutaremos de um caf\u00e9 da manh\u00e3\/lanche completo \u00e0 beira do rio.\ud83e\uded6<br \/>\nFicaremos aproximadamente 1 hora, para depois voltarmos a pegar os quadriciclos e dirigi-los por cerca de 15 minutos para retornar ao ponto de partida, onde nos espera o transporte para voltar a Bariloche. .<\/p>\n<p>\u2705 Inclui:<br \/>\n\u2714\ufe0f Traslado de ida e volta para o campo<br \/>\n\u2714\ufe0f Guia em espanhol durante todo o percurso<br \/>\n\u2714\ufe0f Palestra t\u00e9cnica de seguran\u00e7a + capacete<br \/>\n\u2714\ufe0f Seguro de Responsabilidade Civil e Acidentes Pessoais<br \/>\n\u2714\ufe0f 1h30 de passeio em quadriciclos duplos, nos quais \u00e9 poss\u00edvel alternar a condu\u00e7\u00e3o<br \/>\n\u2714\ufe0f Paradas no percurso para tirar fotos<br \/>\n\u2714\ufe0f Caf\u00e9 da manh\u00e3 ou lanche de acordo com o hor\u00e1rio escolhido<\/p>\n<p>N\u00e3o inclu\u00eddo:<br \/>\n\ud83c\udf77\ud83c\udf7a Bebidas frias com \u00e1lcool<\/p>\n<p>\u25aa\ufe0f Tarifas gerais<br \/>\n\ud83d\udc64 Adultos e menores a partir de 6 anos: $250.000 por pessoa<\/p>","protected":false},"excerpt":{"rendered":"HUELLA DEL TIEMPO","protected":false},"featured_media":16436,"template":"","meta":{"_acf_changed":false},"product_brand":[],"product_cat":[227],"product_tag":[],"class_list":{"0":"post-16429","1":"product","2":"type-product","3":"status-publish","4":"has-post-thumbnail","6":"product_format-product-format-tour","7":"product_cat-excursiones-aventura","9":"first","10":"instock","11":"shipping-taxable","12":"product-type-external"},"acf":[],"_links":{"self":[{"href":"https:\/\/barilocheexperience.com.ar\/pt\/wp-json\/wp\/v2\/product\/16429","targetHints":{"allow":["GET"]}}],"collection":[{"href":"https:\/\/barilocheexperience.com.ar\/pt\/wp-json\/wp\/v2\/product"}],"about":[{"href":"https:\/\/barilocheexperience.com.ar\/pt\/wp-json\/wp\/v2\/types\/product"}],"version-history":[{"count":3,"href":"https:\/\/barilocheexperience.com.ar\/pt\/wp-json\/wp\/v2\/product\/16429\/revisions"}],"predecessor-version":[{"id":16450,"href":"https:\/\/barilocheexperience.com.ar\/pt\/wp-json\/wp\/v2\/product\/16429\/revisions\/16450"}],"wp:featuredmedia":[{"embeddable":true,"href":"https:\/\/barilocheexperience.com.ar\/pt\/wp-json\/wp\/v2\/media\/16436"}],"wp:attachment":[{"href":"https:\/\/barilocheexperience.com.ar\/pt\/wp-json\/wp\/v2\/media?parent=16429"}],"wp:term":[{"taxonomy":"product_brand","embeddable":true,"href":"https:\/\/barilocheexperience.com.ar\/pt\/wp-json\/wp\/v2\/product_brand?post=16429"},{"taxonomy":"product_cat","embeddable":true,"href":"https:\/\/barilocheexperience.com.ar\/pt\/wp-json\/wp\/v2\/product_cat?post=16429"},{"taxonomy":"product_tag","embeddable":true,"href":"https:\/\/barilocheexperience.com.ar\/pt\/wp-json\/wp\/v2\/product_tag?post=16429"}],"curies":[{"name":"wp","href":"https:\/\/api.w.org\/{rel}","templated":true}]}}