{"id":16442,"date":"2026-04-07T18:24:44","date_gmt":"2026-04-07T21:24:44","guid":{"rendered":"https:\/\/barilocheexperience.com.ar\/?post_type=product&#038;p=16442"},"modified":"2026-04-14T12:10:24","modified_gmt":"2026-04-14T15:10:24","slug":"exploracion-brazo-tristeza","status":"publish","type":"product","link":"https:\/\/barilocheexperience.com.ar\/pt\/experiencia\/exploracion-brazo-tristeza\/","title":{"rendered":"Explora\u00e7\u00e3o Bra\u00e7o Tristeza"},"content":{"rendered":"<p data-start=\"46\" data-end=\"201\">09:00 a 15:00<br data-start=\"62\" data-end=\"65\" \/>Navega\u00e7\u00e3o lacustre at\u00e9 o Brazo Tristeza, aventurando-nos na floresta, realizando a caminhada at\u00e9 a cachoeira do Riacho Frey. Imperd\u00edvel!<\/p>\n<p data-start=\"203\" data-end=\"216\"><strong data-start=\"203\" data-end=\"214\">Incluir<\/strong><\/p>\n<ul data-start=\"217\" data-end=\"477\">\n<li data-section-id=\"17pjm23\" data-start=\"217\" data-end=\"276\">Navega\u00e7\u00e3o pelo Bra\u00e7o Tristeza do Lago Nahuel Huapi.<\/li>\n<li data-section-id=\"1b56hln\" data-start=\"277\" data-end=\"357\">Caminhada por trilha at\u00e9 a grande Cachoeira do Arroyo Frey. Dificuldade: baixa<\/li>\n<li data-section-id=\"ivvrnq\" data-start=\"358\" data-end=\"376\">Guia bil\u00edngue.<\/li>\n<li data-section-id=\"u1966o\" data-start=\"377\" data-end=\"430\">Bem-vindos a bordo com Caf\u00e9\/Ch\u00e1 e bolos caseiros<\/li>\n<li data-section-id=\"20ddut\" data-start=\"431\" data-end=\"477\">Bebidas n\u00e3o alco\u00f3licas na viagem de volta<\/li>\n<\/ul>\n<p data-start=\"479\" data-end=\"666\"><strong data-start=\"479\" data-end=\"494\">N\u00e3o inclu\u00eddo:<\/strong><br data-start=\"494\" data-end=\"497\" \/>Transfer para Puerto Pa\u00f1uelo<br data-start=\"522\" data-end=\"525\" \/>Taxas de Embarque: $5.500 por passageiro<br data-start=\"563\" data-end=\"566\" \/>\ud83c\udf3f ENTRADA NO PARQUE NACIONAL \ud83c\udf3f<br data-start=\"598\" data-end=\"601\" \/>Estrangeiros: $20.000<br data-start=\"621\" data-end=\"624\" \/>Moradores nacionais argentinos: $7.000<\/p>\n<p data-start=\"668\" data-end=\"767\">Menores (6 a 12 anos) pagam 50%<br data-start=\"700\" data-end=\"703\" \/>Crian\u00e7as (0 a 5 anos) n\u00e3o pagam<br data-start=\"734\" data-end=\"737\" \/>Jubilados: 30% de descuento*<\/p>\n<p data-start=\"769\" data-end=\"846\" data-is-last-node=\"\" data-is-only-node=\"\">Almo\u00e7o: os passageiros podem comprar pizza de mu\u00e7arela e cerveja a bordo.<\/p>","protected":false},"excerpt":{"rendered":"Navega\u00e7\u00e3o lacustre at\u00e9 o Brazo Tristeza, aventurando-nos na floresta, realizando a caminhada at\u00e9 a cachoeira do Riacho Frey. Imperd\u00edvel!","protected":false},"featured_media":16443,"template":"","meta":{"_acf_changed":false},"product_brand":[],"product_cat":[225],"product_tag":[],"class_list":{"0":"post-16442","1":"product","2":"type-product","3":"status-publish","4":"has-post-thumbnail","6":"product_format-product-format-tour","7":"product_cat-excursiones-lacustres","9":"first","10":"instock","11":"shipping-taxable","12":"product-type-external"},"acf":[],"_links":{"self":[{"href":"https:\/\/barilocheexperience.com.ar\/pt\/wp-json\/wp\/v2\/product\/16442","targetHints":{"allow":["GET"]}}],"collection":[{"href":"https:\/\/barilocheexperience.com.ar\/pt\/wp-json\/wp\/v2\/product"}],"about":[{"href":"https:\/\/barilocheexperience.com.ar\/pt\/wp-json\/wp\/v2\/types\/product"}],"version-history":[{"count":3,"href":"https:\/\/barilocheexperience.com.ar\/pt\/wp-json\/wp\/v2\/product\/16442\/revisions"}],"predecessor-version":[{"id":16449,"href":"https:\/\/barilocheexperience.com.ar\/pt\/wp-json\/wp\/v2\/product\/16442\/revisions\/16449"}],"wp:featuredmedia":[{"embeddable":true,"href":"https:\/\/barilocheexperience.com.ar\/pt\/wp-json\/wp\/v2\/media\/16443"}],"wp:attachment":[{"href":"https:\/\/barilocheexperience.com.ar\/pt\/wp-json\/wp\/v2\/media?parent=16442"}],"wp:term":[{"taxonomy":"product_brand","embeddable":true,"href":"https:\/\/barilocheexperience.com.ar\/pt\/wp-json\/wp\/v2\/product_brand?post=16442"},{"taxonomy":"product_cat","embeddable":true,"href":"https:\/\/barilocheexperience.com.ar\/pt\/wp-json\/wp\/v2\/product_cat?post=16442"},{"taxonomy":"product_tag","embeddable":true,"href":"https:\/\/barilocheexperience.com.ar\/pt\/wp-json\/wp\/v2\/product_tag?post=16442"}],"curies":[{"name":"wp","href":"https:\/\/api.w.org\/{rel}","templated":true}]}}